{"id":9320,"date":"2023-03-02T21:22:31","date_gmt":"2023-03-02T20:22:31","guid":{"rendered":"https:\/\/chemax.indrop.dev\/?page_id=9320"},"modified":"2025-05-05T15:23:39","modified_gmt":"2025-05-05T13:23:39","slug":"dostawa-i-platnosc","status":"publish","type":"page","link":"https:\/\/chemax.eu\/en\/dostawa-i-platnosc\/","title":{"rendered":"Delivery and payment"},"content":{"rendered":"<div data-elementor-type=\"wp-page\" data-elementor-id=\"9320\" class=\"elementor elementor-9320\">\n\t\t\t\t\t\t<section class=\"elementor-section elementor-top-section elementor-element elementor-element-326a15f elementor-section-boxed elementor-section-height-default elementor-section-height-default wd-section-disabled\" data-id=\"326a15f\" data-element_type=\"section\" data-e-type=\"section\">\n\t\t\t\t\t\t<div class=\"elementor-container elementor-column-gap-default\">\n\t\t\t\t\t<div class=\"elementor-column elementor-col-50 elementor-top-column elementor-element elementor-element-0c14e33\" data-id=\"0c14e33\" data-element_type=\"column\" data-e-type=\"column\">\n\t\t\t<div class=\"elementor-widget-wrap elementor-element-populated\">\n\t\t\t\t\t\t<div class=\"elementor-element elementor-element-dc08341 elementor-widget elementor-widget-wd_text_block\" data-id=\"dc08341\" data-element_type=\"widget\" data-e-type=\"widget\" data-widget_type=\"wd_text_block.default\">\n\t\t\t\t<div class=\"elementor-widget-container\">\n\t\t\t\t\t\t\t<div class=\"wd-text-block reset-last-child text-left\">\n\t\t\t\n\t\t\t<h1>Delivery time<\/h1><p>Twoje zam\u00f3wienie z\u0142o\u017cone poprzez stron\u0119 internetow\u0105 zostanie nadane w ci\u0105gu 1-2 dni roboczych.<\/p><h1>Delivery options<\/h1><h1><img decoding=\"async\" class=\"alignnone wp-image-9607 size-thumbnail\" style=\"color: #333333; font-size: 16px;\" role=\"img\" src=\"https:\/\/chemax.eu\/wp-content\/uploads\/2023\/03\/fedex_logo.svg\" alt=\"Fedex logo\" width=\"150\" height=\"150\" \/><img decoding=\"async\" class=\"alignnone wp-image-9608 size-full\" src=\"https:\/\/chemax.eu\/wp-content\/uploads\/2023\/03\/pocztex_logo.png\" alt=\"Pocztex logo\" width=\"230\" height=\"62\" srcset=\"https:\/\/chemax.eu\/wp-content\/uploads\/2023\/03\/pocztex_logo.png 230w, https:\/\/chemax.eu\/wp-content\/uploads\/2023\/03\/pocztex_logo-150x40.png 150w\" sizes=\"(max-width: 230px) 100vw, 230px\" \/><\/h1><ul><li>Kurier Fedex<\/li><li>Kurier Pocztex<\/li><li>Dostawa na palecie<\/li><li>Personal collection<\/li><\/ul>\n\t\t\t\t\t<\/div>\n\t\t\t\t\t\t<\/div>\n\t\t\t\t<\/div>\n\t\t\t\t\t<\/div>\n\t\t<\/div>\n\t\t\t\t<div class=\"elementor-column elementor-col-50 elementor-top-column elementor-element elementor-element-772368a\" data-id=\"772368a\" data-element_type=\"column\" data-e-type=\"column\">\n\t\t\t<div class=\"elementor-widget-wrap elementor-element-populated\">\n\t\t\t\t\t\t<div class=\"elementor-element elementor-element-9c8298d elementor-widget elementor-widget-wd_text_block\" data-id=\"9c8298d\" data-element_type=\"widget\" data-e-type=\"widget\" data-widget_type=\"wd_text_block.default\">\n\t\t\t\t<div class=\"elementor-widget-container\">\n\t\t\t\t\t\t\t<div class=\"wd-text-block reset-last-child text-left\">\n\t\t\t\n\t\t\t<h1>Forms of payment<\/h1><p>Payments in the online store are made through CashBill<\/p><ul><li>Payment cards<\/li><\/ul><p><img fetchpriority=\"high\" decoding=\"async\" class=\"alignnone wp-image-9618 size-medium\" src=\"https:\/\/chemax.eu\/wp-content\/uploads\/2023\/03\/1_visa-400x160.png\" alt=\"\" width=\"400\" height=\"160\" srcset=\"https:\/\/chemax.eu\/wp-content\/uploads\/2023\/03\/1_visa-400x160.png 400w, https:\/\/chemax.eu\/wp-content\/uploads\/2023\/03\/1_visa-430x172.png 430w, https:\/\/chemax.eu\/wp-content\/uploads\/2023\/03\/1_visa-150x60.png 150w, https:\/\/chemax.eu\/wp-content\/uploads\/2023\/03\/1_visa.png 600w\" sizes=\"(max-width: 400px) 100vw, 400px\" \/><img loading=\"lazy\" decoding=\"async\" class=\"alignnone wp-image-9617 size-medium\" src=\"https:\/\/chemax.eu\/wp-content\/uploads\/2023\/03\/2_master_card-400x160.png\" alt=\"\" width=\"400\" height=\"160\" srcset=\"https:\/\/chemax.eu\/wp-content\/uploads\/2023\/03\/2_master_card-400x160.png 400w, https:\/\/chemax.eu\/wp-content\/uploads\/2023\/03\/2_master_card-430x172.png 430w, https:\/\/chemax.eu\/wp-content\/uploads\/2023\/03\/2_master_card-150x60.png 150w, https:\/\/chemax.eu\/wp-content\/uploads\/2023\/03\/2_master_card.png 600w\" sizes=\"(max-width: 400px) 100vw, 400px\" \/><\/p><ul><li>BLIK<\/li><\/ul><p><img loading=\"lazy\" decoding=\"async\" class=\"alignnone wp-image-9628 size-medium\" src=\"https:\/\/chemax.eu\/wp-content\/uploads\/2023\/03\/3_blik-400x160.png\" alt=\"\" width=\"400\" height=\"160\" srcset=\"https:\/\/chemax.eu\/wp-content\/uploads\/2023\/03\/3_blik-400x160.png 400w, https:\/\/chemax.eu\/wp-content\/uploads\/2023\/03\/3_blik-430x172.png 430w, https:\/\/chemax.eu\/wp-content\/uploads\/2023\/03\/3_blik-150x60.png 150w, https:\/\/chemax.eu\/wp-content\/uploads\/2023\/03\/3_blik.png 600w\" sizes=\"(max-width: 400px) 100vw, 400px\" \/><\/p><ul><li>Online payment<\/li><\/ul><p><img loading=\"lazy\" decoding=\"async\" class=\"alignnone wp-image-9630 size-medium\" src=\"https:\/\/chemax.eu\/wp-content\/uploads\/2023\/03\/4_pko_bank_polski-400x160.png\" alt=\"\" width=\"400\" height=\"160\" srcset=\"https:\/\/chemax.eu\/wp-content\/uploads\/2023\/03\/4_pko_bank_polski-400x160.png 400w, https:\/\/chemax.eu\/wp-content\/uploads\/2023\/03\/4_pko_bank_polski-430x172.png 430w, https:\/\/chemax.eu\/wp-content\/uploads\/2023\/03\/4_pko_bank_polski-150x60.png 150w, https:\/\/chemax.eu\/wp-content\/uploads\/2023\/03\/4_pko_bank_polski.png 600w\" sizes=\"(max-width: 400px) 100vw, 400px\" \/><img loading=\"lazy\" decoding=\"async\" class=\"alignnone wp-image-9631 size-medium\" src=\"https:\/\/chemax.eu\/wp-content\/uploads\/2023\/03\/5_bank_pekao-400x160.png\" alt=\"Bank Pekao\" width=\"400\" height=\"160\" srcset=\"https:\/\/chemax.eu\/wp-content\/uploads\/2023\/03\/5_bank_pekao-400x160.png 400w, https:\/\/chemax.eu\/wp-content\/uploads\/2023\/03\/5_bank_pekao-430x172.png 430w, https:\/\/chemax.eu\/wp-content\/uploads\/2023\/03\/5_bank_pekao-150x60.png 150w, https:\/\/chemax.eu\/wp-content\/uploads\/2023\/03\/5_bank_pekao.png 600w\" sizes=\"(max-width: 400px) 100vw, 400px\" \/><img loading=\"lazy\" decoding=\"async\" class=\"alignnone wp-image-9632 size-medium\" src=\"https:\/\/chemax.eu\/wp-content\/uploads\/2023\/03\/6_santander-400x160.png\" alt=\"Logo Santander\" width=\"400\" height=\"160\" srcset=\"https:\/\/chemax.eu\/wp-content\/uploads\/2023\/03\/6_santander-400x160.png 400w, https:\/\/chemax.eu\/wp-content\/uploads\/2023\/03\/6_santander-430x172.png 430w, https:\/\/chemax.eu\/wp-content\/uploads\/2023\/03\/6_santander-150x60.png 150w, https:\/\/chemax.eu\/wp-content\/uploads\/2023\/03\/6_santander.png 600w\" sizes=\"(max-width: 400px) 100vw, 400px\" \/><img loading=\"lazy\" decoding=\"async\" class=\"alignnone wp-image-9633 size-medium\" src=\"https:\/\/chemax.eu\/wp-content\/uploads\/2023\/03\/7_ing-400x160.png\" alt=\"Logo ING\" width=\"400\" height=\"160\" srcset=\"https:\/\/chemax.eu\/wp-content\/uploads\/2023\/03\/7_ing-400x160.png 400w, https:\/\/chemax.eu\/wp-content\/uploads\/2023\/03\/7_ing-430x172.png 430w, https:\/\/chemax.eu\/wp-content\/uploads\/2023\/03\/7_ing-150x60.png 150w, https:\/\/chemax.eu\/wp-content\/uploads\/2023\/03\/7_ing.png 600w\" sizes=\"(max-width: 400px) 100vw, 400px\" \/><img loading=\"lazy\" decoding=\"async\" class=\"alignnone wp-image-9629 size-medium\" src=\"https:\/\/chemax.eu\/wp-content\/uploads\/2023\/03\/8_mbank-400x160.png\" alt=\"Logo mBank\" width=\"400\" height=\"160\" srcset=\"https:\/\/chemax.eu\/wp-content\/uploads\/2023\/03\/8_mbank-400x160.png 400w, https:\/\/chemax.eu\/wp-content\/uploads\/2023\/03\/8_mbank-430x172.png 430w, https:\/\/chemax.eu\/wp-content\/uploads\/2023\/03\/8_mbank-150x60.png 150w, https:\/\/chemax.eu\/wp-content\/uploads\/2023\/03\/8_mbank.png 600w\" sizes=\"(max-width: 400px) 100vw, 400px\" \/><img loading=\"lazy\" decoding=\"async\" class=\"alignnone wp-image-9634 size-medium\" src=\"https:\/\/chemax.eu\/wp-content\/uploads\/2023\/03\/9_blankiet_wplat-400x160.png\" alt=\"Przekaz pocztowy - blankiet wp\u0142at\" width=\"400\" height=\"160\" srcset=\"https:\/\/chemax.eu\/wp-content\/uploads\/2023\/03\/9_blankiet_wplat-400x160.png 400w, https:\/\/chemax.eu\/wp-content\/uploads\/2023\/03\/9_blankiet_wplat-430x172.png 430w, https:\/\/chemax.eu\/wp-content\/uploads\/2023\/03\/9_blankiet_wplat-150x60.png 150w, https:\/\/chemax.eu\/wp-content\/uploads\/2023\/03\/9_blankiet_wplat.png 600w\" sizes=\"(max-width: 400px) 100vw, 400px\" \/><\/p>\n\t\t\t\t\t<\/div>\n\t\t\t\t\t\t<\/div>\n\t\t\t\t<\/div>\n\t\t\t\t\t<\/div>\n\t\t<\/div>\n\t\t\t\t\t<\/div>\n\t\t<\/section>\n\t\t\t\t<\/div>","protected":false},"excerpt":{"rendered":"<p>Czas dostawy Twoje zam\u00f3wienie z\u0142o\u017cone poprzez stron\u0119 internetow\u0105 zostanie nadane w ci\u0105gu 1-2 dni roboczych. Opcje dostawy Kurier Fedex Kurier<\/p>","protected":false},"author":1,"featured_media":0,"parent":0,"menu_order":0,"comment_status":"closed","ping_status":"closed","template":"","meta":{"two_page_speed":[],"footnotes":""},"class_list":["post-9320","page","type-page","status-publish","hentry"],"yoast_head":"<!-- This site is optimized with the Yoast SEO plugin v27.5 - https:\/\/yoast.com\/product\/yoast-seo-wordpress\/ -->\n<title>Chemax - Dostawa i p\u0142atno\u015b\u0107<\/title>\n<meta name=\"robots\" content=\"noindex, follow\" \/>\n<meta property=\"og:locale\" content=\"en_US\" \/>\n<meta property=\"og:type\" content=\"article\" \/>\n<meta property=\"og:title\" content=\"Chemax - Dostawa i p\u0142atno\u015b\u0107\" \/>\n<meta property=\"og:description\" content=\"Czas dostawy Twoje zam\u00f3wienie z\u0142o\u017cone poprzez stron\u0119 internetow\u0105 zostanie nadane w ci\u0105gu 1-2 dni roboczych. Opcje dostawy Kurier Fedex Kurier\" \/>\n<meta property=\"og:url\" content=\"https:\/\/chemax.eu\/en\/dostawa-i-platnosc\/\" \/>\n<meta property=\"og:site_name\" content=\"Chemax\" \/>\n<meta property=\"article:modified_time\" content=\"2025-05-05T13:23:39+00:00\" \/>\n<meta name=\"twitter:card\" content=\"summary_large_image\" \/>\n<meta name=\"twitter:label1\" content=\"Est. reading time\" \/>\n\t<meta name=\"twitter:data1\" content=\"3 minutes\" \/>\n<script type=\"application\/ld+json\" class=\"yoast-schema-graph\">{\"@context\":\"https:\\\/\\\/schema.org\",\"@graph\":[{\"@type\":\"WebPage\",\"@id\":\"https:\\\/\\\/chemax.eu\\\/dostawa-i-platnosc\\\/\",\"url\":\"https:\\\/\\\/chemax.eu\\\/dostawa-i-platnosc\\\/\",\"name\":\"Chemax - Dostawa i p\u0142atno\u015b\u0107\",\"isPartOf\":{\"@id\":\"https:\\\/\\\/chemax.eu\\\/#website\"},\"primaryImageOfPage\":{\"@id\":\"https:\\\/\\\/chemax.eu\\\/dostawa-i-platnosc\\\/#primaryimage\"},\"image\":{\"@id\":\"https:\\\/\\\/chemax.eu\\\/dostawa-i-platnosc\\\/#primaryimage\"},\"thumbnailUrl\":\"https:\\\/\\\/chemax.eu\\\/wp-content\\\/uploads\\\/2023\\\/03\\\/fedex_logo.svg\",\"datePublished\":\"2023-03-02T20:22:31+00:00\",\"dateModified\":\"2025-05-05T13:23:39+00:00\",\"breadcrumb\":{\"@id\":\"https:\\\/\\\/chemax.eu\\\/dostawa-i-platnosc\\\/#breadcrumb\"},\"inLanguage\":\"en-US\",\"potentialAction\":[{\"@type\":\"ReadAction\",\"target\":[\"https:\\\/\\\/chemax.eu\\\/dostawa-i-platnosc\\\/\"]}]},{\"@type\":\"ImageObject\",\"inLanguage\":\"en-US\",\"@id\":\"https:\\\/\\\/chemax.eu\\\/dostawa-i-platnosc\\\/#primaryimage\",\"url\":\"https:\\\/\\\/chemax.eu\\\/wp-content\\\/uploads\\\/2023\\\/03\\\/fedex_logo.svg\",\"contentUrl\":\"https:\\\/\\\/chemax.eu\\\/wp-content\\\/uploads\\\/2023\\\/03\\\/fedex_logo.svg\"},{\"@type\":\"BreadcrumbList\",\"@id\":\"https:\\\/\\\/chemax.eu\\\/dostawa-i-platnosc\\\/#breadcrumb\",\"itemListElement\":[{\"@type\":\"ListItem\",\"position\":1,\"name\":\"Strona g\u0142\u00f3wna\",\"item\":\"https:\\\/\\\/chemax.eu\\\/\"},{\"@type\":\"ListItem\",\"position\":2,\"name\":\"Dostawa i p\u0142atno\u015b\u0107\"}]},{\"@type\":\"WebSite\",\"@id\":\"https:\\\/\\\/chemax.eu\\\/#website\",\"url\":\"https:\\\/\\\/chemax.eu\\\/\",\"name\":\"Chemax\",\"description\":\"Oleje, surowce chemiczne i adiuwanty\",\"publisher\":{\"@id\":\"https:\\\/\\\/chemax.eu\\\/#organization\"},\"potentialAction\":[{\"@type\":\"SearchAction\",\"target\":{\"@type\":\"EntryPoint\",\"urlTemplate\":\"https:\\\/\\\/chemax.eu\\\/?s={search_term_string}\"},\"query-input\":{\"@type\":\"PropertyValueSpecification\",\"valueRequired\":true,\"valueName\":\"search_term_string\"}}],\"inLanguage\":\"en-US\"},{\"@type\":\"Organization\",\"@id\":\"https:\\\/\\\/chemax.eu\\\/#organization\",\"name\":\"Chemax Sp. z o.o. Sp.k.\",\"url\":\"https:\\\/\\\/chemax.eu\\\/\",\"logo\":{\"@type\":\"ImageObject\",\"inLanguage\":\"en-US\",\"@id\":\"https:\\\/\\\/chemax.eu\\\/#\\\/schema\\\/logo\\\/image\\\/\",\"url\":\"\",\"contentUrl\":\"\",\"caption\":\"Chemax Sp. z o.o. Sp.k.\"},\"image\":{\"@id\":\"https:\\\/\\\/chemax.eu\\\/#\\\/schema\\\/logo\\\/image\\\/\"}}]}<\/script>\n<!-- \/ Yoast SEO plugin. -->","yoast_head_json":{"title":"Chemax - Dostawa i p\u0142atno\u015b\u0107","robots":{"index":"noindex","follow":"follow"},"og_locale":"en_US","og_type":"article","og_title":"Chemax - Dostawa i p\u0142atno\u015b\u0107","og_description":"Czas dostawy Twoje zam\u00f3wienie z\u0142o\u017cone poprzez stron\u0119 internetow\u0105 zostanie nadane w ci\u0105gu 1-2 dni roboczych. Opcje dostawy Kurier Fedex Kurier","og_url":"https:\/\/chemax.eu\/en\/dostawa-i-platnosc\/","og_site_name":"Chemax","article_modified_time":"2025-05-05T13:23:39+00:00","twitter_card":"summary_large_image","twitter_misc":{"Est. reading time":"3 minutes"},"schema":{"@context":"https:\/\/schema.org","@graph":[{"@type":"WebPage","@id":"https:\/\/chemax.eu\/dostawa-i-platnosc\/","url":"https:\/\/chemax.eu\/dostawa-i-platnosc\/","name":"Chemax - Dostawa i p\u0142atno\u015b\u0107","isPartOf":{"@id":"https:\/\/chemax.eu\/#website"},"primaryImageOfPage":{"@id":"https:\/\/chemax.eu\/dostawa-i-platnosc\/#primaryimage"},"image":{"@id":"https:\/\/chemax.eu\/dostawa-i-platnosc\/#primaryimage"},"thumbnailUrl":"https:\/\/chemax.eu\/wp-content\/uploads\/2023\/03\/fedex_logo.svg","datePublished":"2023-03-02T20:22:31+00:00","dateModified":"2025-05-05T13:23:39+00:00","breadcrumb":{"@id":"https:\/\/chemax.eu\/dostawa-i-platnosc\/#breadcrumb"},"inLanguage":"en-US","potentialAction":[{"@type":"ReadAction","target":["https:\/\/chemax.eu\/dostawa-i-platnosc\/"]}]},{"@type":"ImageObject","inLanguage":"en-US","@id":"https:\/\/chemax.eu\/dostawa-i-platnosc\/#primaryimage","url":"https:\/\/chemax.eu\/wp-content\/uploads\/2023\/03\/fedex_logo.svg","contentUrl":"https:\/\/chemax.eu\/wp-content\/uploads\/2023\/03\/fedex_logo.svg"},{"@type":"BreadcrumbList","@id":"https:\/\/chemax.eu\/dostawa-i-platnosc\/#breadcrumb","itemListElement":[{"@type":"ListItem","position":1,"name":"Strona g\u0142\u00f3wna","item":"https:\/\/chemax.eu\/"},{"@type":"ListItem","position":2,"name":"Dostawa i p\u0142atno\u015b\u0107"}]},{"@type":"WebSite","@id":"https:\/\/chemax.eu\/#website","url":"https:\/\/chemax.eu\/","name":"Chemax","description":"Oleje, surowce chemiczne i adiuwanty","publisher":{"@id":"https:\/\/chemax.eu\/#organization"},"potentialAction":[{"@type":"SearchAction","target":{"@type":"EntryPoint","urlTemplate":"https:\/\/chemax.eu\/?s={search_term_string}"},"query-input":{"@type":"PropertyValueSpecification","valueRequired":true,"valueName":"search_term_string"}}],"inLanguage":"en-US"},{"@type":"Organization","@id":"https:\/\/chemax.eu\/#organization","name":"Chemax Sp. z o.o. Sp.k.","url":"https:\/\/chemax.eu\/","logo":{"@type":"ImageObject","inLanguage":"en-US","@id":"https:\/\/chemax.eu\/#\/schema\/logo\/image\/","url":"","contentUrl":"","caption":"Chemax Sp. z o.o. Sp.k."},"image":{"@id":"https:\/\/chemax.eu\/#\/schema\/logo\/image\/"}}]}},"_links":{"self":[{"href":"https:\/\/chemax.eu\/en\/wp-json\/wp\/v2\/pages\/9320","targetHints":{"allow":["GET"]}}],"collection":[{"href":"https:\/\/chemax.eu\/en\/wp-json\/wp\/v2\/pages"}],"about":[{"href":"https:\/\/chemax.eu\/en\/wp-json\/wp\/v2\/types\/page"}],"author":[{"embeddable":true,"href":"https:\/\/chemax.eu\/en\/wp-json\/wp\/v2\/users\/1"}],"replies":[{"embeddable":true,"href":"https:\/\/chemax.eu\/en\/wp-json\/wp\/v2\/comments?post=9320"}],"version-history":[{"count":52,"href":"https:\/\/chemax.eu\/en\/wp-json\/wp\/v2\/pages\/9320\/revisions"}],"predecessor-version":[{"id":11359,"href":"https:\/\/chemax.eu\/en\/wp-json\/wp\/v2\/pages\/9320\/revisions\/11359"}],"wp:attachment":[{"href":"https:\/\/chemax.eu\/en\/wp-json\/wp\/v2\/media?parent=9320"}],"curies":[{"name":"wp","href":"https:\/\/api.w.org\/{rel}","templated":true}]}}