{"id":9322,"date":"2023-03-02T21:22:47","date_gmt":"2023-03-02T20:22:47","guid":{"rendered":"https:\/\/chemax.indrop.dev\/?page_id=9322"},"modified":"2023-10-13T16:15:24","modified_gmt":"2023-10-13T14:15:24","slug":"zwroty","status":"publish","type":"page","link":"https:\/\/chemax.eu\/en\/zwroty\/","title":{"rendered":"Returns"},"content":{"rendered":"<div data-elementor-type=\"wp-page\" data-elementor-id=\"9322\" class=\"elementor elementor-9322\">\n\t\t\t\t\t\t<section class=\"elementor-section elementor-top-section elementor-element elementor-element-1754d77f elementor-section-boxed elementor-section-height-default elementor-section-height-default wd-section-disabled\" data-id=\"1754d77f\" data-element_type=\"section\" data-e-type=\"section\">\n\t\t\t\t\t\t<div class=\"elementor-container elementor-column-gap-default\">\n\t\t\t\t\t<div class=\"elementor-column elementor-col-100 elementor-top-column elementor-element elementor-element-3cc0d129\" data-id=\"3cc0d129\" data-element_type=\"column\" data-e-type=\"column\">\n\t\t\t<div class=\"elementor-widget-wrap elementor-element-populated\">\n\t\t\t\t\t\t<div class=\"elementor-element elementor-element-3d7fae38 color-scheme-inherit text-left elementor-widget elementor-widget-text-editor\" data-id=\"3d7fae38\" data-element_type=\"widget\" data-e-type=\"widget\" data-widget_type=\"text-editor.default\">\n\t\t\t\t<div class=\"elementor-widget-container\">\n\t\t\t\t\t\t\t\t\t<p><\/p>\n<h1 class=\"wp-block-heading\">Below are the rules of return:<\/h1>\n<table>\n<tbody>\n<tr>\n<td width=\"20%\"><b>Question<\/b><\/td>\n<td><strong><span style=\"font-style: normal; font-variant-ligatures: normal; font-variant-caps: normal; font-family: 'Open Sans', Arial, Helvetica, sans-serif; font-size: 15px;\">Answer<\/span><\/strong><\/td>\n<\/tr>\n<tr>\n<td width=\"20%\"><b>How to return?<\/b><\/td>\n<td><span style=\"font-family: 'Open Sans', Arial, Helvetica, sans-serif; font-size: 15px; font-style: normal; font-variant-ligatures: normal; font-variant-caps: normal; font-weight: 400;\">Inform us of your desire to make a return to the following address <br \/>e-mail: <\/span><a style=\"font-style: normal; font-variant-ligatures: normal; font-variant-caps: normal; font-family: 'Open Sans', Arial, Helvetica, sans-serif; font-size: 15px; font-weight: 400;\" href=\"mailto:retail@chemax.eu\">retail@chemax.eu<\/a>. Remember that the returned goods should be\u00a0<span style=\"font-style: normal; font-variant-ligatures: normal; font-variant-caps: normal; font-family: 'Open Sans', Arial, Helvetica, sans-serif; font-size: 15px; font-weight: 600;\">new<\/span><span style=\"font-family: 'Open Sans', Arial, Helvetica, sans-serif; font-size: 15px; font-style: normal; font-variant-ligatures: normal; font-variant-caps: normal; font-weight: 400;\">,\u00a0<\/span><span style=\"font-style: normal; font-variant-ligatures: normal; font-variant-caps: normal; font-family: 'Open Sans', Arial, Helvetica, sans-serif; font-size: 15px; font-weight: 600;\">unopened<\/span><span style=\"font-family: 'Open Sans', Arial, Helvetica, sans-serif; font-size: 15px; font-style: normal; font-variant-ligatures: normal; font-variant-caps: normal; font-weight: 400;\">\u00a0in the condition you received it from us.<\/span><\/td>\n<\/tr>\n<tr>\n<td width=\"20%\"><span style=\"font-style: normal; font-variant-ligatures: normal; font-variant-caps: normal; font-family: 'Open Sans', Arial, Helvetica, sans-serif; font-size: 15px;\"><b>Turnaround time<\/b><\/span><\/td>\n<td>14 days from the date of receipt of shipment<\/td>\n<\/tr>\n<tr>\n<td width=\"20%\"><span style=\"font-style: normal; font-variant-ligatures: normal; font-variant-caps: normal; font-family: 'Open Sans', Arial, Helvetica, sans-serif; font-size: 15px;\"><b>Where to return?<\/b><\/span><\/td>\n<td><span style=\"font-family: 'Open Sans', Arial, Helvetica, sans-serif; font-size: 15px; font-style: normal; font-variant-ligatures: normal; font-variant-caps: normal; font-weight: 400;\">Chemax Sp. z o.o. Sp. k. &#8211; mag<br \/>Nowe Szwejki 46<\/span><br \/><span style=\"font-family: 'Open Sans', Arial, Helvetica, sans-serif; font-size: 15px; font-style: normal; font-variant-ligatures: normal; font-variant-caps: normal; font-weight: 400;\">96-206 Sadkowice<br \/>tel. kontaktowy: +48 783 850 850<br \/><\/span><\/td>\n<\/tr>\n<tr>\n<td><b>Amount of reimbursement<\/b><\/td>\n<td><span style=\"font-family: 'Open Sans', Arial, Helvetica, sans-serif; font-size: 15px; font-style: normal; font-variant-ligatures: normal; font-variant-caps: normal; font-weight: 400;\">We will refund you the price of the returned goods with shipping costs equal to the cheapest delivery option available in the store.<\/span><\/td>\n<\/tr>\n<tr>\n<td width=\"20%\"><b>Form of return<\/b><\/td>\n<td><span style=\"font-family: 'Open Sans', Arial, Helvetica, sans-serif; font-size: 15px; font-style: normal; font-variant-ligatures: normal; font-variant-caps: normal; font-weight: 400;\">The refund will be made by the same route as the payment was made, unless otherwise agreed.<\/span><\/td>\n<\/tr>\n<\/tbody>\n<\/table>\n<p><\/p>\n<p><\/p>\n<p><\/p>\t\t\t\t\t\t\t\t<\/div>\n\t\t\t\t<\/div>\n\t\t\t\t\t<\/div>\n\t\t<\/div>\n\t\t\t\t\t<\/div>\n\t\t<\/section>\n\t\t\t\t<\/div>","protected":false},"excerpt":{"rendered":"<p>Poni\u017cej przedstawiamy zasady zwrotu: Pytanie Odpowied\u017a Jak zwr\u00f3ci\u0107? Poinformuj nas o ch\u0119ci dokonania zwrotu na adres e-mail: retail@chemax.eu. Pami\u0119taj, aby<\/p>","protected":false},"author":1,"featured_media":0,"parent":0,"menu_order":0,"comment_status":"closed","ping_status":"closed","template":"","meta":{"two_page_speed":[],"footnotes":""},"class_list":["post-9322","page","type-page","status-publish","hentry"],"yoast_head":"<!-- This site is optimized with the Yoast SEO plugin v27.5 - https:\/\/yoast.com\/product\/yoast-seo-wordpress\/ -->\n<title>Chemax - Zwroty<\/title>\n<meta name=\"description\" content=\"Dowiedz si\u0119 wi\u0119cej o zasadach zwrot\u00f3w produkt\u00f3w firmy Chemax. Procedura zwrotu u\u0142atwiaj\u0105ca uzyskanie szybkiego zwrotu nale\u017cno\u015bci.\" \/>\n<meta name=\"robots\" content=\"noindex, follow\" \/>\n<meta property=\"og:locale\" content=\"en_US\" \/>\n<meta property=\"og:type\" content=\"article\" \/>\n<meta property=\"og:title\" content=\"Chemax - Zwroty\" \/>\n<meta property=\"og:description\" content=\"Dowiedz si\u0119 wi\u0119cej o zasadach zwrot\u00f3w produkt\u00f3w firmy Chemax. Procedura zwrotu u\u0142atwiaj\u0105ca uzyskanie szybkiego zwrotu nale\u017cno\u015bci.\" \/>\n<meta property=\"og:url\" content=\"https:\/\/chemax.eu\/en\/zwroty\/\" \/>\n<meta property=\"og:site_name\" content=\"Chemax\" \/>\n<meta property=\"article:modified_time\" content=\"2023-10-13T14:15:24+00:00\" \/>\n<meta name=\"twitter:card\" content=\"summary_large_image\" \/>\n<meta name=\"twitter:label1\" content=\"Est. reading time\" \/>\n\t<meta name=\"twitter:data1\" content=\"1 minute\" \/>\n<script type=\"application\/ld+json\" class=\"yoast-schema-graph\">{\"@context\":\"https:\\\/\\\/schema.org\",\"@graph\":[{\"@type\":\"WebPage\",\"@id\":\"https:\\\/\\\/chemax.eu\\\/zwroty\\\/\",\"url\":\"https:\\\/\\\/chemax.eu\\\/zwroty\\\/\",\"name\":\"Chemax - Zwroty\",\"isPartOf\":{\"@id\":\"https:\\\/\\\/chemax.eu\\\/#website\"},\"datePublished\":\"2023-03-02T20:22:47+00:00\",\"dateModified\":\"2023-10-13T14:15:24+00:00\",\"description\":\"Dowiedz si\u0119 wi\u0119cej o zasadach zwrot\u00f3w produkt\u00f3w firmy Chemax. Procedura zwrotu u\u0142atwiaj\u0105ca uzyskanie szybkiego zwrotu nale\u017cno\u015bci.\",\"breadcrumb\":{\"@id\":\"https:\\\/\\\/chemax.eu\\\/zwroty\\\/#breadcrumb\"},\"inLanguage\":\"en-US\",\"potentialAction\":[{\"@type\":\"ReadAction\",\"target\":[\"https:\\\/\\\/chemax.eu\\\/zwroty\\\/\"]}]},{\"@type\":\"BreadcrumbList\",\"@id\":\"https:\\\/\\\/chemax.eu\\\/zwroty\\\/#breadcrumb\",\"itemListElement\":[{\"@type\":\"ListItem\",\"position\":1,\"name\":\"Strona g\u0142\u00f3wna\",\"item\":\"https:\\\/\\\/chemax.eu\\\/\"},{\"@type\":\"ListItem\",\"position\":2,\"name\":\"Zwroty\"}]},{\"@type\":\"WebSite\",\"@id\":\"https:\\\/\\\/chemax.eu\\\/#website\",\"url\":\"https:\\\/\\\/chemax.eu\\\/\",\"name\":\"Chemax\",\"description\":\"Oleje, surowce chemiczne i adiuwanty\",\"publisher\":{\"@id\":\"https:\\\/\\\/chemax.eu\\\/#organization\"},\"potentialAction\":[{\"@type\":\"SearchAction\",\"target\":{\"@type\":\"EntryPoint\",\"urlTemplate\":\"https:\\\/\\\/chemax.eu\\\/?s={search_term_string}\"},\"query-input\":{\"@type\":\"PropertyValueSpecification\",\"valueRequired\":true,\"valueName\":\"search_term_string\"}}],\"inLanguage\":\"en-US\"},{\"@type\":\"Organization\",\"@id\":\"https:\\\/\\\/chemax.eu\\\/#organization\",\"name\":\"Chemax Sp. z o.o. Sp.k.\",\"url\":\"https:\\\/\\\/chemax.eu\\\/\",\"logo\":{\"@type\":\"ImageObject\",\"inLanguage\":\"en-US\",\"@id\":\"https:\\\/\\\/chemax.eu\\\/#\\\/schema\\\/logo\\\/image\\\/\",\"url\":\"\",\"contentUrl\":\"\",\"caption\":\"Chemax Sp. z o.o. Sp.k.\"},\"image\":{\"@id\":\"https:\\\/\\\/chemax.eu\\\/#\\\/schema\\\/logo\\\/image\\\/\"}}]}<\/script>\n<!-- \/ Yoast SEO plugin. -->","yoast_head_json":{"title":"Chemax - Zwroty","description":"Dowiedz si\u0119 wi\u0119cej o zasadach zwrot\u00f3w produkt\u00f3w firmy Chemax. Procedura zwrotu u\u0142atwiaj\u0105ca uzyskanie szybkiego zwrotu nale\u017cno\u015bci.","robots":{"index":"noindex","follow":"follow"},"og_locale":"en_US","og_type":"article","og_title":"Chemax - Zwroty","og_description":"Dowiedz si\u0119 wi\u0119cej o zasadach zwrot\u00f3w produkt\u00f3w firmy Chemax. Procedura zwrotu u\u0142atwiaj\u0105ca uzyskanie szybkiego zwrotu nale\u017cno\u015bci.","og_url":"https:\/\/chemax.eu\/en\/zwroty\/","og_site_name":"Chemax","article_modified_time":"2023-10-13T14:15:24+00:00","twitter_card":"summary_large_image","twitter_misc":{"Est. reading time":"1 minute"},"schema":{"@context":"https:\/\/schema.org","@graph":[{"@type":"WebPage","@id":"https:\/\/chemax.eu\/zwroty\/","url":"https:\/\/chemax.eu\/zwroty\/","name":"Chemax - Zwroty","isPartOf":{"@id":"https:\/\/chemax.eu\/#website"},"datePublished":"2023-03-02T20:22:47+00:00","dateModified":"2023-10-13T14:15:24+00:00","description":"Dowiedz si\u0119 wi\u0119cej o zasadach zwrot\u00f3w produkt\u00f3w firmy Chemax. Procedura zwrotu u\u0142atwiaj\u0105ca uzyskanie szybkiego zwrotu nale\u017cno\u015bci.","breadcrumb":{"@id":"https:\/\/chemax.eu\/zwroty\/#breadcrumb"},"inLanguage":"en-US","potentialAction":[{"@type":"ReadAction","target":["https:\/\/chemax.eu\/zwroty\/"]}]},{"@type":"BreadcrumbList","@id":"https:\/\/chemax.eu\/zwroty\/#breadcrumb","itemListElement":[{"@type":"ListItem","position":1,"name":"Strona g\u0142\u00f3wna","item":"https:\/\/chemax.eu\/"},{"@type":"ListItem","position":2,"name":"Zwroty"}]},{"@type":"WebSite","@id":"https:\/\/chemax.eu\/#website","url":"https:\/\/chemax.eu\/","name":"Chemax","description":"Oleje, surowce chemiczne i adiuwanty","publisher":{"@id":"https:\/\/chemax.eu\/#organization"},"potentialAction":[{"@type":"SearchAction","target":{"@type":"EntryPoint","urlTemplate":"https:\/\/chemax.eu\/?s={search_term_string}"},"query-input":{"@type":"PropertyValueSpecification","valueRequired":true,"valueName":"search_term_string"}}],"inLanguage":"en-US"},{"@type":"Organization","@id":"https:\/\/chemax.eu\/#organization","name":"Chemax Sp. z o.o. Sp.k.","url":"https:\/\/chemax.eu\/","logo":{"@type":"ImageObject","inLanguage":"en-US","@id":"https:\/\/chemax.eu\/#\/schema\/logo\/image\/","url":"","contentUrl":"","caption":"Chemax Sp. z o.o. Sp.k."},"image":{"@id":"https:\/\/chemax.eu\/#\/schema\/logo\/image\/"}}]}},"_links":{"self":[{"href":"https:\/\/chemax.eu\/en\/wp-json\/wp\/v2\/pages\/9322","targetHints":{"allow":["GET"]}}],"collection":[{"href":"https:\/\/chemax.eu\/en\/wp-json\/wp\/v2\/pages"}],"about":[{"href":"https:\/\/chemax.eu\/en\/wp-json\/wp\/v2\/types\/page"}],"author":[{"embeddable":true,"href":"https:\/\/chemax.eu\/en\/wp-json\/wp\/v2\/users\/1"}],"replies":[{"embeddable":true,"href":"https:\/\/chemax.eu\/en\/wp-json\/wp\/v2\/comments?post=9322"}],"version-history":[{"count":41,"href":"https:\/\/chemax.eu\/en\/wp-json\/wp\/v2\/pages\/9322\/revisions"}],"predecessor-version":[{"id":10345,"href":"https:\/\/chemax.eu\/en\/wp-json\/wp\/v2\/pages\/9322\/revisions\/10345"}],"wp:attachment":[{"href":"https:\/\/chemax.eu\/en\/wp-json\/wp\/v2\/media?parent=9322"}],"curies":[{"name":"wp","href":"https:\/\/api.w.org\/{rel}","templated":true}]}}