{"id":9330,"date":"2023-03-02T21:27:09","date_gmt":"2023-03-02T20:27:09","guid":{"rendered":"https:\/\/chemax.indrop.dev\/?page_id=9330"},"modified":"2023-06-05T11:01:17","modified_gmt":"2023-06-05T09:01:17","slug":"hurt","status":"publish","type":"page","link":"https:\/\/chemax.eu\/en\/hurt\/","title":{"rendered":"Wholesale"},"content":{"rendered":"<div data-elementor-type=\"wp-page\" data-elementor-id=\"9330\" class=\"elementor elementor-9330\">\n\t\t\t\t\t\t<section class=\"elementor-section elementor-top-section elementor-element elementor-element-2f3fbb1 elementor-section-boxed elementor-section-height-default elementor-section-height-default wd-section-disabled\" data-id=\"2f3fbb1\" data-element_type=\"section\" data-e-type=\"section\">\n\t\t\t\t\t\t<div class=\"elementor-container elementor-column-gap-default\">\n\t\t\t\t\t<div class=\"elementor-column elementor-col-50 elementor-top-column elementor-element elementor-element-8a47c8b\" data-id=\"8a47c8b\" data-element_type=\"column\" data-e-type=\"column\">\n\t\t\t<div class=\"elementor-widget-wrap elementor-element-populated\">\n\t\t\t\t\t\t<div class=\"elementor-element elementor-element-7c590c8 elementor-widget elementor-widget-wd_title\" data-id=\"7c590c8\" data-element_type=\"widget\" data-e-type=\"widget\" data-widget_type=\"wd_title.default\">\n\t\t\t\t<div class=\"elementor-widget-container\">\n\t\t\t\t\t\t\t<div class=\"title-wrapper set-mb-s reset-last-child wd-title-color-primary wd-title-style-default wd-title-size-large text-left\">\n\n\t\t\t\n\t\t\t<div class=\"liner-continer\">\n\t\t\t\t<h4 class=\"woodmart-title-container title wd-fontsize-xxl\">Our products<\/h4> \n\t\t\t\t\t\t\t<\/div>\n\n\t\t\t\t\t<\/div>\n\t\t\t\t\t\t<\/div>\n\t\t\t\t<\/div>\n\t\t\t\t<div class=\"elementor-element elementor-element-417aa56 elementor-widget elementor-widget-wd_text_block\" data-id=\"417aa56\" data-element_type=\"widget\" data-e-type=\"widget\" data-widget_type=\"wd_text_block.default\">\n\t\t\t\t<div class=\"elementor-widget-container\">\n\t\t\t\t\t\t\t<div class=\"wd-text-block reset-last-child text-left\">\n\t\t\t\n\t\t\t<p>As a direct distributor, in addition to <a href=\"https:\/\/chemax.eu\/en\/sklep\/\">retail offer<\/a> available on the site, we also supply our products to all kinds of entities while ensuring the same quality of the product even in cases of IBC capacity (1000 liters) and tanker trucks for wheeled transport.<\/p><p>To meet the expectations of our customers \u2013 we also accept custom orders. We are ready to provide products with strict specifications.<\/p><p>Feel free to contact us through the contact form or by phone for an offer.<\/p>\n\t\t\t\t\t<\/div>\n\t\t\t\t\t\t<\/div>\n\t\t\t\t<\/div>\n\t\t\t\t\t<\/div>\n\t\t<\/div>\n\t\t\t\t<div class=\"elementor-column elementor-col-50 elementor-top-column elementor-element elementor-element-514dcb6\" data-id=\"514dcb6\" data-element_type=\"column\" data-e-type=\"column\">\n\t\t\t<div class=\"elementor-widget-wrap elementor-element-populated\">\n\t\t\t\t\t\t<div class=\"elementor-element elementor-element-10b5855 elementor-widget__width-initial elementor-widget elementor-widget-wd_contact_form_7\" data-id=\"10b5855\" data-element_type=\"widget\" data-e-type=\"widget\" data-widget_type=\"wd_contact_form_7.default\">\n\t\t\t\t<div class=\"elementor-widget-container\">\n\t\t\t\t\t\n<div class=\"wpcf7 no-js\" id=\"wpcf7-f13-o1\" lang=\"pl-PL\" dir=\"ltr\" data-wpcf7-id=\"13\">\n<div class=\"screen-reader-response\"><p role=\"status\" aria-live=\"polite\" aria-atomic=\"true\"><\/p> <ul><\/ul><\/div>\n<form action=\"\/en\/wp-json\/wp\/v2\/pages\/9330#wpcf7-f13-o1\" method=\"post\" class=\"wpcf7-form init\" aria-label=\"Formularz kontaktowy\" novalidate=\"novalidate\" data-status=\"init\" data-trp-original-action=\"\/en\/wp-json\/wp\/v2\/pages\/9330#wpcf7-f13-o1\">\n<fieldset class=\"hidden-fields-container\"><input type=\"hidden\" name=\"_wpcf7\" value=\"13\" \/><input type=\"hidden\" name=\"_wpcf7_version\" value=\"6.1.5\" \/><input type=\"hidden\" name=\"_wpcf7_locale\" value=\"pl_PL\" \/><input type=\"hidden\" name=\"_wpcf7_unit_tag\" value=\"wpcf7-f13-o1\" \/><input type=\"hidden\" name=\"_wpcf7_container_post\" value=\"0\" \/><input type=\"hidden\" name=\"_wpcf7_posted_data_hash\" value=\"\" \/>\n<\/fieldset>\n<p><label> Your name<br \/>\n<span class=\"wpcf7-form-control-wrap\" data-name=\"your-name\"><input size=\"40\" maxlength=\"400\" class=\"wpcf7-form-control wpcf7-text wpcf7-validates-as-required\" autocomplete=\"name\" aria-required=\"true\" aria-invalid=\"false\" value=\"\" type=\"text\" name=\"your-name\" \/><\/span> <\/label>\n<\/p>\n<p><label> Your e-mail address<br \/>\n<span class=\"wpcf7-form-control-wrap\" data-name=\"your-email\"><input size=\"40\" maxlength=\"400\" class=\"wpcf7-form-control wpcf7-email wpcf7-validates-as-required wpcf7-text wpcf7-validates-as-email\" autocomplete=\"email\" aria-required=\"true\" aria-invalid=\"false\" value=\"\" type=\"email\" name=\"your-email\" \/><\/span> <\/label>\n<\/p>\n<p><label> Subject<br \/>\n<span class=\"wpcf7-form-control-wrap\" data-name=\"your-subject\"><input size=\"40\" maxlength=\"400\" class=\"wpcf7-form-control wpcf7-text wpcf7-validates-as-required\" aria-required=\"true\" aria-invalid=\"false\" value=\"\" type=\"text\" name=\"your-subject\" \/><\/span> <\/label>\n<\/p>\n<p><label> Twoja wiadomo\u015b\u0107<br \/>\n<span class=\"wpcf7-form-control-wrap\" data-name=\"your-message\"><textarea cols=\"40\" rows=\"10\" maxlength=\"2000\" class=\"wpcf7-form-control wpcf7-textarea wpcf7-validates-as-required\" aria-required=\"true\" aria-invalid=\"false\" name=\"your-message\"><\/textarea><\/span> <\/label><br \/>\n<div class=\"wpcf7-turnstile cf-turnstile\" data-sitekey=\"0x4AAAAAAB4nqzC6-nvSiQ5M\" data-response-field-name=\"_wpcf7_turnstile_response\"><\/div>\n<\/p>\n<p><input class=\"wpcf7-form-control wpcf7-submit has-spinner\" type=\"submit\" value=\"Send\" \/>\n<\/p><div class=\"wpcf7-response-output\" aria-hidden=\"true\"><\/div>\n<input type=\"hidden\" name=\"trp-form-language\" value=\"en\"\/><\/form>\n<\/div>\n\t\t\t\t<\/div>\n\t\t\t\t<\/div>\n\t\t\t\t\t<\/div>\n\t\t<\/div>\n\t\t\t\t\t<\/div>\n\t\t<\/section>\n\t\t\t\t<\/div>","protected":false},"excerpt":{"rendered":"<p>Nasze produkty Jako bezpo\u015bredni dystrybutor, opr\u00f3cz oferty detalicznej dost\u0119pnej na stronie, w nasze produkty zaopatrujemy r\u00f3wnie\u017c wszelakiego rodzaju podmioty zapewniaj\u0105c<\/p>","protected":false},"author":1,"featured_media":0,"parent":0,"menu_order":0,"comment_status":"closed","ping_status":"closed","template":"","meta":{"two_page_speed":[],"footnotes":""},"class_list":["post-9330","page","type-page","status-publish","hentry"],"yoast_head":"<!-- This site is optimized with the Yoast SEO plugin v27.5 - https:\/\/yoast.com\/product\/yoast-seo-wordpress\/ -->\n<title>Chemax - Hurt<\/title>\n<meta name=\"description\" content=\"Jako bezpo\u015bredni dystrybutor zaopatrujemy wszelakiego rodzaju podmioty. Jednakowa jako\u015b\u0107 przy pojemno\u015bci IBC i cystern! Dowiedz si\u0119 wi\u0119cej.\" \/>\n<meta name=\"robots\" content=\"index, follow, max-snippet:-1, max-image-preview:large, max-video-preview:-1\" \/>\n<link rel=\"canonical\" href=\"https:\/\/chemax.eu\/en\/hurt\/\" \/>\n<meta property=\"og:locale\" content=\"en_US\" \/>\n<meta property=\"og:type\" content=\"article\" \/>\n<meta property=\"og:title\" content=\"Chemax - Hurt\" \/>\n<meta property=\"og:description\" content=\"Jako bezpo\u015bredni dystrybutor zaopatrujemy wszelakiego rodzaju podmioty. Jednakowa jako\u015b\u0107 przy pojemno\u015bci IBC i cystern! Dowiedz si\u0119 wi\u0119cej.\" \/>\n<meta property=\"og:url\" content=\"https:\/\/chemax.eu\/en\/hurt\/\" \/>\n<meta property=\"og:site_name\" content=\"Chemax\" \/>\n<meta property=\"article:modified_time\" content=\"2023-06-05T09:01:17+00:00\" \/>\n<meta name=\"twitter:card\" content=\"summary_large_image\" \/>\n<meta name=\"twitter:label1\" content=\"Est. reading time\" \/>\n\t<meta name=\"twitter:data1\" content=\"1 minute\" \/>\n<script type=\"application\/ld+json\" class=\"yoast-schema-graph\">{\"@context\":\"https:\\\/\\\/schema.org\",\"@graph\":[{\"@type\":\"WebPage\",\"@id\":\"https:\\\/\\\/chemax.eu\\\/hurt\\\/\",\"url\":\"https:\\\/\\\/chemax.eu\\\/hurt\\\/\",\"name\":\"Chemax - Hurt\",\"isPartOf\":{\"@id\":\"https:\\\/\\\/chemax.eu\\\/#website\"},\"datePublished\":\"2023-03-02T20:27:09+00:00\",\"dateModified\":\"2023-06-05T09:01:17+00:00\",\"description\":\"Jako bezpo\u015bredni dystrybutor zaopatrujemy wszelakiego rodzaju podmioty. Jednakowa jako\u015b\u0107 przy pojemno\u015bci IBC i cystern! Dowiedz si\u0119 wi\u0119cej.\",\"breadcrumb\":{\"@id\":\"https:\\\/\\\/chemax.eu\\\/hurt\\\/#breadcrumb\"},\"inLanguage\":\"en-US\",\"potentialAction\":[{\"@type\":\"ReadAction\",\"target\":[\"https:\\\/\\\/chemax.eu\\\/hurt\\\/\"]}]},{\"@type\":\"BreadcrumbList\",\"@id\":\"https:\\\/\\\/chemax.eu\\\/hurt\\\/#breadcrumb\",\"itemListElement\":[{\"@type\":\"ListItem\",\"position\":1,\"name\":\"Strona g\u0142\u00f3wna\",\"item\":\"https:\\\/\\\/chemax.eu\\\/\"},{\"@type\":\"ListItem\",\"position\":2,\"name\":\"Hurt\"}]},{\"@type\":\"WebSite\",\"@id\":\"https:\\\/\\\/chemax.eu\\\/#website\",\"url\":\"https:\\\/\\\/chemax.eu\\\/\",\"name\":\"Chemax\",\"description\":\"Oleje, surowce chemiczne i adiuwanty\",\"publisher\":{\"@id\":\"https:\\\/\\\/chemax.eu\\\/#organization\"},\"potentialAction\":[{\"@type\":\"SearchAction\",\"target\":{\"@type\":\"EntryPoint\",\"urlTemplate\":\"https:\\\/\\\/chemax.eu\\\/?s={search_term_string}\"},\"query-input\":{\"@type\":\"PropertyValueSpecification\",\"valueRequired\":true,\"valueName\":\"search_term_string\"}}],\"inLanguage\":\"en-US\"},{\"@type\":\"Organization\",\"@id\":\"https:\\\/\\\/chemax.eu\\\/#organization\",\"name\":\"Chemax Sp. z o.o. Sp.k.\",\"url\":\"https:\\\/\\\/chemax.eu\\\/\",\"logo\":{\"@type\":\"ImageObject\",\"inLanguage\":\"en-US\",\"@id\":\"https:\\\/\\\/chemax.eu\\\/#\\\/schema\\\/logo\\\/image\\\/\",\"url\":\"\",\"contentUrl\":\"\",\"caption\":\"Chemax Sp. z o.o. Sp.k.\"},\"image\":{\"@id\":\"https:\\\/\\\/chemax.eu\\\/#\\\/schema\\\/logo\\\/image\\\/\"}}]}<\/script>\n<!-- \/ Yoast SEO plugin. -->","yoast_head_json":{"title":"Chemax - Hurt","description":"Jako bezpo\u015bredni dystrybutor zaopatrujemy wszelakiego rodzaju podmioty. Jednakowa jako\u015b\u0107 przy pojemno\u015bci IBC i cystern! Dowiedz si\u0119 wi\u0119cej.","robots":{"index":"index","follow":"follow","max-snippet":"max-snippet:-1","max-image-preview":"max-image-preview:large","max-video-preview":"max-video-preview:-1"},"canonical":"https:\/\/chemax.eu\/en\/hurt\/","og_locale":"en_US","og_type":"article","og_title":"Chemax - Hurt","og_description":"Jako bezpo\u015bredni dystrybutor zaopatrujemy wszelakiego rodzaju podmioty. Jednakowa jako\u015b\u0107 przy pojemno\u015bci IBC i cystern! Dowiedz si\u0119 wi\u0119cej.","og_url":"https:\/\/chemax.eu\/en\/hurt\/","og_site_name":"Chemax","article_modified_time":"2023-06-05T09:01:17+00:00","twitter_card":"summary_large_image","twitter_misc":{"Est. reading time":"1 minute"},"schema":{"@context":"https:\/\/schema.org","@graph":[{"@type":"WebPage","@id":"https:\/\/chemax.eu\/hurt\/","url":"https:\/\/chemax.eu\/hurt\/","name":"Chemax - Hurt","isPartOf":{"@id":"https:\/\/chemax.eu\/#website"},"datePublished":"2023-03-02T20:27:09+00:00","dateModified":"2023-06-05T09:01:17+00:00","description":"Jako bezpo\u015bredni dystrybutor zaopatrujemy wszelakiego rodzaju podmioty. Jednakowa jako\u015b\u0107 przy pojemno\u015bci IBC i cystern! Dowiedz si\u0119 wi\u0119cej.","breadcrumb":{"@id":"https:\/\/chemax.eu\/hurt\/#breadcrumb"},"inLanguage":"en-US","potentialAction":[{"@type":"ReadAction","target":["https:\/\/chemax.eu\/hurt\/"]}]},{"@type":"BreadcrumbList","@id":"https:\/\/chemax.eu\/hurt\/#breadcrumb","itemListElement":[{"@type":"ListItem","position":1,"name":"Strona g\u0142\u00f3wna","item":"https:\/\/chemax.eu\/"},{"@type":"ListItem","position":2,"name":"Hurt"}]},{"@type":"WebSite","@id":"https:\/\/chemax.eu\/#website","url":"https:\/\/chemax.eu\/","name":"Chemax","description":"Oleje, surowce chemiczne i adiuwanty","publisher":{"@id":"https:\/\/chemax.eu\/#organization"},"potentialAction":[{"@type":"SearchAction","target":{"@type":"EntryPoint","urlTemplate":"https:\/\/chemax.eu\/?s={search_term_string}"},"query-input":{"@type":"PropertyValueSpecification","valueRequired":true,"valueName":"search_term_string"}}],"inLanguage":"en-US"},{"@type":"Organization","@id":"https:\/\/chemax.eu\/#organization","name":"Chemax Sp. z o.o. Sp.k.","url":"https:\/\/chemax.eu\/","logo":{"@type":"ImageObject","inLanguage":"en-US","@id":"https:\/\/chemax.eu\/#\/schema\/logo\/image\/","url":"","contentUrl":"","caption":"Chemax Sp. z o.o. Sp.k."},"image":{"@id":"https:\/\/chemax.eu\/#\/schema\/logo\/image\/"}}]}},"_links":{"self":[{"href":"https:\/\/chemax.eu\/en\/wp-json\/wp\/v2\/pages\/9330","targetHints":{"allow":["GET"]}}],"collection":[{"href":"https:\/\/chemax.eu\/en\/wp-json\/wp\/v2\/pages"}],"about":[{"href":"https:\/\/chemax.eu\/en\/wp-json\/wp\/v2\/types\/page"}],"author":[{"embeddable":true,"href":"https:\/\/chemax.eu\/en\/wp-json\/wp\/v2\/users\/1"}],"replies":[{"embeddable":true,"href":"https:\/\/chemax.eu\/en\/wp-json\/wp\/v2\/comments?post=9330"}],"version-history":[{"count":43,"href":"https:\/\/chemax.eu\/en\/wp-json\/wp\/v2\/pages\/9330\/revisions"}],"predecessor-version":[{"id":10270,"href":"https:\/\/chemax.eu\/en\/wp-json\/wp\/v2\/pages\/9330\/revisions\/10270"}],"wp:attachment":[{"href":"https:\/\/chemax.eu\/en\/wp-json\/wp\/v2\/media?parent=9330"}],"curies":[{"name":"wp","href":"https:\/\/api.w.org\/{rel}","templated":true}]}}