{"id":10176,"date":"2023-03-27T18:15:04","date_gmt":"2023-03-27T16:15:04","guid":{"rendered":"https:\/\/chemax.eu\/?post_type=product&#038;p=10176"},"modified":"2026-04-01T11:46:28","modified_gmt":"2026-04-01T09:46:28","slug":"olej-parafinowy-chemax-typ-lekki","status":"publish","type":"product","link":"https:\/\/chemax.eu\/en\/product\/olej-parafinowy-chemax-typ-lekki\/","title":{"rendered":"Olej parafinowy CHEMAX, typ lekki"},"content":{"rendered":"<div class=\"mpof_ki myre_zn myre_8v_l _0d3bd_SI-b1\">\n<div class=\"mp4t_16_s mryx_16_s mr3m_1 mli2_1 mh85_56 mh85_0_l\">\n<div class=\"mgn2_16 _0d3bd_r3bCg\">\n<p><a href=\"https:\/\/chemax.eu\/wp-content\/uploads\/2023\/03\/Bialy-olej-parafinowy-lekki-CHEMAX-PDS.pdf\">Karta informacyjna produktu (PDF)<\/a><\/p>\n<h2>Olej parafinowy typu lekkiego CHEMAX to czysty i bezpieczny olej mineralny rafinowany w najlepszych europejskich rafineriach. Spe\u0142nia wymogi czysto\u015bci wszystkich mi\u0119dzynarodowych farmakopei.<\/h2>\n<p>Many applications in the cosmetic, pharmaceutical, food, agricultural, chemical, textile and other industries.<\/p>\n<p><b>Zalecany wsz\u0119dzie tam, gdzie wysoka oleisto\u015b\u0107 nie jest wskazana lub utrudnia aplikacj\u0119, rozprowadzanie, wch\u0142anianie itp.<\/b><\/p>\n<p>It is characterized by a perfectly stable and crystalline color. Chemically and biologically stable, it does not promote bacterial growth.<\/p>\n<\/div>\n<\/div>\n<\/div>\n<div class=\"mpof_ki myre_zn myre_8v_l _0d3bd_SI-b1\">\n<div class=\"mp4t_16_s mryx_16_s mr3m_1 mli2_1 mh85_56 mh85_0_l\">\n<div class=\"mgn2_16 _0d3bd_r3bCg\">\n<p><b>Properties:<\/b><\/p>\n<ul>\n<li>Top quality mineral oil<\/li>\n<li>Typ lekki o ni\u017cszej lepko\u015bci<\/li>\n<li>Clear<\/li>\n<li>Odorless<\/li>\n<li><b>Pharmaceutical purity (Ph. Eur.\/USP\/NF)<\/b><\/li>\n<li>Excellent color stability<\/li>\n<li>Free from carcinogens, aflatoxins \/ mycotoxins \/ genotoxins<\/li>\n<li>Bez metali ci\u0119\u017ckich\u00a0 &#8211; jest zgodny z USP &lt;232&gt; i EMEA dla zanieczyszcze\u0144 elementarnych i pozosta\u0142o\u015bci metali<\/li>\n<\/ul>\n<p><b>Food Contact:<\/b><\/p>\n<ul>\n<li>Covers the requirements of the food industry in many countries, i.e. food law<\/li>\n<li>Jest zgodny z\u00a0 wymogami FDA, jednak nale\u017cy mie\u0107 na uwadze, \u017ce s\u0105 to przepisy dotycz\u0105ce USA i dopuszczenie oleju na podstawie NSF do kontaktu z \u017cywno\u015bci\u0105 lub jako dodatek do \u017cywno\u015bci nie oznacza, \u017ce olej jest dopuszczony do takiego stosowania na terenie pa\u0144stw Unii Europejskiej &#8211; nale\u017cy stosowa\u0107 si\u0119 do przepis\u00f3w lokalnych<\/li>\n<\/ul>\n<p><b>Produkt:<\/b><\/p>\n<ul>\n<li>Dostawca: Chemax<\/li>\n<li>Pochodzenie: UE<\/li>\n<li>Nr CAS: 8042-47-5<\/li>\n<li>Nr WE: 232-455-8<\/li>\n<\/ul>\n<\/div>\n<\/div>\n<\/div>","protected":false},"excerpt":{"rendered":"<p>Olej parafinowy typu lekkiego CHEMAX to czysty i bezpieczny olej mineralny rafinowany w najlepszych europejskich rafineriach. Spe\u0142nia wymogi czysto\u015bci wszystkich mi\u0119dzynarodowych farmakopei.<\/p>","protected":false},"featured_media":10182,"template":"","meta":[],"product_brand":[107],"product_cat":[72],"product_tag":[],"class_list":{"0":"post-10176","1":"product","2":"type-product","3":"status-publish","4":"has-post-thumbnail","6":"product_brand-chemax","7":"product_cat-oleje-parafinowe","8":"product_shipping_class-94","9":"pa_pojemnosc-100","10":"pa_pojemnosc-101","11":"pa_pojemnosc-105","12":"pa_pojemnosc-99","14":"first","15":"instock","16":"shipping-taxable","17":"purchasable","18":"product-type-variable"},"yoast_head":"<!-- This site is optimized with the Yoast SEO plugin v27.5 - https:\/\/yoast.com\/product\/yoast-seo-wordpress\/ -->\n<title>Olej parafinowy CHEMAX, typ lekki - Chemax<\/title>\n<meta name=\"robots\" content=\"index, follow, max-snippet:-1, max-image-preview:large, max-video-preview:-1\" \/>\n<link rel=\"canonical\" href=\"https:\/\/chemax.eu\/en\/product\/olej-parafinowy-chemax-typ-lekki\/\" \/>\n<meta property=\"og:locale\" content=\"en_US\" \/>\n<meta property=\"og:type\" content=\"article\" \/>\n<meta property=\"og:title\" content=\"Olej parafinowy CHEMAX, typ lekki - Chemax\" \/>\n<meta property=\"og:description\" content=\"Olej parafinowy typu lekkiego CHEMAX to czysty i bezpieczny olej mineralny rafinowany w najlepszych europejskich rafineriach. Spe\u0142nia wymogi czysto\u015bci wszystkich mi\u0119dzynarodowych farmakopei.\" \/>\n<meta property=\"og:url\" content=\"https:\/\/chemax.eu\/en\/product\/olej-parafinowy-chemax-typ-lekki\/\" \/>\n<meta property=\"og:site_name\" content=\"Chemax\" \/>\n<meta property=\"article:modified_time\" content=\"2026-04-01T09:46:28+00:00\" \/>\n<meta property=\"og:image\" content=\"https:\/\/chemax.eu\/wp-content\/uploads\/2023\/03\/olej-20L-LEKKI-niebieska-IMG_20200907_155403821.png\" \/>\n\t<meta property=\"og:image:width\" content=\"1024\" \/>\n\t<meta property=\"og:image:height\" content=\"1024\" \/>\n\t<meta property=\"og:image:type\" content=\"image\/png\" \/>\n<meta name=\"twitter:card\" content=\"summary_large_image\" \/>\n<meta name=\"twitter:label1\" content=\"Est. reading time\" \/>\n\t<meta name=\"twitter:data1\" content=\"2 minutes\" \/>\n<script type=\"application\/ld+json\" class=\"yoast-schema-graph\">{\"@context\":\"https:\\\/\\\/schema.org\",\"@graph\":[{\"@type\":\"WebPage\",\"@id\":\"https:\\\/\\\/chemax.eu\\\/produkt\\\/olej-parafinowy-chemax-typ-lekki\\\/\",\"url\":\"https:\\\/\\\/chemax.eu\\\/produkt\\\/olej-parafinowy-chemax-typ-lekki\\\/\",\"name\":\"Olej parafinowy CHEMAX, typ lekki - Chemax\",\"isPartOf\":{\"@id\":\"https:\\\/\\\/chemax.eu\\\/#website\"},\"primaryImageOfPage\":{\"@id\":\"https:\\\/\\\/chemax.eu\\\/produkt\\\/olej-parafinowy-chemax-typ-lekki\\\/#primaryimage\"},\"image\":{\"@id\":\"https:\\\/\\\/chemax.eu\\\/produkt\\\/olej-parafinowy-chemax-typ-lekki\\\/#primaryimage\"},\"thumbnailUrl\":\"https:\\\/\\\/chemax.eu\\\/wp-content\\\/uploads\\\/2023\\\/03\\\/olej-20L-LEKKI-niebieska-IMG_20200907_155403821.png\",\"datePublished\":\"2023-03-27T16:15:04+00:00\",\"dateModified\":\"2026-04-01T09:46:28+00:00\",\"breadcrumb\":{\"@id\":\"https:\\\/\\\/chemax.eu\\\/produkt\\\/olej-parafinowy-chemax-typ-lekki\\\/#breadcrumb\"},\"inLanguage\":\"en-US\",\"potentialAction\":[{\"@type\":\"ReadAction\",\"target\":[\"https:\\\/\\\/chemax.eu\\\/produkt\\\/olej-parafinowy-chemax-typ-lekki\\\/\"]}]},{\"@type\":\"ImageObject\",\"inLanguage\":\"en-US\",\"@id\":\"https:\\\/\\\/chemax.eu\\\/produkt\\\/olej-parafinowy-chemax-typ-lekki\\\/#primaryimage\",\"url\":\"https:\\\/\\\/chemax.eu\\\/wp-content\\\/uploads\\\/2023\\\/03\\\/olej-20L-LEKKI-niebieska-IMG_20200907_155403821.png\",\"contentUrl\":\"https:\\\/\\\/chemax.eu\\\/wp-content\\\/uploads\\\/2023\\\/03\\\/olej-20L-LEKKI-niebieska-IMG_20200907_155403821.png\",\"width\":1024,\"height\":1024},{\"@type\":\"BreadcrumbList\",\"@id\":\"https:\\\/\\\/chemax.eu\\\/produkt\\\/olej-parafinowy-chemax-typ-lekki\\\/#breadcrumb\",\"itemListElement\":[{\"@type\":\"ListItem\",\"position\":1,\"name\":\"Strona g\u0142\u00f3wna\",\"item\":\"https:\\\/\\\/chemax.eu\\\/\"},{\"@type\":\"ListItem\",\"position\":2,\"name\":\"Sklep\",\"item\":\"https:\\\/\\\/chemax.eu\\\/sklep\\\/\"},{\"@type\":\"ListItem\",\"position\":3,\"name\":\"Oleje parafinowe\",\"item\":\"https:\\\/\\\/chemax.eu\\\/kategoria-produktu\\\/oleje-parafinowe\\\/\"},{\"@type\":\"ListItem\",\"position\":4,\"name\":\"Olej parafinowy CHEMAX, typ lekki\"}]},{\"@type\":\"WebSite\",\"@id\":\"https:\\\/\\\/chemax.eu\\\/#website\",\"url\":\"https:\\\/\\\/chemax.eu\\\/\",\"name\":\"Chemax\",\"description\":\"Oleje, surowce chemiczne i adiuwanty\",\"publisher\":{\"@id\":\"https:\\\/\\\/chemax.eu\\\/#organization\"},\"potentialAction\":[{\"@type\":\"SearchAction\",\"target\":{\"@type\":\"EntryPoint\",\"urlTemplate\":\"https:\\\/\\\/chemax.eu\\\/?s={search_term_string}\"},\"query-input\":{\"@type\":\"PropertyValueSpecification\",\"valueRequired\":true,\"valueName\":\"search_term_string\"}}],\"inLanguage\":\"en-US\"},{\"@type\":\"Organization\",\"@id\":\"https:\\\/\\\/chemax.eu\\\/#organization\",\"name\":\"Chemax Sp. z o.o. Sp.k.\",\"url\":\"https:\\\/\\\/chemax.eu\\\/\",\"logo\":{\"@type\":\"ImageObject\",\"inLanguage\":\"en-US\",\"@id\":\"https:\\\/\\\/chemax.eu\\\/#\\\/schema\\\/logo\\\/image\\\/\",\"url\":\"\",\"contentUrl\":\"\",\"caption\":\"Chemax Sp. z o.o. Sp.k.\"},\"image\":{\"@id\":\"https:\\\/\\\/chemax.eu\\\/#\\\/schema\\\/logo\\\/image\\\/\"}}]}<\/script>\n<!-- \/ Yoast SEO plugin. -->","yoast_head_json":{"title":"Olej parafinowy CHEMAX, typ lekki - Chemax","robots":{"index":"index","follow":"follow","max-snippet":"max-snippet:-1","max-image-preview":"max-image-preview:large","max-video-preview":"max-video-preview:-1"},"canonical":"https:\/\/chemax.eu\/en\/product\/olej-parafinowy-chemax-typ-lekki\/","og_locale":"en_US","og_type":"article","og_title":"Olej parafinowy CHEMAX, typ lekki - Chemax","og_description":"Olej parafinowy typu lekkiego CHEMAX to czysty i bezpieczny olej mineralny rafinowany w najlepszych europejskich rafineriach. Spe\u0142nia wymogi czysto\u015bci wszystkich mi\u0119dzynarodowych farmakopei.","og_url":"https:\/\/chemax.eu\/en\/product\/olej-parafinowy-chemax-typ-lekki\/","og_site_name":"Chemax","article_modified_time":"2026-04-01T09:46:28+00:00","og_image":[{"width":1024,"height":1024,"url":"https:\/\/chemax.eu\/wp-content\/uploads\/2023\/03\/olej-20L-LEKKI-niebieska-IMG_20200907_155403821.png","type":"image\/png"}],"twitter_card":"summary_large_image","twitter_misc":{"Est. reading time":"2 minutes"},"schema":{"@context":"https:\/\/schema.org","@graph":[{"@type":"WebPage","@id":"https:\/\/chemax.eu\/produkt\/olej-parafinowy-chemax-typ-lekki\/","url":"https:\/\/chemax.eu\/produkt\/olej-parafinowy-chemax-typ-lekki\/","name":"Olej parafinowy CHEMAX, typ lekki - Chemax","isPartOf":{"@id":"https:\/\/chemax.eu\/#website"},"primaryImageOfPage":{"@id":"https:\/\/chemax.eu\/produkt\/olej-parafinowy-chemax-typ-lekki\/#primaryimage"},"image":{"@id":"https:\/\/chemax.eu\/produkt\/olej-parafinowy-chemax-typ-lekki\/#primaryimage"},"thumbnailUrl":"https:\/\/chemax.eu\/wp-content\/uploads\/2023\/03\/olej-20L-LEKKI-niebieska-IMG_20200907_155403821.png","datePublished":"2023-03-27T16:15:04+00:00","dateModified":"2026-04-01T09:46:28+00:00","breadcrumb":{"@id":"https:\/\/chemax.eu\/produkt\/olej-parafinowy-chemax-typ-lekki\/#breadcrumb"},"inLanguage":"en-US","potentialAction":[{"@type":"ReadAction","target":["https:\/\/chemax.eu\/produkt\/olej-parafinowy-chemax-typ-lekki\/"]}]},{"@type":"ImageObject","inLanguage":"en-US","@id":"https:\/\/chemax.eu\/produkt\/olej-parafinowy-chemax-typ-lekki\/#primaryimage","url":"https:\/\/chemax.eu\/wp-content\/uploads\/2023\/03\/olej-20L-LEKKI-niebieska-IMG_20200907_155403821.png","contentUrl":"https:\/\/chemax.eu\/wp-content\/uploads\/2023\/03\/olej-20L-LEKKI-niebieska-IMG_20200907_155403821.png","width":1024,"height":1024},{"@type":"BreadcrumbList","@id":"https:\/\/chemax.eu\/produkt\/olej-parafinowy-chemax-typ-lekki\/#breadcrumb","itemListElement":[{"@type":"ListItem","position":1,"name":"Strona g\u0142\u00f3wna","item":"https:\/\/chemax.eu\/"},{"@type":"ListItem","position":2,"name":"Sklep","item":"https:\/\/chemax.eu\/sklep\/"},{"@type":"ListItem","position":3,"name":"Oleje parafinowe","item":"https:\/\/chemax.eu\/kategoria-produktu\/oleje-parafinowe\/"},{"@type":"ListItem","position":4,"name":"Olej parafinowy CHEMAX, typ lekki"}]},{"@type":"WebSite","@id":"https:\/\/chemax.eu\/#website","url":"https:\/\/chemax.eu\/","name":"Chemax","description":"Oleje, surowce chemiczne i adiuwanty","publisher":{"@id":"https:\/\/chemax.eu\/#organization"},"potentialAction":[{"@type":"SearchAction","target":{"@type":"EntryPoint","urlTemplate":"https:\/\/chemax.eu\/?s={search_term_string}"},"query-input":{"@type":"PropertyValueSpecification","valueRequired":true,"valueName":"search_term_string"}}],"inLanguage":"en-US"},{"@type":"Organization","@id":"https:\/\/chemax.eu\/#organization","name":"Chemax Sp. z o.o. Sp.k.","url":"https:\/\/chemax.eu\/","logo":{"@type":"ImageObject","inLanguage":"en-US","@id":"https:\/\/chemax.eu\/#\/schema\/logo\/image\/","url":"","contentUrl":"","caption":"Chemax Sp. z o.o. Sp.k."},"image":{"@id":"https:\/\/chemax.eu\/#\/schema\/logo\/image\/"}}]}},"_links":{"self":[{"href":"https:\/\/chemax.eu\/en\/wp-json\/wp\/v2\/product\/10176","targetHints":{"allow":["GET"]}}],"collection":[{"href":"https:\/\/chemax.eu\/en\/wp-json\/wp\/v2\/product"}],"about":[{"href":"https:\/\/chemax.eu\/en\/wp-json\/wp\/v2\/types\/product"}],"version-history":[{"count":6,"href":"https:\/\/chemax.eu\/en\/wp-json\/wp\/v2\/product\/10176\/revisions"}],"predecessor-version":[{"id":10312,"href":"https:\/\/chemax.eu\/en\/wp-json\/wp\/v2\/product\/10176\/revisions\/10312"}],"wp:featuredmedia":[{"embeddable":true,"href":"https:\/\/chemax.eu\/en\/wp-json\/wp\/v2\/media\/10182"}],"wp:attachment":[{"href":"https:\/\/chemax.eu\/en\/wp-json\/wp\/v2\/media?parent=10176"}],"wp:term":[{"taxonomy":"product_brand","embeddable":true,"href":"https:\/\/chemax.eu\/en\/wp-json\/wp\/v2\/product_brand?post=10176"},{"taxonomy":"product_cat","embeddable":true,"href":"https:\/\/chemax.eu\/en\/wp-json\/wp\/v2\/product_cat?post=10176"},{"taxonomy":"product_tag","embeddable":true,"href":"https:\/\/chemax.eu\/en\/wp-json\/wp\/v2\/product_tag?post=10176"}],"curies":[{"name":"wp","href":"https:\/\/api.w.org\/{rel}","templated":true}]}}