{"id":10310,"date":"2023-10-05T16:09:19","date_gmt":"2023-10-05T14:09:19","guid":{"rendered":"https:\/\/chemax.eu\/?post_type=product&#038;p=10310"},"modified":"2024-07-23T12:45:00","modified_gmt":"2024-07-23T10:45:00","slug":"fuchs-renolin-clp-220-olej-przekladniowy-20-l","status":"publish","type":"product","link":"https:\/\/chemax.eu\/en\/product\/fuchs-renolin-clp-220-olej-przekladniowy-20-l\/","title":{"rendered":"FUCHS Renolin CLP 220 &#8211; olej przek\u0142adniowy &#8211; 20 L"},"content":{"rendered":"<h1>RENOLIN CLP 220<\/h1>\n<div class=\"product-description\">\n<p><strong>Seria RENOLIN CLP<\/strong><\/p>\n<p>Wysokowydajne oleje przek\u0142adniowe i obiegowe o dobrej odporno\u015bci na starzenie oraz dodatki poprawiaj\u0105ce ochron\u0119 przed korozj\u0105 (r\u00f3wnie\u017c zwalczaj\u0105ce korozj\u0119 stali i metali nie\u017celaznych spowodowan\u0105 wilgoci\u0105). Znakomite w\u0142a\u015bciwo\u015bci przeciwzu\u017cyciowe &#8211; dobre w\u0142a\u015bciwo\u015bci EP \/ AW, zdolno\u015b\u0107 przenoszenia obci\u0105\u017ce\u0144 i ochrona przed mikropittingiem, doskona\u0142a ochrona przed zu\u017cyciem \u0142o\u017cysk tocznych FE8, dobre w\u0142a\u015bciwo\u015bci deemulguj\u0105ce, bardzo dobre w\u0142a\u015bciwo\u015bci pieni\u0105ce, nie zawiera cynku i popio\u0142u, nie zawiera oleju silikonowego.<br \/>\nOleje RENOLIN CLP spe\u0142niaj\u0105, a nawet przewy\u017cszaj\u0105 minimalne wymagania przemys\u0142owych olej\u00f3w przek\u0142adniowych CLP <span class=\"\">zgodnie z DIN 51517-3, ISO 6743-6 i ISO 12925-1: CKC, CKD, CKSMP. <\/span><br \/>\nUS Steel 224, David Brown S1.53.10.<br \/>\nZatwierdzone przez wiod\u0105cych producent\u00f3w przek\u0142adni.<\/p>\n<table>\n<tbody>\n<tr>\n<td><span class=\"text-blue\"><strong>G\u0119sto\u015b\u0107 przy 15 \u00b0C<\/strong><\/span><\/td>\n<td>892 kg\/m\u00b3<\/td>\n<\/tr>\n<tr>\n<td><span class=\"text-blue\"><strong>Punkt zap\u0142onu cleveland<\/strong><\/span><\/td>\n<td>&gt;240 \u00b0C<\/td>\n<\/tr>\n<tr>\n<td><span class=\"text-blue\"><strong>Lepko\u015b\u0107 kinematyczna przy 40 \u00b0C<\/strong><\/span><\/td>\n<td>220\u00a0mm\u00b2\/s<\/td>\n<\/tr>\n<tr>\n<td><span class=\"text-blue\"><strong>Lepko\u015b\u0107 kinematyczna przy 100 \u00b0C<\/strong><\/span><\/td>\n<td>18.9\u00a0mm\u00b2\/s<\/td>\n<\/tr>\n<tr>\n<td><span class=\"text-blue\"><strong>VI<\/strong><\/span><\/td>\n<td>96<\/td>\n<\/tr>\n<tr>\n<td><span class=\"text-blue\"><strong>Temperatura p\u0142yni\u0119cia<\/strong><\/span><\/td>\n<td>-21 \u00b0C<\/td>\n<\/tr>\n<\/tbody>\n<\/table>\n<\/div>\n<p><strong>G\u0142\u00f3wny obszar zastosowa\u0144<\/strong><\/p>\n<p>Uniwersalne oleje przek\u0142adniowe do zastosowa\u0144 przemys\u0142owych np. w \u0142o\u017cyskach, przegubach, przek\u0142adniach czo\u0142owych, przek\u0142adniach sto\u017ckowych i przek\u0142adniach \u015blimakowych oraz wsz\u0119dzie tam, gdzie producent zaleca olej mineralny typu CLP.<br \/>\nZatwierdzone przez wiod\u0105cych producent\u00f3w przek\u0142adni.<br \/>\n<strong>Na bazie oleju mineralnego<\/strong><br \/>\nDemulguj\u0105cy<\/p>\n<p><strong>Bran\u017ce<\/strong><\/p>\n<ul>\n<li>G\u00f3rnictwo, wydobywanie, eksploracja<\/li>\n<li>Rolnictwo i le\u015bnictwo<\/li>\n<li>Wytwarzanie energii<\/li>\n<li>Budownictwo<\/li>\n<li>Transport<\/li>\n<li>Maszyny, wyposa\u017cenie<\/li>\n<li>Cement<\/li>\n<li>Kucie<\/li>\n<li>Odlewnictwo<\/li>\n<li>Obr\u00f3bka metali<\/li>\n<li>Inne ga\u0142\u0119zie przemys\u0142u<\/li>\n<li>Stal, metale<\/li>\n<\/ul>\n<div class=\"row\">\n<div class=\"product-industries product-details-box col-md-6 col-sm-12\">\n<div class=\"product-industries-text box-white-bg-blue-border-top\">\n<div class=\"content-wrapper\"><\/div>\n<\/div>\n<\/div>\n<\/div>","protected":false},"excerpt":{"rendered":"<p>RENOLIN CLP 220 Seria RENOLIN CLP Wysokowydajne oleje przek\u0142adniowe i obiegowe o dobrej odporno\u015bci na starzenie oraz dodatki poprawiaj\u0105ce ochron\u0119<\/p>","protected":false},"featured_media":10319,"template":"","meta":[],"product_brand":[],"product_cat":[102],"product_tag":[],"class_list":{"0":"post-10310","1":"product","2":"type-product","3":"status-publish","4":"has-post-thumbnail","6":"product_cat-oleje-inne","8":"first","9":"outofstock","10":"shipping-taxable","11":"purchasable","12":"product-type-simple"},"yoast_head":"<!-- This site is optimized with the Yoast SEO plugin v27.5 - https:\/\/yoast.com\/product\/yoast-seo-wordpress\/ -->\n<title>FUCHS Renolin CLP 220 - olej przek\u0142adniowy - 20 L - Chemax<\/title>\n<meta name=\"robots\" content=\"index, follow, max-snippet:-1, max-image-preview:large, max-video-preview:-1\" \/>\n<link rel=\"canonical\" href=\"https:\/\/chemax.eu\/en\/product\/fuchs-renolin-clp-220-olej-przekladniowy-20-l\/\" \/>\n<meta property=\"og:locale\" content=\"en_US\" \/>\n<meta property=\"og:type\" content=\"article\" \/>\n<meta property=\"og:title\" content=\"FUCHS Renolin CLP 220 - olej przek\u0142adniowy - 20 L - Chemax\" \/>\n<meta property=\"og:description\" content=\"RENOLIN CLP 220 Seria RENOLIN CLP Wysokowydajne oleje przek\u0142adniowe i obiegowe o dobrej odporno\u015bci na starzenie oraz dodatki poprawiaj\u0105ce ochron\u0119\" \/>\n<meta property=\"og:url\" content=\"https:\/\/chemax.eu\/en\/product\/fuchs-renolin-clp-220-olej-przekladniowy-20-l\/\" \/>\n<meta property=\"og:site_name\" content=\"Chemax\" \/>\n<meta property=\"article:modified_time\" content=\"2024-07-23T10:45:00+00:00\" \/>\n<meta property=\"og:image\" content=\"https:\/\/chemax.eu\/wp-content\/uploads\/2023\/10\/renolin-clp-220.jpg\" \/>\n\t<meta property=\"og:image:width\" content=\"1024\" \/>\n\t<meta property=\"og:image:height\" content=\"1024\" \/>\n\t<meta property=\"og:image:type\" content=\"image\/jpeg\" \/>\n<meta name=\"twitter:card\" content=\"summary_large_image\" \/>\n<meta name=\"twitter:label1\" content=\"Est. reading time\" \/>\n\t<meta name=\"twitter:data1\" content=\"2 minutes\" \/>\n<script type=\"application\/ld+json\" class=\"yoast-schema-graph\">{\"@context\":\"https:\\\/\\\/schema.org\",\"@graph\":[{\"@type\":\"WebPage\",\"@id\":\"https:\\\/\\\/chemax.eu\\\/produkt\\\/fuchs-renolin-clp-220-olej-przekladniowy-20-l\\\/\",\"url\":\"https:\\\/\\\/chemax.eu\\\/produkt\\\/fuchs-renolin-clp-220-olej-przekladniowy-20-l\\\/\",\"name\":\"FUCHS Renolin CLP 220 - olej przek\u0142adniowy - 20 L - Chemax\",\"isPartOf\":{\"@id\":\"https:\\\/\\\/chemax.eu\\\/#website\"},\"primaryImageOfPage\":{\"@id\":\"https:\\\/\\\/chemax.eu\\\/produkt\\\/fuchs-renolin-clp-220-olej-przekladniowy-20-l\\\/#primaryimage\"},\"image\":{\"@id\":\"https:\\\/\\\/chemax.eu\\\/produkt\\\/fuchs-renolin-clp-220-olej-przekladniowy-20-l\\\/#primaryimage\"},\"thumbnailUrl\":\"https:\\\/\\\/chemax.eu\\\/wp-content\\\/uploads\\\/2023\\\/10\\\/renolin-clp-220.jpg\",\"datePublished\":\"2023-10-05T14:09:19+00:00\",\"dateModified\":\"2024-07-23T10:45:00+00:00\",\"breadcrumb\":{\"@id\":\"https:\\\/\\\/chemax.eu\\\/produkt\\\/fuchs-renolin-clp-220-olej-przekladniowy-20-l\\\/#breadcrumb\"},\"inLanguage\":\"en-US\",\"potentialAction\":[{\"@type\":\"ReadAction\",\"target\":[\"https:\\\/\\\/chemax.eu\\\/produkt\\\/fuchs-renolin-clp-220-olej-przekladniowy-20-l\\\/\"]}]},{\"@type\":\"ImageObject\",\"inLanguage\":\"en-US\",\"@id\":\"https:\\\/\\\/chemax.eu\\\/produkt\\\/fuchs-renolin-clp-220-olej-przekladniowy-20-l\\\/#primaryimage\",\"url\":\"https:\\\/\\\/chemax.eu\\\/wp-content\\\/uploads\\\/2023\\\/10\\\/renolin-clp-220.jpg\",\"contentUrl\":\"https:\\\/\\\/chemax.eu\\\/wp-content\\\/uploads\\\/2023\\\/10\\\/renolin-clp-220.jpg\",\"width\":1024,\"height\":1024},{\"@type\":\"BreadcrumbList\",\"@id\":\"https:\\\/\\\/chemax.eu\\\/produkt\\\/fuchs-renolin-clp-220-olej-przekladniowy-20-l\\\/#breadcrumb\",\"itemListElement\":[{\"@type\":\"ListItem\",\"position\":1,\"name\":\"Strona g\u0142\u00f3wna\",\"item\":\"https:\\\/\\\/chemax.eu\\\/\"},{\"@type\":\"ListItem\",\"position\":2,\"name\":\"Sklep\",\"item\":\"https:\\\/\\\/chemax.eu\\\/sklep\\\/\"},{\"@type\":\"ListItem\",\"position\":3,\"name\":\"Oleje inne\",\"item\":\"https:\\\/\\\/chemax.eu\\\/kategoria-produktu\\\/oleje-inne\\\/\"},{\"@type\":\"ListItem\",\"position\":4,\"name\":\"FUCHS Renolin CLP 220 &#8211; olej przek\u0142adniowy &#8211; 20 L\"}]},{\"@type\":\"WebSite\",\"@id\":\"https:\\\/\\\/chemax.eu\\\/#website\",\"url\":\"https:\\\/\\\/chemax.eu\\\/\",\"name\":\"Chemax\",\"description\":\"Oleje, surowce chemiczne i adiuwanty\",\"publisher\":{\"@id\":\"https:\\\/\\\/chemax.eu\\\/#organization\"},\"potentialAction\":[{\"@type\":\"SearchAction\",\"target\":{\"@type\":\"EntryPoint\",\"urlTemplate\":\"https:\\\/\\\/chemax.eu\\\/?s={search_term_string}\"},\"query-input\":{\"@type\":\"PropertyValueSpecification\",\"valueRequired\":true,\"valueName\":\"search_term_string\"}}],\"inLanguage\":\"en-US\"},{\"@type\":\"Organization\",\"@id\":\"https:\\\/\\\/chemax.eu\\\/#organization\",\"name\":\"Chemax Sp. z o.o. Sp.k.\",\"url\":\"https:\\\/\\\/chemax.eu\\\/\",\"logo\":{\"@type\":\"ImageObject\",\"inLanguage\":\"en-US\",\"@id\":\"https:\\\/\\\/chemax.eu\\\/#\\\/schema\\\/logo\\\/image\\\/\",\"url\":\"\",\"contentUrl\":\"\",\"caption\":\"Chemax Sp. z o.o. Sp.k.\"},\"image\":{\"@id\":\"https:\\\/\\\/chemax.eu\\\/#\\\/schema\\\/logo\\\/image\\\/\"}}]}<\/script>\n<!-- \/ Yoast SEO plugin. -->","yoast_head_json":{"title":"FUCHS Renolin CLP 220 - olej przek\u0142adniowy - 20 L - Chemax","robots":{"index":"index","follow":"follow","max-snippet":"max-snippet:-1","max-image-preview":"max-image-preview:large","max-video-preview":"max-video-preview:-1"},"canonical":"https:\/\/chemax.eu\/en\/product\/fuchs-renolin-clp-220-olej-przekladniowy-20-l\/","og_locale":"en_US","og_type":"article","og_title":"FUCHS Renolin CLP 220 - olej przek\u0142adniowy - 20 L - Chemax","og_description":"RENOLIN CLP 220 Seria RENOLIN CLP Wysokowydajne oleje przek\u0142adniowe i obiegowe o dobrej odporno\u015bci na starzenie oraz dodatki poprawiaj\u0105ce ochron\u0119","og_url":"https:\/\/chemax.eu\/en\/product\/fuchs-renolin-clp-220-olej-przekladniowy-20-l\/","og_site_name":"Chemax","article_modified_time":"2024-07-23T10:45:00+00:00","og_image":[{"width":1024,"height":1024,"url":"https:\/\/chemax.eu\/wp-content\/uploads\/2023\/10\/renolin-clp-220.jpg","type":"image\/jpeg"}],"twitter_card":"summary_large_image","twitter_misc":{"Est. reading time":"2 minutes"},"schema":{"@context":"https:\/\/schema.org","@graph":[{"@type":"WebPage","@id":"https:\/\/chemax.eu\/produkt\/fuchs-renolin-clp-220-olej-przekladniowy-20-l\/","url":"https:\/\/chemax.eu\/produkt\/fuchs-renolin-clp-220-olej-przekladniowy-20-l\/","name":"FUCHS Renolin CLP 220 - olej przek\u0142adniowy - 20 L - Chemax","isPartOf":{"@id":"https:\/\/chemax.eu\/#website"},"primaryImageOfPage":{"@id":"https:\/\/chemax.eu\/produkt\/fuchs-renolin-clp-220-olej-przekladniowy-20-l\/#primaryimage"},"image":{"@id":"https:\/\/chemax.eu\/produkt\/fuchs-renolin-clp-220-olej-przekladniowy-20-l\/#primaryimage"},"thumbnailUrl":"https:\/\/chemax.eu\/wp-content\/uploads\/2023\/10\/renolin-clp-220.jpg","datePublished":"2023-10-05T14:09:19+00:00","dateModified":"2024-07-23T10:45:00+00:00","breadcrumb":{"@id":"https:\/\/chemax.eu\/produkt\/fuchs-renolin-clp-220-olej-przekladniowy-20-l\/#breadcrumb"},"inLanguage":"en-US","potentialAction":[{"@type":"ReadAction","target":["https:\/\/chemax.eu\/produkt\/fuchs-renolin-clp-220-olej-przekladniowy-20-l\/"]}]},{"@type":"ImageObject","inLanguage":"en-US","@id":"https:\/\/chemax.eu\/produkt\/fuchs-renolin-clp-220-olej-przekladniowy-20-l\/#primaryimage","url":"https:\/\/chemax.eu\/wp-content\/uploads\/2023\/10\/renolin-clp-220.jpg","contentUrl":"https:\/\/chemax.eu\/wp-content\/uploads\/2023\/10\/renolin-clp-220.jpg","width":1024,"height":1024},{"@type":"BreadcrumbList","@id":"https:\/\/chemax.eu\/produkt\/fuchs-renolin-clp-220-olej-przekladniowy-20-l\/#breadcrumb","itemListElement":[{"@type":"ListItem","position":1,"name":"Strona g\u0142\u00f3wna","item":"https:\/\/chemax.eu\/"},{"@type":"ListItem","position":2,"name":"Sklep","item":"https:\/\/chemax.eu\/sklep\/"},{"@type":"ListItem","position":3,"name":"Oleje inne","item":"https:\/\/chemax.eu\/kategoria-produktu\/oleje-inne\/"},{"@type":"ListItem","position":4,"name":"FUCHS Renolin CLP 220 &#8211; olej przek\u0142adniowy &#8211; 20 L"}]},{"@type":"WebSite","@id":"https:\/\/chemax.eu\/#website","url":"https:\/\/chemax.eu\/","name":"Chemax","description":"Oleje, surowce chemiczne i adiuwanty","publisher":{"@id":"https:\/\/chemax.eu\/#organization"},"potentialAction":[{"@type":"SearchAction","target":{"@type":"EntryPoint","urlTemplate":"https:\/\/chemax.eu\/?s={search_term_string}"},"query-input":{"@type":"PropertyValueSpecification","valueRequired":true,"valueName":"search_term_string"}}],"inLanguage":"en-US"},{"@type":"Organization","@id":"https:\/\/chemax.eu\/#organization","name":"Chemax Sp. z o.o. Sp.k.","url":"https:\/\/chemax.eu\/","logo":{"@type":"ImageObject","inLanguage":"en-US","@id":"https:\/\/chemax.eu\/#\/schema\/logo\/image\/","url":"","contentUrl":"","caption":"Chemax Sp. z o.o. Sp.k."},"image":{"@id":"https:\/\/chemax.eu\/#\/schema\/logo\/image\/"}}]}},"_links":{"self":[{"href":"https:\/\/chemax.eu\/en\/wp-json\/wp\/v2\/product\/10310","targetHints":{"allow":["GET"]}}],"collection":[{"href":"https:\/\/chemax.eu\/en\/wp-json\/wp\/v2\/product"}],"about":[{"href":"https:\/\/chemax.eu\/en\/wp-json\/wp\/v2\/types\/product"}],"version-history":[{"count":5,"href":"https:\/\/chemax.eu\/en\/wp-json\/wp\/v2\/product\/10310\/revisions"}],"predecessor-version":[{"id":10316,"href":"https:\/\/chemax.eu\/en\/wp-json\/wp\/v2\/product\/10310\/revisions\/10316"}],"wp:featuredmedia":[{"embeddable":true,"href":"https:\/\/chemax.eu\/en\/wp-json\/wp\/v2\/media\/10319"}],"wp:attachment":[{"href":"https:\/\/chemax.eu\/en\/wp-json\/wp\/v2\/media?parent=10310"}],"wp:term":[{"taxonomy":"product_brand","embeddable":true,"href":"https:\/\/chemax.eu\/en\/wp-json\/wp\/v2\/product_brand?post=10310"},{"taxonomy":"product_cat","embeddable":true,"href":"https:\/\/chemax.eu\/en\/wp-json\/wp\/v2\/product_cat?post=10310"},{"taxonomy":"product_tag","embeddable":true,"href":"https:\/\/chemax.eu\/en\/wp-json\/wp\/v2\/product_tag?post=10310"}],"curies":[{"name":"wp","href":"https:\/\/api.w.org\/{rel}","templated":true}]}}