{"id":10389,"date":"2023-11-29T15:10:31","date_gmt":"2023-11-29T14:10:31","guid":{"rendered":"https:\/\/chemax.eu\/?post_type=product&#038;p=10389"},"modified":"2026-04-27T16:29:18","modified_gmt":"2026-04-27T14:29:18","slug":"glikol-propylenowy-chemax-techniczny","status":"publish","type":"product","link":"https:\/\/chemax.eu\/en\/product\/glikol-propylenowy-chemax-techniczny\/","title":{"rendered":"Glikol propylenowy CHEMAX techniczny"},"content":{"rendered":"<div class=\"mpof_ki myre_zn myre_8v_l _0d3bd_SI-b1\">\n<div class=\"mp4t_16_s mryx_16_s mr3m_1 mli2_1 mh85_56 mh85_0_l\">\n<div class=\"mgn2_16 _0d3bd_r3bCg\">\n<h2>Glikol propylenowy CHEMAX (techniczny)<\/h2>\n<section class=\"section\">\n<div class=\"item item-6\">\n<h3>Nietoksyczny glikol propylenowy, bez dodatk\u00f3w i maj\u0105cy zastosowanie w wielu ga\u0142\u0119ziach przemys\u0142u, m.in. w przemy\u015ble medycznym, farmaceutycznym, spo\u017cywczym, kosmetycznym, chemicznym<\/h3>\n<p><b>Properties:<\/b><\/p>\n<ul>\n<li>Glikol propylenowy<\/li>\n<li>Czysty (min. 99.5%), bez domieszek<\/li>\n<li>Barwa: bezbarwny<\/li>\n<li>Stabilny chemicznie w normalnych warunkach stosowania i przechowywania<\/li>\n<\/ul>\n<section class=\"text-item\">\n<div class=\"product-description\">\n<table>\n<tbody>\n<tr>\n<td><span class=\"text-blue\"><strong>Zawarto\u015b\u0107<\/strong><\/span><\/td>\n<td>Glikol monopropylenowy (&gt;99.5%)<\/td>\n<\/tr>\n<tr>\n<td><span class=\"text-blue\"><strong>Inne nazwy<\/strong><\/span><\/td>\n<td>Propan-1,2-diol, glikol propylenowy, 1,2-propanodiol, 1,2-dihydroksypropan<\/td>\n<\/tr>\n<tr>\n<td><strong>Wz\u00f3r chemiczny<br \/>\n<\/strong><\/td>\n<td>C3H8O2<\/td>\n<\/tr>\n<tr>\n<td><span class=\"text-blue\"><strong>nr CAS<br \/>\n<\/strong><\/span><\/td>\n<td>57-55-6<\/td>\n<\/tr>\n<tr>\n<td><span class=\"text-blue\"><strong>nr WE<\/strong><\/span><\/td>\n<td>200-338-0<\/td>\n<\/tr>\n<tr>\n<td><strong>Gatunek<\/strong><\/td>\n<td>Techniczny<\/td>\n<\/tr>\n<\/tbody>\n<\/table>\n<\/div>\n<p><b>Produkt:<\/b><\/p>\n<ul>\n<li>Dostawca: Chemax<\/li>\n<li>Pochodzenie: UE<\/li>\n<li>Nr CAS: 57-55-6<\/li>\n<\/ul>\n<p><b>Opakowanie jednostkowe:<\/b><\/p>\n<ul>\n<li>Pojemnik HDPE<\/li>\n<\/ul>\n<\/section>\n<\/div>\n<\/section>\n<\/div>\n<\/div>\n<\/div>","protected":false},"excerpt":{"rendered":"<p>Glikol propylenowy CHEMAX (techniczny) Nietoksyczny glikol propylenowy, bez dodatk\u00f3w i maj\u0105cy zastosowanie w wielu ga\u0142\u0119ziach przemys\u0142u, m.in. w przemy\u015ble medycznym,<\/p>","protected":false},"featured_media":10391,"template":"","meta":[],"product_brand":[107],"product_cat":[103],"product_tag":[],"class_list":{"0":"post-10389","1":"product","2":"type-product","3":"status-publish","4":"has-post-thumbnail","6":"product_brand-chemax","7":"product_cat-surowce-chemiczne","8":"product_shipping_class-94","9":"pa_pojemnosc-101","11":"first","12":"instock","13":"shipping-taxable","14":"purchasable","15":"product-type-variable","16":"has-default-attributes"},"yoast_head":"<!-- This site is optimized with the Yoast SEO plugin v27.5 - https:\/\/yoast.com\/product\/yoast-seo-wordpress\/ -->\n<title>Glikol propylenowy CHEMAX techniczny - Chemax<\/title>\n<meta name=\"robots\" content=\"index, follow, max-snippet:-1, max-image-preview:large, max-video-preview:-1\" \/>\n<link rel=\"canonical\" href=\"https:\/\/chemax.eu\/en\/product\/glikol-propylenowy-chemax-techniczny\/\" \/>\n<meta property=\"og:locale\" content=\"en_US\" \/>\n<meta property=\"og:type\" content=\"article\" \/>\n<meta property=\"og:title\" content=\"Glikol propylenowy CHEMAX techniczny - Chemax\" \/>\n<meta property=\"og:description\" content=\"Glikol propylenowy CHEMAX (techniczny) Nietoksyczny glikol propylenowy, bez dodatk\u00f3w i maj\u0105cy zastosowanie w wielu ga\u0142\u0119ziach przemys\u0142u, m.in. w przemy\u015ble medycznym,\" \/>\n<meta property=\"og:url\" content=\"https:\/\/chemax.eu\/en\/product\/glikol-propylenowy-chemax-techniczny\/\" \/>\n<meta property=\"og:site_name\" content=\"Chemax\" \/>\n<meta property=\"article:modified_time\" content=\"2026-04-27T14:29:18+00:00\" \/>\n<meta property=\"og:image\" content=\"https:\/\/chemax.eu\/wp-content\/uploads\/2023\/11\/glikol-20L-TECHNICZNY-niebieska-IMG_20200907_155403821.jpg\" \/>\n\t<meta property=\"og:image:width\" content=\"1024\" \/>\n\t<meta property=\"og:image:height\" content=\"1024\" \/>\n\t<meta property=\"og:image:type\" content=\"image\/jpeg\" \/>\n<meta name=\"twitter:card\" content=\"summary_large_image\" \/>\n<meta name=\"twitter:label1\" content=\"Est. reading time\" \/>\n\t<meta name=\"twitter:data1\" content=\"1 minute\" \/>\n<script type=\"application\/ld+json\" class=\"yoast-schema-graph\">{\"@context\":\"https:\\\/\\\/schema.org\",\"@graph\":[{\"@type\":\"WebPage\",\"@id\":\"https:\\\/\\\/chemax.eu\\\/produkt\\\/glikol-propylenowy-chemax-techniczny\\\/\",\"url\":\"https:\\\/\\\/chemax.eu\\\/produkt\\\/glikol-propylenowy-chemax-techniczny\\\/\",\"name\":\"Glikol propylenowy CHEMAX techniczny - Chemax\",\"isPartOf\":{\"@id\":\"https:\\\/\\\/chemax.eu\\\/#website\"},\"primaryImageOfPage\":{\"@id\":\"https:\\\/\\\/chemax.eu\\\/produkt\\\/glikol-propylenowy-chemax-techniczny\\\/#primaryimage\"},\"image\":{\"@id\":\"https:\\\/\\\/chemax.eu\\\/produkt\\\/glikol-propylenowy-chemax-techniczny\\\/#primaryimage\"},\"thumbnailUrl\":\"https:\\\/\\\/chemax.eu\\\/wp-content\\\/uploads\\\/2023\\\/11\\\/glikol-20L-TECHNICZNY-niebieska-IMG_20200907_155403821.jpg\",\"datePublished\":\"2023-11-29T14:10:31+00:00\",\"dateModified\":\"2026-04-27T14:29:18+00:00\",\"breadcrumb\":{\"@id\":\"https:\\\/\\\/chemax.eu\\\/produkt\\\/glikol-propylenowy-chemax-techniczny\\\/#breadcrumb\"},\"inLanguage\":\"en-US\",\"potentialAction\":[{\"@type\":\"ReadAction\",\"target\":[\"https:\\\/\\\/chemax.eu\\\/produkt\\\/glikol-propylenowy-chemax-techniczny\\\/\"]}]},{\"@type\":\"ImageObject\",\"inLanguage\":\"en-US\",\"@id\":\"https:\\\/\\\/chemax.eu\\\/produkt\\\/glikol-propylenowy-chemax-techniczny\\\/#primaryimage\",\"url\":\"https:\\\/\\\/chemax.eu\\\/wp-content\\\/uploads\\\/2023\\\/11\\\/glikol-20L-TECHNICZNY-niebieska-IMG_20200907_155403821.jpg\",\"contentUrl\":\"https:\\\/\\\/chemax.eu\\\/wp-content\\\/uploads\\\/2023\\\/11\\\/glikol-20L-TECHNICZNY-niebieska-IMG_20200907_155403821.jpg\",\"width\":1024,\"height\":1024,\"caption\":\"Glikol monopropylenowy techniczny\"},{\"@type\":\"BreadcrumbList\",\"@id\":\"https:\\\/\\\/chemax.eu\\\/produkt\\\/glikol-propylenowy-chemax-techniczny\\\/#breadcrumb\",\"itemListElement\":[{\"@type\":\"ListItem\",\"position\":1,\"name\":\"Strona g\u0142\u00f3wna\",\"item\":\"https:\\\/\\\/chemax.eu\\\/\"},{\"@type\":\"ListItem\",\"position\":2,\"name\":\"Sklep\",\"item\":\"https:\\\/\\\/chemax.eu\\\/sklep\\\/\"},{\"@type\":\"ListItem\",\"position\":3,\"name\":\"Surowce chemiczne\",\"item\":\"https:\\\/\\\/chemax.eu\\\/kategoria-produktu\\\/surowce-chemiczne\\\/\"},{\"@type\":\"ListItem\",\"position\":4,\"name\":\"Glikol propylenowy CHEMAX techniczny\"}]},{\"@type\":\"WebSite\",\"@id\":\"https:\\\/\\\/chemax.eu\\\/#website\",\"url\":\"https:\\\/\\\/chemax.eu\\\/\",\"name\":\"Chemax\",\"description\":\"Oleje, surowce chemiczne i adiuwanty\",\"publisher\":{\"@id\":\"https:\\\/\\\/chemax.eu\\\/#organization\"},\"potentialAction\":[{\"@type\":\"SearchAction\",\"target\":{\"@type\":\"EntryPoint\",\"urlTemplate\":\"https:\\\/\\\/chemax.eu\\\/?s={search_term_string}\"},\"query-input\":{\"@type\":\"PropertyValueSpecification\",\"valueRequired\":true,\"valueName\":\"search_term_string\"}}],\"inLanguage\":\"en-US\"},{\"@type\":\"Organization\",\"@id\":\"https:\\\/\\\/chemax.eu\\\/#organization\",\"name\":\"Chemax Sp. z o.o. Sp.k.\",\"url\":\"https:\\\/\\\/chemax.eu\\\/\",\"logo\":{\"@type\":\"ImageObject\",\"inLanguage\":\"en-US\",\"@id\":\"https:\\\/\\\/chemax.eu\\\/#\\\/schema\\\/logo\\\/image\\\/\",\"url\":\"\",\"contentUrl\":\"\",\"caption\":\"Chemax Sp. z o.o. Sp.k.\"},\"image\":{\"@id\":\"https:\\\/\\\/chemax.eu\\\/#\\\/schema\\\/logo\\\/image\\\/\"}}]}<\/script>\n<!-- \/ Yoast SEO plugin. -->","yoast_head_json":{"title":"Glikol propylenowy CHEMAX techniczny - Chemax","robots":{"index":"index","follow":"follow","max-snippet":"max-snippet:-1","max-image-preview":"max-image-preview:large","max-video-preview":"max-video-preview:-1"},"canonical":"https:\/\/chemax.eu\/en\/product\/glikol-propylenowy-chemax-techniczny\/","og_locale":"en_US","og_type":"article","og_title":"Glikol propylenowy CHEMAX techniczny - Chemax","og_description":"Glikol propylenowy CHEMAX (techniczny) Nietoksyczny glikol propylenowy, bez dodatk\u00f3w i maj\u0105cy zastosowanie w wielu ga\u0142\u0119ziach przemys\u0142u, m.in. w przemy\u015ble medycznym,","og_url":"https:\/\/chemax.eu\/en\/product\/glikol-propylenowy-chemax-techniczny\/","og_site_name":"Chemax","article_modified_time":"2026-04-27T14:29:18+00:00","og_image":[{"width":1024,"height":1024,"url":"https:\/\/chemax.eu\/wp-content\/uploads\/2023\/11\/glikol-20L-TECHNICZNY-niebieska-IMG_20200907_155403821.jpg","type":"image\/jpeg"}],"twitter_card":"summary_large_image","twitter_misc":{"Est. reading time":"1 minute"},"schema":{"@context":"https:\/\/schema.org","@graph":[{"@type":"WebPage","@id":"https:\/\/chemax.eu\/produkt\/glikol-propylenowy-chemax-techniczny\/","url":"https:\/\/chemax.eu\/produkt\/glikol-propylenowy-chemax-techniczny\/","name":"Glikol propylenowy CHEMAX techniczny - Chemax","isPartOf":{"@id":"https:\/\/chemax.eu\/#website"},"primaryImageOfPage":{"@id":"https:\/\/chemax.eu\/produkt\/glikol-propylenowy-chemax-techniczny\/#primaryimage"},"image":{"@id":"https:\/\/chemax.eu\/produkt\/glikol-propylenowy-chemax-techniczny\/#primaryimage"},"thumbnailUrl":"https:\/\/chemax.eu\/wp-content\/uploads\/2023\/11\/glikol-20L-TECHNICZNY-niebieska-IMG_20200907_155403821.jpg","datePublished":"2023-11-29T14:10:31+00:00","dateModified":"2026-04-27T14:29:18+00:00","breadcrumb":{"@id":"https:\/\/chemax.eu\/produkt\/glikol-propylenowy-chemax-techniczny\/#breadcrumb"},"inLanguage":"en-US","potentialAction":[{"@type":"ReadAction","target":["https:\/\/chemax.eu\/produkt\/glikol-propylenowy-chemax-techniczny\/"]}]},{"@type":"ImageObject","inLanguage":"en-US","@id":"https:\/\/chemax.eu\/produkt\/glikol-propylenowy-chemax-techniczny\/#primaryimage","url":"https:\/\/chemax.eu\/wp-content\/uploads\/2023\/11\/glikol-20L-TECHNICZNY-niebieska-IMG_20200907_155403821.jpg","contentUrl":"https:\/\/chemax.eu\/wp-content\/uploads\/2023\/11\/glikol-20L-TECHNICZNY-niebieska-IMG_20200907_155403821.jpg","width":1024,"height":1024,"caption":"Glikol monopropylenowy techniczny"},{"@type":"BreadcrumbList","@id":"https:\/\/chemax.eu\/produkt\/glikol-propylenowy-chemax-techniczny\/#breadcrumb","itemListElement":[{"@type":"ListItem","position":1,"name":"Strona g\u0142\u00f3wna","item":"https:\/\/chemax.eu\/"},{"@type":"ListItem","position":2,"name":"Sklep","item":"https:\/\/chemax.eu\/sklep\/"},{"@type":"ListItem","position":3,"name":"Surowce chemiczne","item":"https:\/\/chemax.eu\/kategoria-produktu\/surowce-chemiczne\/"},{"@type":"ListItem","position":4,"name":"Glikol propylenowy CHEMAX techniczny"}]},{"@type":"WebSite","@id":"https:\/\/chemax.eu\/#website","url":"https:\/\/chemax.eu\/","name":"Chemax","description":"Oleje, surowce chemiczne i adiuwanty","publisher":{"@id":"https:\/\/chemax.eu\/#organization"},"potentialAction":[{"@type":"SearchAction","target":{"@type":"EntryPoint","urlTemplate":"https:\/\/chemax.eu\/?s={search_term_string}"},"query-input":{"@type":"PropertyValueSpecification","valueRequired":true,"valueName":"search_term_string"}}],"inLanguage":"en-US"},{"@type":"Organization","@id":"https:\/\/chemax.eu\/#organization","name":"Chemax Sp. z o.o. Sp.k.","url":"https:\/\/chemax.eu\/","logo":{"@type":"ImageObject","inLanguage":"en-US","@id":"https:\/\/chemax.eu\/#\/schema\/logo\/image\/","url":"","contentUrl":"","caption":"Chemax Sp. z o.o. Sp.k."},"image":{"@id":"https:\/\/chemax.eu\/#\/schema\/logo\/image\/"}}]}},"_links":{"self":[{"href":"https:\/\/chemax.eu\/en\/wp-json\/wp\/v2\/product\/10389","targetHints":{"allow":["GET"]}}],"collection":[{"href":"https:\/\/chemax.eu\/en\/wp-json\/wp\/v2\/product"}],"about":[{"href":"https:\/\/chemax.eu\/en\/wp-json\/wp\/v2\/types\/product"}],"version-history":[{"count":14,"href":"https:\/\/chemax.eu\/en\/wp-json\/wp\/v2\/product\/10389\/revisions"}],"predecessor-version":[{"id":10394,"href":"https:\/\/chemax.eu\/en\/wp-json\/wp\/v2\/product\/10389\/revisions\/10394"}],"wp:featuredmedia":[{"embeddable":true,"href":"https:\/\/chemax.eu\/en\/wp-json\/wp\/v2\/media\/10391"}],"wp:attachment":[{"href":"https:\/\/chemax.eu\/en\/wp-json\/wp\/v2\/media?parent=10389"}],"wp:term":[{"taxonomy":"product_brand","embeddable":true,"href":"https:\/\/chemax.eu\/en\/wp-json\/wp\/v2\/product_brand?post=10389"},{"taxonomy":"product_cat","embeddable":true,"href":"https:\/\/chemax.eu\/en\/wp-json\/wp\/v2\/product_cat?post=10389"},{"taxonomy":"product_tag","embeddable":true,"href":"https:\/\/chemax.eu\/en\/wp-json\/wp\/v2\/product_tag?post=10389"}],"curies":[{"name":"wp","href":"https:\/\/api.w.org\/{rel}","templated":true}]}}