{"id":10406,"date":"2023-12-01T14:03:47","date_gmt":"2023-12-01T13:03:47","guid":{"rendered":"https:\/\/chemax.eu\/?post_type=product&#038;p=10406"},"modified":"2024-06-27T16:45:07","modified_gmt":"2024-06-27T14:45:07","slug":"fuchs-titan-atf-3000-olej-przekladniowy-20-l","status":"publish","type":"product","link":"https:\/\/chemax.eu\/en\/product\/fuchs-titan-atf-3000-olej-przekladniowy-20-l\/","title":{"rendered":"FUCHS TITAN ATF 3000 &#8211; olej przek\u0142adniowy &#8211; 20 L"},"content":{"rendered":"<h1>TITAN ATF 3000<\/h1>\n<h2>Bardzo wysokiej jako\u015bci olej typu ATF do przek\u0142adni automatycznych w pojazdach u\u017cytkowych, samochodach osobowych i maszynach wymagaj\u0105cych oleju klasy DEXRON II (D).<\/h2>\n<p>TITAN ATF 3000 jest olejem typu ATF (Automatic Transmission Fluid), spe\u0142niaj\u0105cym wymagania klasyfikacji Dexron II (D). Zosta\u0142 opracowany w oparciu o wyselekcjonowane oleje bazowe, dzi\u0119ki czemu gwarantuje w\u0142a\u015bciw\u0105 prac\u0119 wysokoobci\u0105\u017conych przek\u0142adni automatycznych, uk\u0142ad\u00f3w wspomagania kierownicy oraz innych uk\u0142ad\u00f3w hydraulicznych.<\/p>\n<table>\n<tbody>\n<tr>\n<td><strong>G\u0119sto\u015b\u0107 w 15\u00b0C<\/strong><\/td>\n<td>0,873 g\/ml<\/td>\n<\/tr>\n<tr>\n<td><strong>Kolor<\/strong><\/td>\n<td>czerwony<\/td>\n<\/tr>\n<tr>\n<td><strong>Temperatura zap\u0142onu, CoC<\/strong><\/td>\n<td>200 \u00b0C<\/td>\n<\/tr>\n<tr>\n<td><strong>Temperatura p\u0142yni\u0119cia<\/strong><\/td>\n<td>-50 \u00b0C<\/td>\n<\/tr>\n<tr>\n<td><strong>Pienienie Tendencja sekwencja II<\/strong><\/td>\n<td>30\/0 ml<\/td>\n<\/tr>\n<tr>\n<td><strong>Lepko\u015b\u0107 dynamiczna w -40\u00b0C<\/strong><\/td>\n<td>34 000 mPas<\/td>\n<\/tr>\n<tr>\n<td><strong>Lepko\u015b\u0107 kinematyczna w temp. 40\u00b0C<\/strong><\/td>\n<td>38,9 mm\u00b2\/s<\/td>\n<\/tr>\n<tr>\n<td><strong>Lepko\u015b\u0107 kinematyczna w temp. 100\u00b0C<\/strong><\/td>\n<td>7,5 mm\u00b2\/s<\/td>\n<\/tr>\n<tr>\n<td><strong>Wska\u017anik lepko\u015bci<\/strong><\/td>\n<td>164<\/td>\n<\/tr>\n<\/tbody>\n<\/table>\n<p><strong>Bran\u017ce<\/strong><\/p>\n<ul>\n<li>Do zastosowa\u0144 motoryzacyjnych<\/li>\n<li>Transport<\/li>\n<li>Rolnictwo, le\u015bnictwo<\/li>\n<li>Budownictwo<\/li>\n<li>Konsument, rynek wt\u00f3rny<\/li>\n<li>Pozosta\u0142e przemys\u0142y<\/li>\n<\/ul>","protected":false},"excerpt":{"rendered":"<p><strong>Dopuszczenia:<\/strong> MAN 339 TYPE L2, MAN 339 TYPE V1, MAN 339 TYPE Z1, MB-APPROVAL 236.1, VOITH H55.6335.xx, ZF TE-ML 04D, 14A (ZF000720)<\/p>\n<p><strong>Rekomendacje FUCHS:<\/strong> DEXRON II (D)ALLISON C-4, BMW 81 22 9 400 272, BMW 81 22 9 400 275, BMW 81 22 9 407 738, CAT TO-2, FORD MERCON, FORD M2C185-A, FORD ESP-M2C138-CJ, FORD ESP-M2C166-H, FORD M2C9010-A, OPEL 19 40 700, OPEL 19 40 707, PSA S71 2102, RENK-DOROMAT, ZF TE-ML 02F, 03D, 09, 11A, 17C<\/p>","protected":false},"featured_media":10407,"template":"","meta":[],"product_brand":[],"product_cat":[102],"product_tag":[],"class_list":{"0":"post-10406","1":"product","2":"type-product","3":"status-publish","4":"has-post-thumbnail","6":"product_cat-oleje-inne","8":"first","9":"outofstock","10":"shipping-taxable","11":"purchasable","12":"product-type-simple"},"yoast_head":"<!-- This site is optimized with the Yoast SEO plugin v27.5 - https:\/\/yoast.com\/product\/yoast-seo-wordpress\/ -->\n<title>FUCHS TITAN ATF 3000 - olej przek\u0142adniowy - 20 L - Chemax<\/title>\n<meta name=\"robots\" content=\"index, follow, max-snippet:-1, max-image-preview:large, max-video-preview:-1\" \/>\n<link rel=\"canonical\" href=\"https:\/\/chemax.eu\/en\/product\/fuchs-titan-atf-3000-olej-przekladniowy-20-l\/\" \/>\n<meta property=\"og:locale\" content=\"en_US\" \/>\n<meta property=\"og:type\" content=\"article\" \/>\n<meta property=\"og:title\" content=\"FUCHS TITAN ATF 3000 - olej przek\u0142adniowy - 20 L - Chemax\" \/>\n<meta property=\"og:description\" content=\"Dopuszczenia: MAN 339 TYPE L2, MAN 339 TYPE V1, MAN 339 TYPE Z1, MB-APPROVAL 236.1, VOITH H55.6335.xx, ZF TE-ML 04D, 14A (ZF000720)  Rekomendacje FUCHS: DEXRON II (D)ALLISON C-4, BMW 81 22 9 400 272, BMW 81 22 9 400 275, BMW 81 22 9 407 738, CAT TO-2, FORD MERCON, FORD M2C185-A, FORD ESP-M2C138-CJ, FORD ESP-M2C166-H, FORD M2C9010-A, OPEL 19 40 700, OPEL 19 40 707, PSA S71 2102, RENK-DOROMAT, ZF TE-ML 02F, 03D, 09, 11A, 17C\" \/>\n<meta property=\"og:url\" content=\"https:\/\/chemax.eu\/en\/product\/fuchs-titan-atf-3000-olej-przekladniowy-20-l\/\" \/>\n<meta property=\"og:site_name\" content=\"Chemax\" \/>\n<meta property=\"article:modified_time\" content=\"2024-06-27T14:45:07+00:00\" \/>\n<meta property=\"og:image\" content=\"https:\/\/chemax.eu\/wp-content\/uploads\/2023\/12\/fuchs-titan-atf-3000-20l.jpg\" \/>\n\t<meta property=\"og:image:width\" content=\"1024\" \/>\n\t<meta property=\"og:image:height\" content=\"1024\" \/>\n\t<meta property=\"og:image:type\" content=\"image\/jpeg\" \/>\n<meta name=\"twitter:card\" content=\"summary_large_image\" \/>\n<meta name=\"twitter:label1\" content=\"Est. reading time\" \/>\n\t<meta name=\"twitter:data1\" content=\"1 minute\" \/>\n<script type=\"application\/ld+json\" class=\"yoast-schema-graph\">{\"@context\":\"https:\\\/\\\/schema.org\",\"@graph\":[{\"@type\":\"WebPage\",\"@id\":\"https:\\\/\\\/chemax.eu\\\/produkt\\\/fuchs-titan-atf-3000-olej-przekladniowy-20-l\\\/\",\"url\":\"https:\\\/\\\/chemax.eu\\\/produkt\\\/fuchs-titan-atf-3000-olej-przekladniowy-20-l\\\/\",\"name\":\"FUCHS TITAN ATF 3000 - olej przek\u0142adniowy - 20 L - Chemax\",\"isPartOf\":{\"@id\":\"https:\\\/\\\/chemax.eu\\\/#website\"},\"primaryImageOfPage\":{\"@id\":\"https:\\\/\\\/chemax.eu\\\/produkt\\\/fuchs-titan-atf-3000-olej-przekladniowy-20-l\\\/#primaryimage\"},\"image\":{\"@id\":\"https:\\\/\\\/chemax.eu\\\/produkt\\\/fuchs-titan-atf-3000-olej-przekladniowy-20-l\\\/#primaryimage\"},\"thumbnailUrl\":\"https:\\\/\\\/chemax.eu\\\/wp-content\\\/uploads\\\/2023\\\/12\\\/fuchs-titan-atf-3000-20l.jpg\",\"datePublished\":\"2023-12-01T13:03:47+00:00\",\"dateModified\":\"2024-06-27T14:45:07+00:00\",\"breadcrumb\":{\"@id\":\"https:\\\/\\\/chemax.eu\\\/produkt\\\/fuchs-titan-atf-3000-olej-przekladniowy-20-l\\\/#breadcrumb\"},\"inLanguage\":\"en-US\",\"potentialAction\":[{\"@type\":\"ReadAction\",\"target\":[\"https:\\\/\\\/chemax.eu\\\/produkt\\\/fuchs-titan-atf-3000-olej-przekladniowy-20-l\\\/\"]}]},{\"@type\":\"ImageObject\",\"inLanguage\":\"en-US\",\"@id\":\"https:\\\/\\\/chemax.eu\\\/produkt\\\/fuchs-titan-atf-3000-olej-przekladniowy-20-l\\\/#primaryimage\",\"url\":\"https:\\\/\\\/chemax.eu\\\/wp-content\\\/uploads\\\/2023\\\/12\\\/fuchs-titan-atf-3000-20l.jpg\",\"contentUrl\":\"https:\\\/\\\/chemax.eu\\\/wp-content\\\/uploads\\\/2023\\\/12\\\/fuchs-titan-atf-3000-20l.jpg\",\"width\":1024,\"height\":1024},{\"@type\":\"BreadcrumbList\",\"@id\":\"https:\\\/\\\/chemax.eu\\\/produkt\\\/fuchs-titan-atf-3000-olej-przekladniowy-20-l\\\/#breadcrumb\",\"itemListElement\":[{\"@type\":\"ListItem\",\"position\":1,\"name\":\"Strona g\u0142\u00f3wna\",\"item\":\"https:\\\/\\\/chemax.eu\\\/\"},{\"@type\":\"ListItem\",\"position\":2,\"name\":\"Sklep\",\"item\":\"https:\\\/\\\/chemax.eu\\\/sklep\\\/\"},{\"@type\":\"ListItem\",\"position\":3,\"name\":\"Oleje inne\",\"item\":\"https:\\\/\\\/chemax.eu\\\/kategoria-produktu\\\/oleje-inne\\\/\"},{\"@type\":\"ListItem\",\"position\":4,\"name\":\"FUCHS TITAN ATF 3000 &#8211; olej przek\u0142adniowy &#8211; 20 L\"}]},{\"@type\":\"WebSite\",\"@id\":\"https:\\\/\\\/chemax.eu\\\/#website\",\"url\":\"https:\\\/\\\/chemax.eu\\\/\",\"name\":\"Chemax\",\"description\":\"Oleje, surowce chemiczne i adiuwanty\",\"publisher\":{\"@id\":\"https:\\\/\\\/chemax.eu\\\/#organization\"},\"potentialAction\":[{\"@type\":\"SearchAction\",\"target\":{\"@type\":\"EntryPoint\",\"urlTemplate\":\"https:\\\/\\\/chemax.eu\\\/?s={search_term_string}\"},\"query-input\":{\"@type\":\"PropertyValueSpecification\",\"valueRequired\":true,\"valueName\":\"search_term_string\"}}],\"inLanguage\":\"en-US\"},{\"@type\":\"Organization\",\"@id\":\"https:\\\/\\\/chemax.eu\\\/#organization\",\"name\":\"Chemax Sp. z o.o. Sp.k.\",\"url\":\"https:\\\/\\\/chemax.eu\\\/\",\"logo\":{\"@type\":\"ImageObject\",\"inLanguage\":\"en-US\",\"@id\":\"https:\\\/\\\/chemax.eu\\\/#\\\/schema\\\/logo\\\/image\\\/\",\"url\":\"\",\"contentUrl\":\"\",\"caption\":\"Chemax Sp. z o.o. Sp.k.\"},\"image\":{\"@id\":\"https:\\\/\\\/chemax.eu\\\/#\\\/schema\\\/logo\\\/image\\\/\"}}]}<\/script>\n<!-- \/ Yoast SEO plugin. -->","yoast_head_json":{"title":"FUCHS TITAN ATF 3000 - olej przek\u0142adniowy - 20 L - Chemax","robots":{"index":"index","follow":"follow","max-snippet":"max-snippet:-1","max-image-preview":"max-image-preview:large","max-video-preview":"max-video-preview:-1"},"canonical":"https:\/\/chemax.eu\/en\/product\/fuchs-titan-atf-3000-olej-przekladniowy-20-l\/","og_locale":"en_US","og_type":"article","og_title":"FUCHS TITAN ATF 3000 - olej przek\u0142adniowy - 20 L - Chemax","og_description":"Dopuszczenia: MAN 339 TYPE L2, MAN 339 TYPE V1, MAN 339 TYPE Z1, MB-APPROVAL 236.1, VOITH H55.6335.xx, ZF TE-ML 04D, 14A (ZF000720)  Rekomendacje FUCHS: DEXRON II (D)ALLISON C-4, BMW 81 22 9 400 272, BMW 81 22 9 400 275, BMW 81 22 9 407 738, CAT TO-2, FORD MERCON, FORD M2C185-A, FORD ESP-M2C138-CJ, FORD ESP-M2C166-H, FORD M2C9010-A, OPEL 19 40 700, OPEL 19 40 707, PSA S71 2102, RENK-DOROMAT, ZF TE-ML 02F, 03D, 09, 11A, 17C","og_url":"https:\/\/chemax.eu\/en\/product\/fuchs-titan-atf-3000-olej-przekladniowy-20-l\/","og_site_name":"Chemax","article_modified_time":"2024-06-27T14:45:07+00:00","og_image":[{"width":1024,"height":1024,"url":"https:\/\/chemax.eu\/wp-content\/uploads\/2023\/12\/fuchs-titan-atf-3000-20l.jpg","type":"image\/jpeg"}],"twitter_card":"summary_large_image","twitter_misc":{"Est. reading time":"1 minute"},"schema":{"@context":"https:\/\/schema.org","@graph":[{"@type":"WebPage","@id":"https:\/\/chemax.eu\/produkt\/fuchs-titan-atf-3000-olej-przekladniowy-20-l\/","url":"https:\/\/chemax.eu\/produkt\/fuchs-titan-atf-3000-olej-przekladniowy-20-l\/","name":"FUCHS TITAN ATF 3000 - olej przek\u0142adniowy - 20 L - Chemax","isPartOf":{"@id":"https:\/\/chemax.eu\/#website"},"primaryImageOfPage":{"@id":"https:\/\/chemax.eu\/produkt\/fuchs-titan-atf-3000-olej-przekladniowy-20-l\/#primaryimage"},"image":{"@id":"https:\/\/chemax.eu\/produkt\/fuchs-titan-atf-3000-olej-przekladniowy-20-l\/#primaryimage"},"thumbnailUrl":"https:\/\/chemax.eu\/wp-content\/uploads\/2023\/12\/fuchs-titan-atf-3000-20l.jpg","datePublished":"2023-12-01T13:03:47+00:00","dateModified":"2024-06-27T14:45:07+00:00","breadcrumb":{"@id":"https:\/\/chemax.eu\/produkt\/fuchs-titan-atf-3000-olej-przekladniowy-20-l\/#breadcrumb"},"inLanguage":"en-US","potentialAction":[{"@type":"ReadAction","target":["https:\/\/chemax.eu\/produkt\/fuchs-titan-atf-3000-olej-przekladniowy-20-l\/"]}]},{"@type":"ImageObject","inLanguage":"en-US","@id":"https:\/\/chemax.eu\/produkt\/fuchs-titan-atf-3000-olej-przekladniowy-20-l\/#primaryimage","url":"https:\/\/chemax.eu\/wp-content\/uploads\/2023\/12\/fuchs-titan-atf-3000-20l.jpg","contentUrl":"https:\/\/chemax.eu\/wp-content\/uploads\/2023\/12\/fuchs-titan-atf-3000-20l.jpg","width":1024,"height":1024},{"@type":"BreadcrumbList","@id":"https:\/\/chemax.eu\/produkt\/fuchs-titan-atf-3000-olej-przekladniowy-20-l\/#breadcrumb","itemListElement":[{"@type":"ListItem","position":1,"name":"Strona g\u0142\u00f3wna","item":"https:\/\/chemax.eu\/"},{"@type":"ListItem","position":2,"name":"Sklep","item":"https:\/\/chemax.eu\/sklep\/"},{"@type":"ListItem","position":3,"name":"Oleje inne","item":"https:\/\/chemax.eu\/kategoria-produktu\/oleje-inne\/"},{"@type":"ListItem","position":4,"name":"FUCHS TITAN ATF 3000 &#8211; olej przek\u0142adniowy &#8211; 20 L"}]},{"@type":"WebSite","@id":"https:\/\/chemax.eu\/#website","url":"https:\/\/chemax.eu\/","name":"Chemax","description":"Oleje, surowce chemiczne i adiuwanty","publisher":{"@id":"https:\/\/chemax.eu\/#organization"},"potentialAction":[{"@type":"SearchAction","target":{"@type":"EntryPoint","urlTemplate":"https:\/\/chemax.eu\/?s={search_term_string}"},"query-input":{"@type":"PropertyValueSpecification","valueRequired":true,"valueName":"search_term_string"}}],"inLanguage":"en-US"},{"@type":"Organization","@id":"https:\/\/chemax.eu\/#organization","name":"Chemax Sp. z o.o. Sp.k.","url":"https:\/\/chemax.eu\/","logo":{"@type":"ImageObject","inLanguage":"en-US","@id":"https:\/\/chemax.eu\/#\/schema\/logo\/image\/","url":"","contentUrl":"","caption":"Chemax Sp. z o.o. Sp.k."},"image":{"@id":"https:\/\/chemax.eu\/#\/schema\/logo\/image\/"}}]}},"_links":{"self":[{"href":"https:\/\/chemax.eu\/en\/wp-json\/wp\/v2\/product\/10406","targetHints":{"allow":["GET"]}}],"collection":[{"href":"https:\/\/chemax.eu\/en\/wp-json\/wp\/v2\/product"}],"about":[{"href":"https:\/\/chemax.eu\/en\/wp-json\/wp\/v2\/types\/product"}],"version-history":[{"count":8,"href":"https:\/\/chemax.eu\/en\/wp-json\/wp\/v2\/product\/10406\/revisions"}],"predecessor-version":[{"id":10814,"href":"https:\/\/chemax.eu\/en\/wp-json\/wp\/v2\/product\/10406\/revisions\/10814"}],"wp:featuredmedia":[{"embeddable":true,"href":"https:\/\/chemax.eu\/en\/wp-json\/wp\/v2\/media\/10407"}],"wp:attachment":[{"href":"https:\/\/chemax.eu\/en\/wp-json\/wp\/v2\/media?parent=10406"}],"wp:term":[{"taxonomy":"product_brand","embeddable":true,"href":"https:\/\/chemax.eu\/en\/wp-json\/wp\/v2\/product_brand?post=10406"},{"taxonomy":"product_cat","embeddable":true,"href":"https:\/\/chemax.eu\/en\/wp-json\/wp\/v2\/product_cat?post=10406"},{"taxonomy":"product_tag","embeddable":true,"href":"https:\/\/chemax.eu\/en\/wp-json\/wp\/v2\/product_tag?post=10406"}],"curies":[{"name":"wp","href":"https:\/\/api.w.org\/{rel}","templated":true}]}}