{"id":10863,"date":"2024-08-08T15:57:14","date_gmt":"2024-08-08T13:57:14","guid":{"rendered":"https:\/\/chemax.eu\/?post_type=product&#038;p=10863"},"modified":"2025-09-11T13:43:28","modified_gmt":"2025-09-11T11:43:28","slug":"fuchs-renolin-compway-100-din-51506-vdl-olej-sprezarkowy-20-l","status":"publish","type":"product","link":"https:\/\/chemax.eu\/en\/product\/fuchs-renolin-compway-100-din-51506-vdl-olej-sprezarkowy-20-l\/","title":{"rendered":"FUCHS Renolin Compway 100 DIN 51506 VDL &#8211; olej spr\u0119\u017carkowy &#8211; 20 L"},"content":{"rendered":"<h1>RENOLIN COMPWAY 100<\/h1>\n<div class=\"product-description\">\n<p><strong>Seria RENOLIN COMPWAY<\/strong><\/p>\n<p><strong>Opis<\/strong><\/p>\n<p>RENOLIN COMPWAY 100 to wysokiej jako\u015bci olej spr\u0119\u017carkowy na bazie wysokowydajnego oleju mineralnego, kt\u00f3ry jest zalecany do wszystkich typ\u00f3w stacjonarnych spr\u0119\u017carek \u0142opatkowych i t\u0142okowych.<\/p>\n<p><strong>Obszary zastosowa\u0144<\/strong><\/p>\n<p>RENOLIN COMPWAY 100 jest zalecany do wszystkich typ\u00f3w stacjonarnych spr\u0119\u017carek \u0142opatkowych i t\u0142okowych. RENOLIN COMPWAY 100 spe\u0142nia i przewy\u017csza wymagania normy DIN 51506 VDL pod wieloma wzgl\u0119dami. RENOLIN COMPWAY 100 wsp\u00f3\u0142pracuje ze wszystkimi typami metali w spr\u0119\u017carkach i jest r\u00f3wnie\u017c kompatybilny z powszechnie stosowanymi uszczelniaczami, kt\u00f3re s\u0105 testowane pod k\u0105tem stosowania z olejami mineralnymi.<\/p>\n<p><strong>Charakterystyka i zalety<\/strong><\/p>\n<p>RENOLIN COMPWAY 100 zapewnia czystsz\u0105 spr\u0119\u017cark\u0119, co w po\u0142\u0105czeniu z dobr\u0105 ochron\u0105 przed zu\u017cyciem i korozj\u0105 przyczynia si\u0119 do wyd\u0142u\u017cenia okres\u00f3w mi\u0119dzyobs\u0142ugowych. RENOLIN COMPWAY 100 zawiera oleje bazowe odporne na utlenianie i specjalne dodatki, kt\u00f3re zmniejszaj\u0105 ryzyko tworzenia si\u0119 koksu. Zapewnia to dobr\u0105 ochron\u0119 przed po\u017carem w spr\u0119\u017carce. Bardzo dobra stabilno\u015b\u0107 termiczna i zdolno\u015b\u0107 oddzielania wody, co wyd\u0142u\u017ca \u017cywotno\u015b\u0107 oleju, filtr\u00f3w i cz\u0119\u015bci maszyn. Maksymalna temperatura spr\u0119\u017conego powietrza zgodnie z norm\u0105 DIN 51506 wynosi 220 \u00b0C.<\/p>\n<table>\n<tbody>\n<tr>\n<td><strong>ISO VG<\/strong><\/td>\n<td>100<\/td>\n<\/tr>\n<tr>\n<td><strong>G\u0119sto\u015b\u0107 w 15 \u00b0C <\/strong>ASTM D 4052<strong><br \/>\n<\/strong><\/td>\n<td>894 kg\/m<sup>3<\/sup><\/td>\n<\/tr>\n<tr>\n<td><strong>Lepko\u015b\u0107 w 40 \u00b0C <\/strong>ASTM D 445<strong><br \/>\n<\/strong><\/td>\n<td>100.3 mm<sup>2<\/sup>\/s<\/td>\n<\/tr>\n<tr>\n<td><strong>Lepko\u015b\u0107 w 100 \u00b0C <\/strong>ASTM D 445<strong><br \/>\n<\/strong><\/td>\n<td>9.8 mm<sup>2<\/sup>\/s<\/td>\n<\/tr>\n<tr>\n<td><strong>Wska\u017anik lepko\u015bci <\/strong>ASTM D 2270<strong><br \/>\n<\/strong><\/td>\n<td>69<\/td>\n<\/tr>\n<tr>\n<td><strong>Temperatura p\u0142yni\u0119cia <\/strong>ASTM D 97<strong><br \/>\n<\/strong><\/td>\n<td>-33 \u00b0C<\/td>\n<\/tr>\n<tr>\n<td><strong>Temperatura zap\u0142onu <\/strong>ASTM D 92<strong><br \/>\n<\/strong><\/td>\n<td>234 \u00b0C<\/td>\n<\/tr>\n<\/tbody>\n<\/table>\n<p>Podane warto\u015bci s\u0105 warto\u015bciami typowymi. Podawane w atestach laboratoryjnych warto\u015bci mog\u0105 si\u0119 nieznacznie r\u00f3\u017cni\u0107 od warto\u015bci przedstawionych powy\u017cej w granicach okre\u015blonych normami.<\/p>\n<\/div>","protected":false},"excerpt":{"rendered":"<p>RENOLIN COMPWAY 100 Seria RENOLIN COMPWAY Opis RENOLIN COMPWAY 100 to wysokiej jako\u015bci olej spr\u0119\u017carkowy na bazie wysokowydajnego oleju mineralnego,<\/p>","protected":false},"featured_media":10865,"template":"","meta":[],"product_brand":[],"product_cat":[102],"product_tag":[],"class_list":{"0":"post-10863","1":"product","2":"type-product","3":"status-publish","4":"has-post-thumbnail","6":"product_cat-oleje-inne","8":"first","9":"outofstock","10":"shipping-taxable","11":"purchasable","12":"product-type-simple"},"yoast_head":"<!-- This site is optimized with the Yoast SEO plugin v27.5 - https:\/\/yoast.com\/product\/yoast-seo-wordpress\/ -->\n<title>FUCHS Renolin Compway 100 DIN 51506 VDL - olej spr\u0119\u017carkowy - 20 L - Chemax<\/title>\n<meta name=\"robots\" content=\"index, follow, max-snippet:-1, max-image-preview:large, max-video-preview:-1\" \/>\n<link rel=\"canonical\" href=\"https:\/\/chemax.eu\/en\/product\/fuchs-renolin-compway-100-din-51506-vdl-olej-sprezarkowy-20-l\/\" \/>\n<meta property=\"og:locale\" content=\"en_US\" \/>\n<meta property=\"og:type\" content=\"article\" \/>\n<meta property=\"og:title\" content=\"FUCHS Renolin Compway 100 DIN 51506 VDL - olej spr\u0119\u017carkowy - 20 L - Chemax\" \/>\n<meta property=\"og:description\" content=\"RENOLIN COMPWAY 100 Seria RENOLIN COMPWAY Opis RENOLIN COMPWAY 100 to wysokiej jako\u015bci olej spr\u0119\u017carkowy na bazie wysokowydajnego oleju mineralnego,\" \/>\n<meta property=\"og:url\" content=\"https:\/\/chemax.eu\/en\/product\/fuchs-renolin-compway-100-din-51506-vdl-olej-sprezarkowy-20-l\/\" \/>\n<meta property=\"og:site_name\" content=\"Chemax\" \/>\n<meta property=\"article:modified_time\" content=\"2025-09-11T11:43:28+00:00\" \/>\n<meta property=\"og:image\" content=\"https:\/\/chemax.eu\/wp-content\/uploads\/2024\/08\/renolin-compway-100.jpg\" \/>\n\t<meta property=\"og:image:width\" content=\"1024\" \/>\n\t<meta property=\"og:image:height\" content=\"1024\" \/>\n\t<meta property=\"og:image:type\" content=\"image\/jpeg\" \/>\n<meta name=\"twitter:card\" content=\"summary_large_image\" \/>\n<meta name=\"twitter:label1\" content=\"Est. reading time\" \/>\n\t<meta name=\"twitter:data1\" content=\"2 minutes\" \/>\n<script type=\"application\/ld+json\" class=\"yoast-schema-graph\">{\"@context\":\"https:\\\/\\\/schema.org\",\"@graph\":[{\"@type\":\"WebPage\",\"@id\":\"https:\\\/\\\/chemax.eu\\\/produkt\\\/fuchs-renolin-compway-100-din-51506-vdl-olej-sprezarkowy-20-l\\\/\",\"url\":\"https:\\\/\\\/chemax.eu\\\/produkt\\\/fuchs-renolin-compway-100-din-51506-vdl-olej-sprezarkowy-20-l\\\/\",\"name\":\"FUCHS Renolin Compway 100 DIN 51506 VDL - olej spr\u0119\u017carkowy - 20 L - Chemax\",\"isPartOf\":{\"@id\":\"https:\\\/\\\/chemax.eu\\\/#website\"},\"primaryImageOfPage\":{\"@id\":\"https:\\\/\\\/chemax.eu\\\/produkt\\\/fuchs-renolin-compway-100-din-51506-vdl-olej-sprezarkowy-20-l\\\/#primaryimage\"},\"image\":{\"@id\":\"https:\\\/\\\/chemax.eu\\\/produkt\\\/fuchs-renolin-compway-100-din-51506-vdl-olej-sprezarkowy-20-l\\\/#primaryimage\"},\"thumbnailUrl\":\"https:\\\/\\\/chemax.eu\\\/wp-content\\\/uploads\\\/2024\\\/08\\\/renolin-compway-100.jpg\",\"datePublished\":\"2024-08-08T13:57:14+00:00\",\"dateModified\":\"2025-09-11T11:43:28+00:00\",\"breadcrumb\":{\"@id\":\"https:\\\/\\\/chemax.eu\\\/produkt\\\/fuchs-renolin-compway-100-din-51506-vdl-olej-sprezarkowy-20-l\\\/#breadcrumb\"},\"inLanguage\":\"en-US\",\"potentialAction\":[{\"@type\":\"ReadAction\",\"target\":[\"https:\\\/\\\/chemax.eu\\\/produkt\\\/fuchs-renolin-compway-100-din-51506-vdl-olej-sprezarkowy-20-l\\\/\"]}]},{\"@type\":\"ImageObject\",\"inLanguage\":\"en-US\",\"@id\":\"https:\\\/\\\/chemax.eu\\\/produkt\\\/fuchs-renolin-compway-100-din-51506-vdl-olej-sprezarkowy-20-l\\\/#primaryimage\",\"url\":\"https:\\\/\\\/chemax.eu\\\/wp-content\\\/uploads\\\/2024\\\/08\\\/renolin-compway-100.jpg\",\"contentUrl\":\"https:\\\/\\\/chemax.eu\\\/wp-content\\\/uploads\\\/2024\\\/08\\\/renolin-compway-100.jpg\",\"width\":1024,\"height\":1024,\"caption\":\"Fuchs Renolin Compway 100\"},{\"@type\":\"BreadcrumbList\",\"@id\":\"https:\\\/\\\/chemax.eu\\\/produkt\\\/fuchs-renolin-compway-100-din-51506-vdl-olej-sprezarkowy-20-l\\\/#breadcrumb\",\"itemListElement\":[{\"@type\":\"ListItem\",\"position\":1,\"name\":\"Strona g\u0142\u00f3wna\",\"item\":\"https:\\\/\\\/chemax.eu\\\/\"},{\"@type\":\"ListItem\",\"position\":2,\"name\":\"Sklep\",\"item\":\"https:\\\/\\\/chemax.eu\\\/sklep\\\/\"},{\"@type\":\"ListItem\",\"position\":3,\"name\":\"Oleje inne\",\"item\":\"https:\\\/\\\/chemax.eu\\\/kategoria-produktu\\\/oleje-inne\\\/\"},{\"@type\":\"ListItem\",\"position\":4,\"name\":\"FUCHS Renolin Compway 100 DIN 51506 VDL &#8211; olej spr\u0119\u017carkowy &#8211; 20 L\"}]},{\"@type\":\"WebSite\",\"@id\":\"https:\\\/\\\/chemax.eu\\\/#website\",\"url\":\"https:\\\/\\\/chemax.eu\\\/\",\"name\":\"Chemax\",\"description\":\"Oleje, surowce chemiczne i adiuwanty\",\"publisher\":{\"@id\":\"https:\\\/\\\/chemax.eu\\\/#organization\"},\"potentialAction\":[{\"@type\":\"SearchAction\",\"target\":{\"@type\":\"EntryPoint\",\"urlTemplate\":\"https:\\\/\\\/chemax.eu\\\/?s={search_term_string}\"},\"query-input\":{\"@type\":\"PropertyValueSpecification\",\"valueRequired\":true,\"valueName\":\"search_term_string\"}}],\"inLanguage\":\"en-US\"},{\"@type\":\"Organization\",\"@id\":\"https:\\\/\\\/chemax.eu\\\/#organization\",\"name\":\"Chemax Sp. z o.o. Sp.k.\",\"url\":\"https:\\\/\\\/chemax.eu\\\/\",\"logo\":{\"@type\":\"ImageObject\",\"inLanguage\":\"en-US\",\"@id\":\"https:\\\/\\\/chemax.eu\\\/#\\\/schema\\\/logo\\\/image\\\/\",\"url\":\"\",\"contentUrl\":\"\",\"caption\":\"Chemax Sp. z o.o. Sp.k.\"},\"image\":{\"@id\":\"https:\\\/\\\/chemax.eu\\\/#\\\/schema\\\/logo\\\/image\\\/\"}}]}<\/script>\n<!-- \/ Yoast SEO plugin. -->","yoast_head_json":{"title":"FUCHS Renolin Compway 100 DIN 51506 VDL - olej spr\u0119\u017carkowy - 20 L - Chemax","robots":{"index":"index","follow":"follow","max-snippet":"max-snippet:-1","max-image-preview":"max-image-preview:large","max-video-preview":"max-video-preview:-1"},"canonical":"https:\/\/chemax.eu\/en\/product\/fuchs-renolin-compway-100-din-51506-vdl-olej-sprezarkowy-20-l\/","og_locale":"en_US","og_type":"article","og_title":"FUCHS Renolin Compway 100 DIN 51506 VDL - olej spr\u0119\u017carkowy - 20 L - Chemax","og_description":"RENOLIN COMPWAY 100 Seria RENOLIN COMPWAY Opis RENOLIN COMPWAY 100 to wysokiej jako\u015bci olej spr\u0119\u017carkowy na bazie wysokowydajnego oleju mineralnego,","og_url":"https:\/\/chemax.eu\/en\/product\/fuchs-renolin-compway-100-din-51506-vdl-olej-sprezarkowy-20-l\/","og_site_name":"Chemax","article_modified_time":"2025-09-11T11:43:28+00:00","og_image":[{"width":1024,"height":1024,"url":"https:\/\/chemax.eu\/wp-content\/uploads\/2024\/08\/renolin-compway-100.jpg","type":"image\/jpeg"}],"twitter_card":"summary_large_image","twitter_misc":{"Est. reading time":"2 minutes"},"schema":{"@context":"https:\/\/schema.org","@graph":[{"@type":"WebPage","@id":"https:\/\/chemax.eu\/produkt\/fuchs-renolin-compway-100-din-51506-vdl-olej-sprezarkowy-20-l\/","url":"https:\/\/chemax.eu\/produkt\/fuchs-renolin-compway-100-din-51506-vdl-olej-sprezarkowy-20-l\/","name":"FUCHS Renolin Compway 100 DIN 51506 VDL - olej spr\u0119\u017carkowy - 20 L - Chemax","isPartOf":{"@id":"https:\/\/chemax.eu\/#website"},"primaryImageOfPage":{"@id":"https:\/\/chemax.eu\/produkt\/fuchs-renolin-compway-100-din-51506-vdl-olej-sprezarkowy-20-l\/#primaryimage"},"image":{"@id":"https:\/\/chemax.eu\/produkt\/fuchs-renolin-compway-100-din-51506-vdl-olej-sprezarkowy-20-l\/#primaryimage"},"thumbnailUrl":"https:\/\/chemax.eu\/wp-content\/uploads\/2024\/08\/renolin-compway-100.jpg","datePublished":"2024-08-08T13:57:14+00:00","dateModified":"2025-09-11T11:43:28+00:00","breadcrumb":{"@id":"https:\/\/chemax.eu\/produkt\/fuchs-renolin-compway-100-din-51506-vdl-olej-sprezarkowy-20-l\/#breadcrumb"},"inLanguage":"en-US","potentialAction":[{"@type":"ReadAction","target":["https:\/\/chemax.eu\/produkt\/fuchs-renolin-compway-100-din-51506-vdl-olej-sprezarkowy-20-l\/"]}]},{"@type":"ImageObject","inLanguage":"en-US","@id":"https:\/\/chemax.eu\/produkt\/fuchs-renolin-compway-100-din-51506-vdl-olej-sprezarkowy-20-l\/#primaryimage","url":"https:\/\/chemax.eu\/wp-content\/uploads\/2024\/08\/renolin-compway-100.jpg","contentUrl":"https:\/\/chemax.eu\/wp-content\/uploads\/2024\/08\/renolin-compway-100.jpg","width":1024,"height":1024,"caption":"Fuchs Renolin Compway 100"},{"@type":"BreadcrumbList","@id":"https:\/\/chemax.eu\/produkt\/fuchs-renolin-compway-100-din-51506-vdl-olej-sprezarkowy-20-l\/#breadcrumb","itemListElement":[{"@type":"ListItem","position":1,"name":"Strona g\u0142\u00f3wna","item":"https:\/\/chemax.eu\/"},{"@type":"ListItem","position":2,"name":"Sklep","item":"https:\/\/chemax.eu\/sklep\/"},{"@type":"ListItem","position":3,"name":"Oleje inne","item":"https:\/\/chemax.eu\/kategoria-produktu\/oleje-inne\/"},{"@type":"ListItem","position":4,"name":"FUCHS Renolin Compway 100 DIN 51506 VDL &#8211; olej spr\u0119\u017carkowy &#8211; 20 L"}]},{"@type":"WebSite","@id":"https:\/\/chemax.eu\/#website","url":"https:\/\/chemax.eu\/","name":"Chemax","description":"Oleje, surowce chemiczne i adiuwanty","publisher":{"@id":"https:\/\/chemax.eu\/#organization"},"potentialAction":[{"@type":"SearchAction","target":{"@type":"EntryPoint","urlTemplate":"https:\/\/chemax.eu\/?s={search_term_string}"},"query-input":{"@type":"PropertyValueSpecification","valueRequired":true,"valueName":"search_term_string"}}],"inLanguage":"en-US"},{"@type":"Organization","@id":"https:\/\/chemax.eu\/#organization","name":"Chemax Sp. z o.o. Sp.k.","url":"https:\/\/chemax.eu\/","logo":{"@type":"ImageObject","inLanguage":"en-US","@id":"https:\/\/chemax.eu\/#\/schema\/logo\/image\/","url":"","contentUrl":"","caption":"Chemax Sp. z o.o. Sp.k."},"image":{"@id":"https:\/\/chemax.eu\/#\/schema\/logo\/image\/"}}]}},"_links":{"self":[{"href":"https:\/\/chemax.eu\/en\/wp-json\/wp\/v2\/product\/10863","targetHints":{"allow":["GET"]}}],"collection":[{"href":"https:\/\/chemax.eu\/en\/wp-json\/wp\/v2\/product"}],"about":[{"href":"https:\/\/chemax.eu\/en\/wp-json\/wp\/v2\/types\/product"}],"version-history":[{"count":5,"href":"https:\/\/chemax.eu\/en\/wp-json\/wp\/v2\/product\/10863\/revisions"}],"predecessor-version":[{"id":10869,"href":"https:\/\/chemax.eu\/en\/wp-json\/wp\/v2\/product\/10863\/revisions\/10869"}],"wp:featuredmedia":[{"embeddable":true,"href":"https:\/\/chemax.eu\/en\/wp-json\/wp\/v2\/media\/10865"}],"wp:attachment":[{"href":"https:\/\/chemax.eu\/en\/wp-json\/wp\/v2\/media?parent=10863"}],"wp:term":[{"taxonomy":"product_brand","embeddable":true,"href":"https:\/\/chemax.eu\/en\/wp-json\/wp\/v2\/product_brand?post=10863"},{"taxonomy":"product_cat","embeddable":true,"href":"https:\/\/chemax.eu\/en\/wp-json\/wp\/v2\/product_cat?post=10863"},{"taxonomy":"product_tag","embeddable":true,"href":"https:\/\/chemax.eu\/en\/wp-json\/wp\/v2\/product_tag?post=10863"}],"curies":[{"name":"wp","href":"https:\/\/api.w.org\/{rel}","templated":true}]}}