{"id":10870,"date":"2024-08-08T16:55:14","date_gmt":"2024-08-08T14:55:14","guid":{"rendered":"https:\/\/chemax.eu\/?post_type=product&#038;p=10870"},"modified":"2025-02-27T12:54:01","modified_gmt":"2025-02-27T11:54:01","slug":"fuchs-renolin-unisyn-ol-68-olej-sprezarkowy-20-l","status":"publish","type":"product","link":"https:\/\/chemax.eu\/en\/product\/fuchs-renolin-unisyn-ol-68-olej-sprezarkowy-20-l\/","title":{"rendered":"FUCHS Renolin Unisyn OL 68 &#8211; olej spr\u0119\u017carkowy &#8211; 20 L"},"content":{"rendered":"<h1>FUCHS RENOLIN UNISYN OL 68<\/h1>\n<div class=\"product-description\">\n<p><strong>Seria RENOLIN UNISYN OL<br \/>\n<\/strong><\/p>\n<p>W pe\u0142ni syntetyczne oleje ch\u0142odz\u0105ce do spr\u0119\u017carek t\u0142okowych i \u015brubowych na bazie polialfaolefin o doskona\u0142ej stabilno\u015bci oksydacyjnej, doskona\u0142ej ochronie przed zu\u017cyciem, dobrej demulgacji i doskona\u0142ym zachowaniu lepko\u015bciowo-temperaturowym. Wysoki wska\u017anik lepko\u015bci. Doskona\u0142e uwalnianie powietrza. Umo\u017cliwiaj\u0105 wyd\u0142u\u017cenie okres\u00f3w mi\u0119dzyobs\u0142ugowych. Oleje smarowe VDL zgodne z norm\u0105 DIN 51506 i syntetyczne oleje hydrauliczne zgodne z norm\u0105 DIN 51524-2\/3: HLP\/HVLP.<\/p>\n<\/div>\n<table>\n<tbody>\n<tr>\n<td><strong>G\u0119sto\u015b\u0107 w 15 \u00b0C<\/strong><\/td>\n<td>845 kg\/m<sup>3<\/sup><\/td>\n<\/tr>\n<tr>\n<td><strong>Punkt zap\u0142onu cleveland<\/strong><\/td>\n<td>260 \u00b0C<\/td>\n<\/tr>\n<tr>\n<td><strong>Lepko\u015b\u0107 w 40 \u00b0C<\/strong><\/td>\n<td>68\u00a0mm<sup>2<\/sup>\/s<\/td>\n<\/tr>\n<tr>\n<td><strong>Lepko\u015b\u0107 w 100 \u00b0C <\/strong><\/td>\n<td>10.6\u00a0mm<sup>2<\/sup>\/s<\/td>\n<\/tr>\n<tr>\n<td><strong>VI<\/strong><\/td>\n<td>146<\/td>\n<\/tr>\n<tr>\n<td><strong>Temperatura p\u0142yni\u0119cia<\/strong><\/td>\n<td>-54 \u00b0C<\/td>\n<\/tr>\n<\/tbody>\n<\/table>\n<h3>G\u0142\u00f3wny obszar zastosowa\u0144<\/h3>\n<p>W pe\u0142ni syntetyczne oleje do spr\u0119\u017carek \u015brubowych na bazie PAO zapewniaj\u0105 wyd\u0142u\u017cone okresy mi\u0119dzy wymianami oleju, nawet w przypadku du\u017cych obci\u0105\u017ce\u0144 termicznych. Odpowiedni r\u00f3wnie\u017c do wysoko obci\u0105\u017conych uk\u0142ad\u00f3w hydraulicznych. Doskona\u0142e w\u0142a\u015bciwo\u015bci uwalniania powietrza. Wyd\u0142u\u017cone okresy mi\u0119dzy wymianami oleju.<\/p>\n<p><strong>Na podstawie PAO<\/strong><\/p>\n<h3>Bran\u017ce<\/h3>\n<ul>\n<li>Konsument, rynek wt\u00f3rny<\/li>\n<li>G\u00f3rnictwo, kamienio\u0142omy, eksploracja<\/li>\n<li>Rolnictwo, le\u015bnictwo<\/li>\n<li>Wytwarzanie energii<\/li>\n<li>Budownictwo<\/li>\n<li>Transport<\/li>\n<li>Maszyny, sprz\u0119t<\/li>\n<li>Cement<\/li>\n<li>Kucie<\/li>\n<li>Odlewnictwo<\/li>\n<li>Obr\u00f3bka metali<\/li>\n<li>Inne ga\u0142\u0119zie przemys\u0142u<\/li>\n<li>Stal, metale<\/li>\n<li>Przemys\u0142 szklarski<\/li>\n<\/ul>","protected":false},"excerpt":{"rendered":"<p>FUCHS RENOLIN UNISYN OL 68 Seria RENOLIN UNISYN OL W pe\u0142ni syntetyczne oleje ch\u0142odz\u0105ce do spr\u0119\u017carek t\u0142okowych i \u015brubowych na<\/p>","protected":false},"featured_media":10872,"template":"","meta":[],"product_brand":[],"product_cat":[102],"product_tag":[],"class_list":{"0":"post-10870","1":"product","2":"type-product","3":"status-publish","4":"has-post-thumbnail","6":"product_cat-oleje-inne","8":"first","9":"outofstock","10":"shipping-taxable","11":"purchasable","12":"product-type-simple"},"yoast_head":"<!-- This site is optimized with the Yoast SEO plugin v27.5 - https:\/\/yoast.com\/product\/yoast-seo-wordpress\/ -->\n<title>FUCHS Renolin Unisyn OL 68 - olej spr\u0119\u017carkowy - 20 L - Chemax<\/title>\n<meta name=\"robots\" content=\"index, follow, max-snippet:-1, max-image-preview:large, max-video-preview:-1\" \/>\n<link rel=\"canonical\" href=\"https:\/\/chemax.eu\/en\/product\/fuchs-renolin-unisyn-ol-68-olej-sprezarkowy-20-l\/\" \/>\n<meta property=\"og:locale\" content=\"en_US\" \/>\n<meta property=\"og:type\" content=\"article\" \/>\n<meta property=\"og:title\" content=\"FUCHS Renolin Unisyn OL 68 - olej spr\u0119\u017carkowy - 20 L - Chemax\" \/>\n<meta property=\"og:description\" content=\"FUCHS RENOLIN UNISYN OL 68 Seria RENOLIN UNISYN OL W pe\u0142ni syntetyczne oleje ch\u0142odz\u0105ce do spr\u0119\u017carek t\u0142okowych i \u015brubowych na\" \/>\n<meta property=\"og:url\" content=\"https:\/\/chemax.eu\/en\/product\/fuchs-renolin-unisyn-ol-68-olej-sprezarkowy-20-l\/\" \/>\n<meta property=\"og:site_name\" content=\"Chemax\" \/>\n<meta property=\"article:modified_time\" content=\"2025-02-27T11:54:01+00:00\" \/>\n<meta property=\"og:image\" content=\"https:\/\/chemax.eu\/wp-content\/uploads\/2024\/08\/renolin-unisyn-ol-68.jpg\" \/>\n\t<meta property=\"og:image:width\" content=\"1024\" \/>\n\t<meta property=\"og:image:height\" content=\"1024\" \/>\n\t<meta property=\"og:image:type\" content=\"image\/jpeg\" \/>\n<meta name=\"twitter:card\" content=\"summary_large_image\" \/>\n<meta name=\"twitter:label1\" content=\"Est. reading time\" \/>\n\t<meta name=\"twitter:data1\" content=\"2 minutes\" \/>\n<script type=\"application\/ld+json\" class=\"yoast-schema-graph\">{\"@context\":\"https:\\\/\\\/schema.org\",\"@graph\":[{\"@type\":\"WebPage\",\"@id\":\"https:\\\/\\\/chemax.eu\\\/produkt\\\/fuchs-renolin-unisyn-ol-68-olej-sprezarkowy-20-l\\\/\",\"url\":\"https:\\\/\\\/chemax.eu\\\/produkt\\\/fuchs-renolin-unisyn-ol-68-olej-sprezarkowy-20-l\\\/\",\"name\":\"FUCHS Renolin Unisyn OL 68 - olej spr\u0119\u017carkowy - 20 L - Chemax\",\"isPartOf\":{\"@id\":\"https:\\\/\\\/chemax.eu\\\/#website\"},\"primaryImageOfPage\":{\"@id\":\"https:\\\/\\\/chemax.eu\\\/produkt\\\/fuchs-renolin-unisyn-ol-68-olej-sprezarkowy-20-l\\\/#primaryimage\"},\"image\":{\"@id\":\"https:\\\/\\\/chemax.eu\\\/produkt\\\/fuchs-renolin-unisyn-ol-68-olej-sprezarkowy-20-l\\\/#primaryimage\"},\"thumbnailUrl\":\"https:\\\/\\\/chemax.eu\\\/wp-content\\\/uploads\\\/2024\\\/08\\\/renolin-unisyn-ol-68.jpg\",\"datePublished\":\"2024-08-08T14:55:14+00:00\",\"dateModified\":\"2025-02-27T11:54:01+00:00\",\"breadcrumb\":{\"@id\":\"https:\\\/\\\/chemax.eu\\\/produkt\\\/fuchs-renolin-unisyn-ol-68-olej-sprezarkowy-20-l\\\/#breadcrumb\"},\"inLanguage\":\"en-US\",\"potentialAction\":[{\"@type\":\"ReadAction\",\"target\":[\"https:\\\/\\\/chemax.eu\\\/produkt\\\/fuchs-renolin-unisyn-ol-68-olej-sprezarkowy-20-l\\\/\"]}]},{\"@type\":\"ImageObject\",\"inLanguage\":\"en-US\",\"@id\":\"https:\\\/\\\/chemax.eu\\\/produkt\\\/fuchs-renolin-unisyn-ol-68-olej-sprezarkowy-20-l\\\/#primaryimage\",\"url\":\"https:\\\/\\\/chemax.eu\\\/wp-content\\\/uploads\\\/2024\\\/08\\\/renolin-unisyn-ol-68.jpg\",\"contentUrl\":\"https:\\\/\\\/chemax.eu\\\/wp-content\\\/uploads\\\/2024\\\/08\\\/renolin-unisyn-ol-68.jpg\",\"width\":1024,\"height\":1024,\"caption\":\"Fuchs Renolin Unisyn OL 68 20L\"},{\"@type\":\"BreadcrumbList\",\"@id\":\"https:\\\/\\\/chemax.eu\\\/produkt\\\/fuchs-renolin-unisyn-ol-68-olej-sprezarkowy-20-l\\\/#breadcrumb\",\"itemListElement\":[{\"@type\":\"ListItem\",\"position\":1,\"name\":\"Strona g\u0142\u00f3wna\",\"item\":\"https:\\\/\\\/chemax.eu\\\/\"},{\"@type\":\"ListItem\",\"position\":2,\"name\":\"Sklep\",\"item\":\"https:\\\/\\\/chemax.eu\\\/sklep\\\/\"},{\"@type\":\"ListItem\",\"position\":3,\"name\":\"Oleje inne\",\"item\":\"https:\\\/\\\/chemax.eu\\\/kategoria-produktu\\\/oleje-inne\\\/\"},{\"@type\":\"ListItem\",\"position\":4,\"name\":\"FUCHS Renolin Unisyn OL 68 &#8211; olej spr\u0119\u017carkowy &#8211; 20 L\"}]},{\"@type\":\"WebSite\",\"@id\":\"https:\\\/\\\/chemax.eu\\\/#website\",\"url\":\"https:\\\/\\\/chemax.eu\\\/\",\"name\":\"Chemax\",\"description\":\"Oleje, surowce chemiczne i adiuwanty\",\"publisher\":{\"@id\":\"https:\\\/\\\/chemax.eu\\\/#organization\"},\"potentialAction\":[{\"@type\":\"SearchAction\",\"target\":{\"@type\":\"EntryPoint\",\"urlTemplate\":\"https:\\\/\\\/chemax.eu\\\/?s={search_term_string}\"},\"query-input\":{\"@type\":\"PropertyValueSpecification\",\"valueRequired\":true,\"valueName\":\"search_term_string\"}}],\"inLanguage\":\"en-US\"},{\"@type\":\"Organization\",\"@id\":\"https:\\\/\\\/chemax.eu\\\/#organization\",\"name\":\"Chemax Sp. z o.o. Sp.k.\",\"url\":\"https:\\\/\\\/chemax.eu\\\/\",\"logo\":{\"@type\":\"ImageObject\",\"inLanguage\":\"en-US\",\"@id\":\"https:\\\/\\\/chemax.eu\\\/#\\\/schema\\\/logo\\\/image\\\/\",\"url\":\"\",\"contentUrl\":\"\",\"caption\":\"Chemax Sp. z o.o. Sp.k.\"},\"image\":{\"@id\":\"https:\\\/\\\/chemax.eu\\\/#\\\/schema\\\/logo\\\/image\\\/\"}}]}<\/script>\n<!-- \/ Yoast SEO plugin. -->","yoast_head_json":{"title":"FUCHS Renolin Unisyn OL 68 - olej spr\u0119\u017carkowy - 20 L - Chemax","robots":{"index":"index","follow":"follow","max-snippet":"max-snippet:-1","max-image-preview":"max-image-preview:large","max-video-preview":"max-video-preview:-1"},"canonical":"https:\/\/chemax.eu\/en\/product\/fuchs-renolin-unisyn-ol-68-olej-sprezarkowy-20-l\/","og_locale":"en_US","og_type":"article","og_title":"FUCHS Renolin Unisyn OL 68 - olej spr\u0119\u017carkowy - 20 L - Chemax","og_description":"FUCHS RENOLIN UNISYN OL 68 Seria RENOLIN UNISYN OL W pe\u0142ni syntetyczne oleje ch\u0142odz\u0105ce do spr\u0119\u017carek t\u0142okowych i \u015brubowych na","og_url":"https:\/\/chemax.eu\/en\/product\/fuchs-renolin-unisyn-ol-68-olej-sprezarkowy-20-l\/","og_site_name":"Chemax","article_modified_time":"2025-02-27T11:54:01+00:00","og_image":[{"width":1024,"height":1024,"url":"https:\/\/chemax.eu\/wp-content\/uploads\/2024\/08\/renolin-unisyn-ol-68.jpg","type":"image\/jpeg"}],"twitter_card":"summary_large_image","twitter_misc":{"Est. reading time":"2 minutes"},"schema":{"@context":"https:\/\/schema.org","@graph":[{"@type":"WebPage","@id":"https:\/\/chemax.eu\/produkt\/fuchs-renolin-unisyn-ol-68-olej-sprezarkowy-20-l\/","url":"https:\/\/chemax.eu\/produkt\/fuchs-renolin-unisyn-ol-68-olej-sprezarkowy-20-l\/","name":"FUCHS Renolin Unisyn OL 68 - olej spr\u0119\u017carkowy - 20 L - Chemax","isPartOf":{"@id":"https:\/\/chemax.eu\/#website"},"primaryImageOfPage":{"@id":"https:\/\/chemax.eu\/produkt\/fuchs-renolin-unisyn-ol-68-olej-sprezarkowy-20-l\/#primaryimage"},"image":{"@id":"https:\/\/chemax.eu\/produkt\/fuchs-renolin-unisyn-ol-68-olej-sprezarkowy-20-l\/#primaryimage"},"thumbnailUrl":"https:\/\/chemax.eu\/wp-content\/uploads\/2024\/08\/renolin-unisyn-ol-68.jpg","datePublished":"2024-08-08T14:55:14+00:00","dateModified":"2025-02-27T11:54:01+00:00","breadcrumb":{"@id":"https:\/\/chemax.eu\/produkt\/fuchs-renolin-unisyn-ol-68-olej-sprezarkowy-20-l\/#breadcrumb"},"inLanguage":"en-US","potentialAction":[{"@type":"ReadAction","target":["https:\/\/chemax.eu\/produkt\/fuchs-renolin-unisyn-ol-68-olej-sprezarkowy-20-l\/"]}]},{"@type":"ImageObject","inLanguage":"en-US","@id":"https:\/\/chemax.eu\/produkt\/fuchs-renolin-unisyn-ol-68-olej-sprezarkowy-20-l\/#primaryimage","url":"https:\/\/chemax.eu\/wp-content\/uploads\/2024\/08\/renolin-unisyn-ol-68.jpg","contentUrl":"https:\/\/chemax.eu\/wp-content\/uploads\/2024\/08\/renolin-unisyn-ol-68.jpg","width":1024,"height":1024,"caption":"Fuchs Renolin Unisyn OL 68 20L"},{"@type":"BreadcrumbList","@id":"https:\/\/chemax.eu\/produkt\/fuchs-renolin-unisyn-ol-68-olej-sprezarkowy-20-l\/#breadcrumb","itemListElement":[{"@type":"ListItem","position":1,"name":"Strona g\u0142\u00f3wna","item":"https:\/\/chemax.eu\/"},{"@type":"ListItem","position":2,"name":"Sklep","item":"https:\/\/chemax.eu\/sklep\/"},{"@type":"ListItem","position":3,"name":"Oleje inne","item":"https:\/\/chemax.eu\/kategoria-produktu\/oleje-inne\/"},{"@type":"ListItem","position":4,"name":"FUCHS Renolin Unisyn OL 68 &#8211; olej spr\u0119\u017carkowy &#8211; 20 L"}]},{"@type":"WebSite","@id":"https:\/\/chemax.eu\/#website","url":"https:\/\/chemax.eu\/","name":"Chemax","description":"Oleje, surowce chemiczne i adiuwanty","publisher":{"@id":"https:\/\/chemax.eu\/#organization"},"potentialAction":[{"@type":"SearchAction","target":{"@type":"EntryPoint","urlTemplate":"https:\/\/chemax.eu\/?s={search_term_string}"},"query-input":{"@type":"PropertyValueSpecification","valueRequired":true,"valueName":"search_term_string"}}],"inLanguage":"en-US"},{"@type":"Organization","@id":"https:\/\/chemax.eu\/#organization","name":"Chemax Sp. z o.o. Sp.k.","url":"https:\/\/chemax.eu\/","logo":{"@type":"ImageObject","inLanguage":"en-US","@id":"https:\/\/chemax.eu\/#\/schema\/logo\/image\/","url":"","contentUrl":"","caption":"Chemax Sp. z o.o. Sp.k."},"image":{"@id":"https:\/\/chemax.eu\/#\/schema\/logo\/image\/"}}]}},"_links":{"self":[{"href":"https:\/\/chemax.eu\/en\/wp-json\/wp\/v2\/product\/10870","targetHints":{"allow":["GET"]}}],"collection":[{"href":"https:\/\/chemax.eu\/en\/wp-json\/wp\/v2\/product"}],"about":[{"href":"https:\/\/chemax.eu\/en\/wp-json\/wp\/v2\/types\/product"}],"version-history":[{"count":5,"href":"https:\/\/chemax.eu\/en\/wp-json\/wp\/v2\/product\/10870\/revisions"}],"predecessor-version":[{"id":10881,"href":"https:\/\/chemax.eu\/en\/wp-json\/wp\/v2\/product\/10870\/revisions\/10881"}],"wp:featuredmedia":[{"embeddable":true,"href":"https:\/\/chemax.eu\/en\/wp-json\/wp\/v2\/media\/10872"}],"wp:attachment":[{"href":"https:\/\/chemax.eu\/en\/wp-json\/wp\/v2\/media?parent=10870"}],"wp:term":[{"taxonomy":"product_brand","embeddable":true,"href":"https:\/\/chemax.eu\/en\/wp-json\/wp\/v2\/product_brand?post=10870"},{"taxonomy":"product_cat","embeddable":true,"href":"https:\/\/chemax.eu\/en\/wp-json\/wp\/v2\/product_cat?post=10870"},{"taxonomy":"product_tag","embeddable":true,"href":"https:\/\/chemax.eu\/en\/wp-json\/wp\/v2\/product_tag?post=10870"}],"curies":[{"name":"wp","href":"https:\/\/api.w.org\/{rel}","templated":true}]}}