{"id":11604,"date":"2026-01-23T10:38:08","date_gmt":"2026-01-23T09:38:08","guid":{"rendered":"https:\/\/chemax.eu\/?post_type=product&#038;p=11604"},"modified":"2026-05-07T15:07:34","modified_gmt":"2026-05-07T13:07:34","slug":"olej-parafinowy-puraffin-72-nsf-20-l","status":"publish","type":"product","link":"https:\/\/chemax.eu\/en\/product\/olej-parafinowy-puraffin-72-nsf-20-l\/","title":{"rendered":"Olej parafinowy PURAFFIN 72 rej. NSF &#8211; 20 L"},"content":{"rendered":"<h1>Olej parafinowy PURAFFIN 72<\/h1>\n<p><strong>White Mineral Oil \/ Pharma Grade \/ CAS: 8042\u201147\u20115<\/strong><br \/>\n<strong>Nazwa handlowa: PURAFFIN 72<\/strong><\/p>\n<p>PURAFFIN 72 to wysokiej czysto\u015bci olej parafinowy o wysokiej lepko\u015bci, klasy farmaceutycznej, spe\u0142niaj\u0105cy rygorystyczne normy jako\u015bci i bezpiecze\u0144stwa. Produkt posiada <strong>rejestracj\u0119 NSF<\/strong>, co potwierdza mo\u017cliwo\u015b\u0107 stosowania go w procesach, w kt\u00f3rych mo\u017ce wyst\u0105pi\u0107 incydentalny kontakt z \u017cywno\u015bci\u0105.<br \/>\nRafinowany w Europie, wolny od dodatk\u00f3w i stabilny chemicznie \u2014 idealny zar\u00f3wno do zastosowa\u0144 przemys\u0142owych, jak i konsumenckich, gdzie wymagana jest pe\u0142na neutralno\u015b\u0107, bezpiecze\u0144stwo i czysto\u015b\u0107 oleju.<\/p>\n<h2>Najwa\u017cniejsze cechy produktu<\/h2>\n<ul>\n<li>100% olej parafinowy mineralny<\/li>\n<li>Wysoka lepko\u015b\u0107<\/li>\n<li>Wygl\u0105d: Clear &amp; Bright (ASTM D4176\/1)<\/li>\n<li>Czysto\u015b\u0107 farmaceutyczna (Ph. Eur. \/ USP \/ NF)<\/li>\n<li>Register <strong>NSF: 3H, H1, H3 (nr 172936)<\/strong><\/li>\n<li>Bezbarwny, bezwonny, bez smaku<\/li>\n<li>Bez dodatk\u00f3w (konserwant\u00f3w, antyoksydant\u00f3w, filtr\u00f3w UV)<\/li>\n<li>Stabilny chemicznie i biologicznie<\/li>\n<li>Nie wspiera rozwoju bakterii<\/li>\n<li>Excellent color stability<\/li>\n<li>Wolny od substancji rakotw\u00f3rczych, aflatoksyn, mykotoksyn i genotoksyn<\/li>\n<li>Zgodny z USP &lt;232&gt; i wytycznymi EMEA dotycz\u0105cymi zanieczyszcze\u0144 elementarnych<\/li>\n<\/ul>\n<h2>Zgodno\u015b\u0107 i bezpiecze\u0144stwo<\/h2>\n<p>Olej parafinowy PURAFFIN 72 spe\u0142nia wymagania:<\/p>\n<ul>\n<li><strong>NSF<\/strong> \u2013 kategorie 3H, H1, H3<\/li>\n<li><strong>FDA<\/strong>: \u00a7178.3620(a), \u00a7172.878, 573.680<\/li>\n<li><strong>Farmakopei<\/strong>: FUI, DAB, USP, NF, BP, EP (najnowsze wydania)<\/li>\n<li><strong>UE 10\/2011<\/strong> \u2013 materia\u0142y i wyroby z tworzyw sztucznych do kontaktu z \u017cywno\u015bci\u0105<\/li>\n<li><strong>UE 1272\/2008 (CLP)<\/strong><\/li>\n<\/ul>\n<h3>Rejestracja NSF<\/h3>\n<table>\n<thead>\n<tr>\n<th>Rejestracja NSF<\/th>\n<th>Kategoria<\/th>\n<th>Nr rejestracji<\/th>\n<th>Certyfikat<\/th>\n<\/tr>\n<\/thead>\n<tbody>\n<tr>\n<td>\u2713<\/td>\n<td>3H, H1, H3<\/td>\n<td>172936<\/td>\n<td><a href=\"https:\/\/chemax.eu\/wp-content\/uploads\/2026\/01\/NSF-P72-172936.pdf\">pobierz<\/a><\/td>\n<\/tr>\n<\/tbody>\n<\/table>\n<h3>Znaczenie kategorii NSF 3H, H1, H3<\/h3>\n<ul>\n<li><strong>3H \u2013 Release Agent:<\/strong> dopuszczony jako \u015brodek antyadhezyjny na powierzchnie maj\u0105ce kontakt z mi\u0119sem i drobiem (grille, piece, formy, sto\u0142y rozbiorowe, deski).<\/li>\n<li><strong>H1 \u2013 Lubricant with incidental food contact:<\/strong> dopuszczony jako smar w obszarach przetw\u00f3rstwa \u017cywno\u015bci, gdzie mo\u017cliwy jest incydentalny kontakt z \u017cywno\u015bci\u0105. Zaleca si\u0119 stosowanie minimalnej ilo\u015bci niezb\u0119dnej do osi\u0105gni\u0119cia efektu technicznego.<\/li>\n<li><strong>H3 \u2013 Soluble Oil:<\/strong> dopuszczony jako olej zabezpieczaj\u0105cy przed korozj\u0105 na hakach, w\u00f3zkach i podobnym wyposa\u017ceniu. Powierzchnie maj\u0105ce kontakt z \u017cywno\u015bci\u0105 musz\u0105 zosta\u0107 umyte lub wytarte przed ponownym u\u017cyciem.<\/li>\n<\/ul>\n<p>Rejestracja NSF jest kontynuacj\u0105 dawnego programu USDA, opartego na wymaganiach FDA 21 CFR dotycz\u0105cych bezpiecze\u0144stwa stosowania substancji pomocniczych w przetw\u00f3rstwie \u017cywno\u015bci.<br \/>\n    Status rejestracji mo\u017cna zweryfikowa\u0107 w <strong>NSF White Book\u2122<\/strong>: <a href=\"https:\/\/www.nsfwhitebook.org\">https:\/\/www.nsfwhitebook.org<\/a><\/p>\n<h2>W\u0142a\u015bciwo\u015bci fizykochemiczne<\/h2>\n<table>\n<thead>\n<tr>\n<th>W\u0142a\u015bciwo\u015bci<\/th>\n<th>Jednostka<\/th>\n<th>Metoda<\/th>\n<th>Specyfikacja<\/th>\n<th>Warto\u015b\u0107 typowa<\/th>\n<\/tr>\n<\/thead>\n<tbody>\n<tr>\n<td>Wygl\u0105d<\/td>\n<td><\/td>\n<td>ASTM D4176\/1<\/td>\n<td>Min. C &amp; B<\/td>\n<td>Clear &amp; Bright<\/td>\n<\/tr>\n<tr>\n<td>G\u0119sto\u015b\u0107 [15\u00b0C]<\/td>\n<td>kg\/m\u00b3<\/td>\n<td>ASTM D 1298<\/td>\n<td>Maks. 874<\/td>\n<td><\/td>\n<\/tr>\n<tr>\n<td>Lepko\u015b\u0107 kinematyczna [40\u00b0C]<\/td>\n<td>mm\u00b2\/s<\/td>\n<td>ASTM D 445<\/td>\n<td>65\u201372<\/td>\n<td>Wysoka lepko\u015b\u0107<\/td>\n<\/tr>\n<tr>\n<td>Lepko\u015b\u0107 dynamiczna [20\u00b0C]<\/td>\n<td>mPa\u00b7s<\/td>\n<td>Farmakopea<\/td>\n<td>110\u2013230<\/td>\n<td>Wysoka lepko\u015b\u0107<\/td>\n<\/tr>\n<tr>\n<td>Temperatura krzepni\u0119cia<\/td>\n<td>\u00b0C<\/td>\n<td>ASTM D 97<\/td>\n<td>Maks. -12<\/td>\n<td><\/td>\n<\/tr>\n<tr>\n<td>Temperatura zap\u0142onu<\/td>\n<td>\u00b0C<\/td>\n<td>ASTM D 92<\/td>\n<td>Min. 220<\/td>\n<td><\/td>\n<\/tr>\n<tr>\n<td>Kolor (skala Saybolt)<\/td>\n<td><\/td>\n<td><\/td>\n<td>+30<\/td>\n<td>+30<\/td>\n<\/tr>\n<tr>\n<td>Zapach<\/td>\n<td><\/td>\n<td><\/td>\n<td>Brak<\/td>\n<td>Brak<\/td>\n<\/tr>\n<tr>\n<td>Substancje \u0142atwo zw\u0119glaj\u0105ce si\u0119<\/td>\n<td><\/td>\n<td>Farmakopea (wszystkie ed.)<\/td>\n<td>\u2713<\/td>\n<td>\u2713<\/td>\n<\/tr>\n<tr>\n<td>WWA (Zwi\u0105zki wielopier\u015bcieniowe)<\/td>\n<td><\/td>\n<td>USP\/NF\/EUP<\/td>\n<td>\u2713<\/td>\n<td>\u2713<\/td>\n<\/tr>\n<tr>\n<td>Kwasowo\u015b\u0107 \/ zasadowo\u015b\u0107<\/td>\n<td><\/td>\n<td>USP\/NF\/EUP<\/td>\n<td>\u2713<\/td>\n<td>\u2713<\/td>\n<\/tr>\n<tr>\n<td>Sta\u0142e parafiny<\/td>\n<td><\/td>\n<td>USP\/NF\/EUP<\/td>\n<td>\u2713<\/td>\n<td>\u2713<\/td>\n<\/tr>\n<\/tbody>\n<\/table>\n<h3>Zalety wysokiej lepko\u015bci<\/h3>\n<p>Wysoka lepko\u015b\u0107 PURAFFIN 72 zapewnia trwa\u0142y, stabilny film smarny. Dzi\u0119ki temu olej sprawdza si\u0119 w zastosowaniach wymagaj\u0105cych d\u0142ugotrwa\u0142ego smarowania, ochrony przed tarciem, pyleniem i korozj\u0105 \u2013 zar\u00f3wno w przemy\u015ble, jak i w u\u017cytku domowym.<\/p>\n<h2>Zastosowanie<\/h2>\n<p>PURAFFIN 72 znajduje szerokie zastosowanie w wielu bran\u017cach, a dzi\u0119ki swojej neutralno\u015bci i czysto\u015bci jest odpowiedni r\u00f3wnie\u017c do u\u017cytku domowego i hobbystycznego. Sprawdza si\u0119 wsz\u0119dzie tam, gdzie wymagany jest bezpieczny, bezwonny i bezbarwny olej mineralny:<\/p>\n<ul>\n<li>procesy z potencjalnym incydentalnym kontaktem z \u017cywno\u015bci\u0105 (NSF H1)<\/li>\n<li>powierzchnie kontaktuj\u0105ce si\u0119 z mi\u0119sem i drobiem \u2013 \u015brodki antyadhezyjne (NSF 3H)<\/li>\n<li>zabezpieczanie antykorozyjne wyposa\u017cenia (NSF H3)<\/li>\n<li>przemys\u0142 spo\u017cywczy i przetw\u00f3rczy<\/li>\n<li>przemys\u0142 opakowaniowy<\/li>\n<li>przemys\u0142 drzewny<\/li>\n<li>produkcja owoc\u00f3w, warzyw, jaj i pasz<\/li>\n<li>zastosowania techniczne (\u015brodek przeciwpieni\u0105cy, antykorozyjny, powlekaj\u0105cy)<\/li>\n<li>zastosowania konsumenckie (piel\u0119gnacja drewna, konserwacja narz\u0119dzi, smarowanie mechanizm\u00f3w, projekty DIY)<\/li>\n<\/ul>\n<p>Dzi\u0119ki wysokiej czysto\u015bci, stabilno\u015bci chemicznej i pe\u0142nej neutralno\u015bci olej znajduje zastosowanie r\u00f3wnie\u017c w wielu innych sektorach przemys\u0142owych, takich jak kosmetyka i farmacja, chemia, tworzywa sztuczne i guma, metalurgia, rolnictwo, przemys\u0142 tekstylny oraz papierniczy.\n<\/p>\n<h2>Typowe obszary u\u017cycia<\/h2>\n<ul>\n<li>maszyny i urz\u0105dzenia przetwarzaj\u0105ce \u017cywno\u015b\u0107 (dzielarki, krajalnice, t\u0142oki, no\u017ce, deski)<\/li>\n<li>formy, ta\u015bmy i powierzchnie robocze<\/li>\n<li>produkcja opakowa\u0144 i materia\u0142\u00f3w pow\u0142okowych<\/li>\n<li>impregnacja drewna<\/li>\n<li>zabezpieczanie powierzchni metalowych przed korozj\u0105<\/li>\n<li>redukcja pylenia i tarcia<\/li>\n<li>mechanizmy i narz\u0119dzia wymagaj\u0105ce neutralnego smarowania<\/li>\n<\/ul>\n<h2>Stosowany m.in. jako \u015brodek<\/h2>\n<ul>\n<li>smarny<\/li>\n<li>antyadhezyjny<\/li>\n<li>zabezpieczaj\u0105cy<\/li>\n<li>powlekaj\u0105cy<\/li>\n<li>przeciwpy\u0142owy<\/li>\n<\/ul>\n<h2>Dodatkowe informacje<\/h2>\n<ul>\n<li><strong>Dostawca:<\/strong> Chemax<\/li>\n<li><strong>Nr CAS:<\/strong> 8042\u201147\u20115<\/li>\n<li><strong>Rafinowano \/ wyprodukowano:<\/strong> na terenie UE<\/li>\n<\/ul>","protected":false},"excerpt":{"rendered":"<p><b>PURAFFIN 72<\/b> to czysty i bezpieczny olej parafinowy wykorzystywany w r\u00f3\u017cnych bran\u017cach przemys\u0142owych. Posiada rejestracj\u0119 NSF.<\/p>","protected":false},"featured_media":11610,"template":"","meta":[],"product_brand":[106],"product_cat":[72],"product_tag":[],"class_list":{"0":"post-11604","1":"product","2":"type-product","3":"status-publish","4":"has-post-thumbnail","6":"product_brand-puraffin","7":"product_cat-oleje-parafinowe","8":"product_shipping_class-94","9":"pa_pojemnosc-101","11":"first","12":"instock","13":"shipping-taxable","14":"purchasable","15":"product-type-simple"},"yoast_head":"<!-- This site is optimized with the Yoast SEO plugin v27.5 - https:\/\/yoast.com\/product\/yoast-seo-wordpress\/ -->\n<title>Olej parafinowy PURAFFIN 72 rej. NSF - 20 L - Chemax<\/title>\n<meta name=\"robots\" content=\"index, follow, max-snippet:-1, max-image-preview:large, max-video-preview:-1\" \/>\n<link rel=\"canonical\" href=\"https:\/\/chemax.eu\/en\/product\/olej-parafinowy-puraffin-72-nsf-20-l\/\" \/>\n<meta property=\"og:locale\" content=\"en_US\" \/>\n<meta property=\"og:type\" content=\"article\" \/>\n<meta property=\"og:title\" content=\"Olej parafinowy PURAFFIN 72 rej. NSF - 20 L - Chemax\" \/>\n<meta property=\"og:description\" content=\"PURAFFIN 72 to czysty i bezpieczny olej parafinowy wykorzystywany w r\u00f3\u017cnych bran\u017cach przemys\u0142owych. Posiada rejestracj\u0119 NSF.\" \/>\n<meta property=\"og:url\" content=\"https:\/\/chemax.eu\/en\/product\/olej-parafinowy-puraffin-72-nsf-20-l\/\" \/>\n<meta property=\"og:site_name\" content=\"Chemax\" \/>\n<meta property=\"article:modified_time\" content=\"2026-05-07T13:07:34+00:00\" \/>\n<meta property=\"og:image\" content=\"https:\/\/chemax.eu\/wp-content\/uploads\/2026\/01\/puraffin-72-NSF.png\" \/>\n\t<meta property=\"og:image:width\" content=\"800\" \/>\n\t<meta property=\"og:image:height\" content=\"800\" \/>\n\t<meta property=\"og:image:type\" content=\"image\/png\" \/>\n<meta name=\"twitter:card\" content=\"summary_large_image\" \/>\n<meta name=\"twitter:label1\" content=\"Est. reading time\" \/>\n\t<meta name=\"twitter:data1\" content=\"5 minutes\" \/>\n<script type=\"application\/ld+json\" class=\"yoast-schema-graph\">{\"@context\":\"https:\\\/\\\/schema.org\",\"@graph\":[{\"@type\":\"WebPage\",\"@id\":\"https:\\\/\\\/chemax.eu\\\/produkt\\\/olej-parafinowy-puraffin-72-nsf-20-l\\\/\",\"url\":\"https:\\\/\\\/chemax.eu\\\/produkt\\\/olej-parafinowy-puraffin-72-nsf-20-l\\\/\",\"name\":\"Olej parafinowy PURAFFIN 72 rej. NSF - 20 L - Chemax\",\"isPartOf\":{\"@id\":\"https:\\\/\\\/chemax.eu\\\/#website\"},\"primaryImageOfPage\":{\"@id\":\"https:\\\/\\\/chemax.eu\\\/produkt\\\/olej-parafinowy-puraffin-72-nsf-20-l\\\/#primaryimage\"},\"image\":{\"@id\":\"https:\\\/\\\/chemax.eu\\\/produkt\\\/olej-parafinowy-puraffin-72-nsf-20-l\\\/#primaryimage\"},\"thumbnailUrl\":\"https:\\\/\\\/chemax.eu\\\/wp-content\\\/uploads\\\/2026\\\/01\\\/puraffin-72-NSF.png\",\"datePublished\":\"2026-01-23T09:38:08+00:00\",\"dateModified\":\"2026-05-07T13:07:34+00:00\",\"breadcrumb\":{\"@id\":\"https:\\\/\\\/chemax.eu\\\/produkt\\\/olej-parafinowy-puraffin-72-nsf-20-l\\\/#breadcrumb\"},\"inLanguage\":\"en-US\",\"potentialAction\":[{\"@type\":\"ReadAction\",\"target\":[\"https:\\\/\\\/chemax.eu\\\/produkt\\\/olej-parafinowy-puraffin-72-nsf-20-l\\\/\"]}]},{\"@type\":\"ImageObject\",\"inLanguage\":\"en-US\",\"@id\":\"https:\\\/\\\/chemax.eu\\\/produkt\\\/olej-parafinowy-puraffin-72-nsf-20-l\\\/#primaryimage\",\"url\":\"https:\\\/\\\/chemax.eu\\\/wp-content\\\/uploads\\\/2026\\\/01\\\/puraffin-72-NSF.png\",\"contentUrl\":\"https:\\\/\\\/chemax.eu\\\/wp-content\\\/uploads\\\/2026\\\/01\\\/puraffin-72-NSF.png\",\"width\":800,\"height\":800},{\"@type\":\"BreadcrumbList\",\"@id\":\"https:\\\/\\\/chemax.eu\\\/produkt\\\/olej-parafinowy-puraffin-72-nsf-20-l\\\/#breadcrumb\",\"itemListElement\":[{\"@type\":\"ListItem\",\"position\":1,\"name\":\"Strona g\u0142\u00f3wna\",\"item\":\"https:\\\/\\\/chemax.eu\\\/\"},{\"@type\":\"ListItem\",\"position\":2,\"name\":\"Sklep\",\"item\":\"https:\\\/\\\/chemax.eu\\\/sklep\\\/\"},{\"@type\":\"ListItem\",\"position\":3,\"name\":\"Oleje parafinowe\",\"item\":\"https:\\\/\\\/chemax.eu\\\/kategoria-produktu\\\/oleje-parafinowe\\\/\"},{\"@type\":\"ListItem\",\"position\":4,\"name\":\"Olej parafinowy PURAFFIN 72 rej. NSF &#8211; 20 L\"}]},{\"@type\":\"WebSite\",\"@id\":\"https:\\\/\\\/chemax.eu\\\/#website\",\"url\":\"https:\\\/\\\/chemax.eu\\\/\",\"name\":\"Chemax\",\"description\":\"Oleje, surowce chemiczne i adiuwanty\",\"publisher\":{\"@id\":\"https:\\\/\\\/chemax.eu\\\/#organization\"},\"potentialAction\":[{\"@type\":\"SearchAction\",\"target\":{\"@type\":\"EntryPoint\",\"urlTemplate\":\"https:\\\/\\\/chemax.eu\\\/?s={search_term_string}\"},\"query-input\":{\"@type\":\"PropertyValueSpecification\",\"valueRequired\":true,\"valueName\":\"search_term_string\"}}],\"inLanguage\":\"en-US\"},{\"@type\":\"Organization\",\"@id\":\"https:\\\/\\\/chemax.eu\\\/#organization\",\"name\":\"Chemax Sp. z o.o. Sp.k.\",\"url\":\"https:\\\/\\\/chemax.eu\\\/\",\"logo\":{\"@type\":\"ImageObject\",\"inLanguage\":\"en-US\",\"@id\":\"https:\\\/\\\/chemax.eu\\\/#\\\/schema\\\/logo\\\/image\\\/\",\"url\":\"\",\"contentUrl\":\"\",\"caption\":\"Chemax Sp. z o.o. Sp.k.\"},\"image\":{\"@id\":\"https:\\\/\\\/chemax.eu\\\/#\\\/schema\\\/logo\\\/image\\\/\"}}]}<\/script>\n<!-- \/ Yoast SEO plugin. -->","yoast_head_json":{"title":"Olej parafinowy PURAFFIN 72 rej. NSF - 20 L - Chemax","robots":{"index":"index","follow":"follow","max-snippet":"max-snippet:-1","max-image-preview":"max-image-preview:large","max-video-preview":"max-video-preview:-1"},"canonical":"https:\/\/chemax.eu\/en\/product\/olej-parafinowy-puraffin-72-nsf-20-l\/","og_locale":"en_US","og_type":"article","og_title":"Olej parafinowy PURAFFIN 72 rej. NSF - 20 L - Chemax","og_description":"PURAFFIN 72 to czysty i bezpieczny olej parafinowy wykorzystywany w r\u00f3\u017cnych bran\u017cach przemys\u0142owych. Posiada rejestracj\u0119 NSF.","og_url":"https:\/\/chemax.eu\/en\/product\/olej-parafinowy-puraffin-72-nsf-20-l\/","og_site_name":"Chemax","article_modified_time":"2026-05-07T13:07:34+00:00","og_image":[{"width":800,"height":800,"url":"https:\/\/chemax.eu\/wp-content\/uploads\/2026\/01\/puraffin-72-NSF.png","type":"image\/png"}],"twitter_card":"summary_large_image","twitter_misc":{"Est. reading time":"5 minutes"},"schema":{"@context":"https:\/\/schema.org","@graph":[{"@type":"WebPage","@id":"https:\/\/chemax.eu\/produkt\/olej-parafinowy-puraffin-72-nsf-20-l\/","url":"https:\/\/chemax.eu\/produkt\/olej-parafinowy-puraffin-72-nsf-20-l\/","name":"Olej parafinowy PURAFFIN 72 rej. NSF - 20 L - Chemax","isPartOf":{"@id":"https:\/\/chemax.eu\/#website"},"primaryImageOfPage":{"@id":"https:\/\/chemax.eu\/produkt\/olej-parafinowy-puraffin-72-nsf-20-l\/#primaryimage"},"image":{"@id":"https:\/\/chemax.eu\/produkt\/olej-parafinowy-puraffin-72-nsf-20-l\/#primaryimage"},"thumbnailUrl":"https:\/\/chemax.eu\/wp-content\/uploads\/2026\/01\/puraffin-72-NSF.png","datePublished":"2026-01-23T09:38:08+00:00","dateModified":"2026-05-07T13:07:34+00:00","breadcrumb":{"@id":"https:\/\/chemax.eu\/produkt\/olej-parafinowy-puraffin-72-nsf-20-l\/#breadcrumb"},"inLanguage":"en-US","potentialAction":[{"@type":"ReadAction","target":["https:\/\/chemax.eu\/produkt\/olej-parafinowy-puraffin-72-nsf-20-l\/"]}]},{"@type":"ImageObject","inLanguage":"en-US","@id":"https:\/\/chemax.eu\/produkt\/olej-parafinowy-puraffin-72-nsf-20-l\/#primaryimage","url":"https:\/\/chemax.eu\/wp-content\/uploads\/2026\/01\/puraffin-72-NSF.png","contentUrl":"https:\/\/chemax.eu\/wp-content\/uploads\/2026\/01\/puraffin-72-NSF.png","width":800,"height":800},{"@type":"BreadcrumbList","@id":"https:\/\/chemax.eu\/produkt\/olej-parafinowy-puraffin-72-nsf-20-l\/#breadcrumb","itemListElement":[{"@type":"ListItem","position":1,"name":"Strona g\u0142\u00f3wna","item":"https:\/\/chemax.eu\/"},{"@type":"ListItem","position":2,"name":"Sklep","item":"https:\/\/chemax.eu\/sklep\/"},{"@type":"ListItem","position":3,"name":"Oleje parafinowe","item":"https:\/\/chemax.eu\/kategoria-produktu\/oleje-parafinowe\/"},{"@type":"ListItem","position":4,"name":"Olej parafinowy PURAFFIN 72 rej. NSF &#8211; 20 L"}]},{"@type":"WebSite","@id":"https:\/\/chemax.eu\/#website","url":"https:\/\/chemax.eu\/","name":"Chemax","description":"Oleje, surowce chemiczne i adiuwanty","publisher":{"@id":"https:\/\/chemax.eu\/#organization"},"potentialAction":[{"@type":"SearchAction","target":{"@type":"EntryPoint","urlTemplate":"https:\/\/chemax.eu\/?s={search_term_string}"},"query-input":{"@type":"PropertyValueSpecification","valueRequired":true,"valueName":"search_term_string"}}],"inLanguage":"en-US"},{"@type":"Organization","@id":"https:\/\/chemax.eu\/#organization","name":"Chemax Sp. z o.o. Sp.k.","url":"https:\/\/chemax.eu\/","logo":{"@type":"ImageObject","inLanguage":"en-US","@id":"https:\/\/chemax.eu\/#\/schema\/logo\/image\/","url":"","contentUrl":"","caption":"Chemax Sp. z o.o. Sp.k."},"image":{"@id":"https:\/\/chemax.eu\/#\/schema\/logo\/image\/"}}]}},"_links":{"self":[{"href":"https:\/\/chemax.eu\/en\/wp-json\/wp\/v2\/product\/11604","targetHints":{"allow":["GET"]}}],"collection":[{"href":"https:\/\/chemax.eu\/en\/wp-json\/wp\/v2\/product"}],"about":[{"href":"https:\/\/chemax.eu\/en\/wp-json\/wp\/v2\/types\/product"}],"version-history":[{"count":12,"href":"https:\/\/chemax.eu\/en\/wp-json\/wp\/v2\/product\/11604\/revisions"}],"predecessor-version":[{"id":11628,"href":"https:\/\/chemax.eu\/en\/wp-json\/wp\/v2\/product\/11604\/revisions\/11628"}],"wp:featuredmedia":[{"embeddable":true,"href":"https:\/\/chemax.eu\/en\/wp-json\/wp\/v2\/media\/11610"}],"wp:attachment":[{"href":"https:\/\/chemax.eu\/en\/wp-json\/wp\/v2\/media?parent=11604"}],"wp:term":[{"taxonomy":"product_brand","embeddable":true,"href":"https:\/\/chemax.eu\/en\/wp-json\/wp\/v2\/product_brand?post=11604"},{"taxonomy":"product_cat","embeddable":true,"href":"https:\/\/chemax.eu\/en\/wp-json\/wp\/v2\/product_cat?post=11604"},{"taxonomy":"product_tag","embeddable":true,"href":"https:\/\/chemax.eu\/en\/wp-json\/wp\/v2\/product_tag?post=11604"}],"curies":[{"name":"wp","href":"https:\/\/api.w.org\/{rel}","templated":true}]}}