{"id":11643,"date":"2026-01-27T17:11:32","date_gmt":"2026-01-27T16:11:32","guid":{"rendered":"https:\/\/chemax.eu\/?post_type=product&#038;p=11643"},"modified":"2026-02-09T15:58:40","modified_gmt":"2026-02-09T14:58:40","slug":"olej-parafinowy-olepa-agro-220-l","status":"publish","type":"product","link":"https:\/\/chemax.eu\/en\/product\/olej-parafinowy-olepa-agro-220-l\/","title":{"rendered":"Olej parafinowy OLEPA Agro &#8211; 220 L"},"content":{"rendered":"<h1>Olej parafinowy OLEPA Agro \u2013 220 L<\/h1>\n<p><strong>White Mineral Oil \/ Pharma Grade \/ CAS 8042\u201147\u20115<\/strong><\/p>\n<p>OLEPA Agro to wysokiej czysto\u015bci <strong>olej parafinowy mineralny 100%<\/strong>, klasy farmaceutycznej (White Mineral Oil, Pharma Grade), zgodny z normami <strong>Ph. Eur., USP, NF, BP, EP<\/strong>. Produkt jest bezbarwny, bezwonny i stabilny, dzi\u0119ki czemu stanowi uniwersalny komponent techniczny w zastosowaniach przemys\u0142owych oraz w bran\u017cy AGRO.<\/p>\n<p>W sektorze <strong>sadowniczym, rolniczym, ogrodniczym i weterynaryjnym<\/strong> olej parafinowy OLEPA Agro pe\u0142ni funkcj\u0119 <strong>substancji czynnej i bazowej w produktach formulacyjnych<\/strong>.<br \/>\nJest sk\u0142adnikiem wielu popularnych produkt\u00f3w oraz mieszanin wykorzystywanych m.in. w:<\/p>\n<ul>\n<li>rozwi\u0105zaniach ukierunkowanych na <strong>ograniczanie populacji szkodnik\u00f3w<\/strong>,<\/li>\n<li>technologiach pozwalaj\u0105cych na <strong>zmniejszenie zu\u017cycia \u015brodk\u00f3w ochrony ro\u015blin<\/strong>,<\/li>\n<li>formulacjach opracowywanych zgodnie z recepturami producent\u00f3w.<\/li>\n<\/ul>\n<p>Dzi\u0119ki wysokiej czysto\u015bci i w\u0142a\u015bciwo\u015bciom smarnym olej OLEPA Agro znajduje r\u00f3wnie\u017c zastosowanie <strong>na liniach produkcyjnych<\/strong>, gdzie wymagane s\u0105 stabilne, bezpieczne i neutralne oleje mineralne.<\/p>\n<p>Olej konfekcjonowany w du\u017cym opakowaniu typu beczka 220 L stanowi bardziej ekonomiczn\u0105 opcj\u0119 dla odbiorc\u00f3w wykorzystuj\u0105cych wi\u0119ksze ilo\u015bci surowca.<\/p>\n<h2>W\u0142a\u015bciwo\u015bci produktu<\/h2>\n<ul>\n<li>Olej parafinowy mineralny 100%<\/li>\n<li>Najwy\u017csza klasa czysto\u015bci (Ph. Eur. \/ USP \/ NF)<\/li>\n<li>Bezbarwny, bezwonny<\/li>\n<li>Stabilno\u015b\u0107 koloru +30 Saybolt<\/li>\n<li>Wolny od substancji rakotw\u00f3rczych, aflatoksyn, mykotoksyn, genotoksyn<\/li>\n<li>Bez metali ci\u0119\u017ckich (zgodno\u015b\u0107 z USP &lt;232&gt; i EMEA)<\/li>\n<li>Sprawdzony i skuteczny, od ponad 10 lat z powodzeniem u\u017cywany w bran\u017cy AGRO w Polsce<\/li>\n<li>Wyprodukowano we W\u0142oszech<\/li>\n<\/ul>\n<h2>Specyfikacja techniczna<\/h2>\n<table>\n<thead>\n<tr>\n<th>W\u0142a\u015bciwo\u015b\u0107<\/th>\n<th>Jednostka<\/th>\n<th>Metoda<\/th>\n<th>Specyfikacja<\/th>\n<th>Warto\u015b\u0107 typowa<\/th>\n<\/tr>\n<\/thead>\n<tbody>\n<tr>\n<td>G\u0119sto\u015b\u0107 (15\u00b0C)<\/td>\n<td>kg\/m\u00b3<\/td>\n<td>ASTM D1298<\/td>\n<td>835\u2013870<\/td>\n<td><\/td>\n<\/tr>\n<tr>\n<td>Lepko\u015b\u0107 kinematyczna (40\u00b0C)<\/td>\n<td>mm\u00b2\/s<\/td>\n<td>ASTM D445<\/td>\n<td>14\u201322<\/td>\n<td>18<\/td>\n<\/tr>\n<tr>\n<td>Lepko\u015b\u0107 dynamiczna (20\u00b0C)<\/td>\n<td>mPa\u00b7s<\/td>\n<td>Farmakopea (wszystkie ed.)<\/td>\n<td>25\u201355<\/td>\n<td><\/td>\n<\/tr>\n<tr>\n<td>Temperatura krzepni\u0119cia<\/td>\n<td>\u00b0C<\/td>\n<td>ASTM D97<\/td>\n<td>max. \u201312<\/td>\n<td>\u201315<\/td>\n<\/tr>\n<tr>\n<td>Temperatura zap\u0142onu<\/td>\n<td>\u00b0C<\/td>\n<td>ASTM D92<\/td>\n<td>min. 190<\/td>\n<td><\/td>\n<\/tr>\n<tr>\n<td>Kolor (Saybolt)<\/td>\n<td><\/td>\n<td><\/td>\n<td>+30<\/td>\n<td>+30<\/td>\n<\/tr>\n<tr>\n<td>Zapach<\/td>\n<td><\/td>\n<td><\/td>\n<td>brak<\/td>\n<td>brak<\/td>\n<\/tr>\n<tr>\n<td>Substancje \u0142atwo zw\u0119glaj\u0105ce si\u0119<\/td>\n<td><\/td>\n<td>Farmakopea (wszystkie ed.)<\/td>\n<td>\u2713<\/td>\n<td>\u2713<\/td>\n<\/tr>\n<tr>\n<td>WWA (PAH)<\/td>\n<td><\/td>\n<td>USP\/NF\/EUP<\/td>\n<td>\u2713<\/td>\n<td>\u2713<\/td>\n<\/tr>\n<tr>\n<td>Kwasowo\u015b\u0107 \/ zasadowo\u015b\u0107<\/td>\n<td><\/td>\n<td>USP\/NF\/EUP<\/td>\n<td>\u2713<\/td>\n<td>\u2713<\/td>\n<\/tr>\n<tr>\n<td>Sta\u0142e parafiny<\/td>\n<td><\/td>\n<td>USP\/NF\/EUP<\/td>\n<td>\u2713<\/td>\n<td>\u2713<\/td>\n<\/tr>\n<\/tbody>\n<\/table>\n<h2>Zgodno\u015b\u0107 i normy<\/h2>\n<p>OLEPA Agro spe\u0142nia wymagania:<\/p>\n<ul>\n<li>FUI, DAB, USP, NF, BP, EP<\/li>\n<li>FDA 172.878, 178.3620a, 573.680<\/li>\n<li>Norm europejskich i ameryka\u0144skich dotycz\u0105cych czysto\u015bci olej\u00f3w mineralnych<\/li>\n<\/ul>\n<p><a href=\"https:\/\/chemax.eu\/wp-content\/uploads\/2025\/02\/Karta-produktu-Olej-parafinowy-OLEPA-Chemax.pdf\">Karta informacyjna produktu (PDF)<\/a><\/p>\n<h2>Opakowanie<\/h2>\n<ul>\n<li>Beczka HDPE 220 L<\/li>\n<li>Dostawca: Chemax<\/li>\n<li>Nr CAS: 8042\u201147\u20115<\/li>\n<\/ul>","protected":false},"excerpt":{"rendered":"<p><b>OLEPA Agro<\/b> to czysty i bezpieczny olej parafinowy wykorzystywany w bran\u017cy AGRO &#8211; sadownictwo, rolnictwo, ogrodnictwo, vet.<\/p>","protected":false},"featured_media":11652,"template":"","meta":[],"product_brand":[108],"product_cat":[72],"product_tag":[],"class_list":{"0":"post-11643","1":"product","2":"type-product","3":"status-publish","4":"has-post-thumbnail","6":"product_brand-olepa-agro","7":"product_cat-oleje-parafinowe","8":"product_shipping_class-94","9":"pa_pojemnosc-105","11":"first","12":"instock","13":"shipping-taxable","14":"purchasable","15":"product-type-simple"},"yoast_head":"<!-- This site is optimized with the Yoast SEO plugin v27.5 - https:\/\/yoast.com\/product\/yoast-seo-wordpress\/ -->\n<title>Olej parafinowy OLEPA Agro - 220 L - Chemax<\/title>\n<meta name=\"robots\" content=\"index, follow, max-snippet:-1, max-image-preview:large, max-video-preview:-1\" \/>\n<link rel=\"canonical\" href=\"https:\/\/chemax.eu\/en\/product\/olej-parafinowy-olepa-agro-220-l\/\" \/>\n<meta property=\"og:locale\" content=\"en_US\" \/>\n<meta property=\"og:type\" content=\"article\" \/>\n<meta property=\"og:title\" content=\"Olej parafinowy OLEPA Agro - 220 L - Chemax\" \/>\n<meta property=\"og:description\" content=\"OLEPA Agro to czysty i bezpieczny olej parafinowy wykorzystywany w bran\u017cy AGRO - sadownictwo, rolnictwo, ogrodnictwo, vet.\" \/>\n<meta property=\"og:url\" content=\"https:\/\/chemax.eu\/en\/product\/olej-parafinowy-olepa-agro-220-l\/\" \/>\n<meta property=\"og:site_name\" content=\"Chemax\" \/>\n<meta property=\"article:modified_time\" content=\"2026-02-09T14:58:40+00:00\" \/>\n<meta property=\"og:image\" content=\"https:\/\/chemax.eu\/wp-content\/uploads\/2026\/01\/HDPE-220l-800x800-2.png\" \/>\n\t<meta property=\"og:image:width\" content=\"800\" \/>\n\t<meta property=\"og:image:height\" content=\"800\" \/>\n\t<meta property=\"og:image:type\" content=\"image\/png\" \/>\n<meta name=\"twitter:card\" content=\"summary_large_image\" \/>\n<meta name=\"twitter:label1\" content=\"Est. reading time\" \/>\n\t<meta name=\"twitter:data1\" content=\"3 minutes\" \/>\n<script type=\"application\/ld+json\" class=\"yoast-schema-graph\">{\"@context\":\"https:\\\/\\\/schema.org\",\"@graph\":[{\"@type\":\"WebPage\",\"@id\":\"https:\\\/\\\/chemax.eu\\\/produkt\\\/olej-parafinowy-olepa-agro-220-l\\\/\",\"url\":\"https:\\\/\\\/chemax.eu\\\/produkt\\\/olej-parafinowy-olepa-agro-220-l\\\/\",\"name\":\"Olej parafinowy OLEPA Agro - 220 L - Chemax\",\"isPartOf\":{\"@id\":\"https:\\\/\\\/chemax.eu\\\/#website\"},\"primaryImageOfPage\":{\"@id\":\"https:\\\/\\\/chemax.eu\\\/produkt\\\/olej-parafinowy-olepa-agro-220-l\\\/#primaryimage\"},\"image\":{\"@id\":\"https:\\\/\\\/chemax.eu\\\/produkt\\\/olej-parafinowy-olepa-agro-220-l\\\/#primaryimage\"},\"thumbnailUrl\":\"https:\\\/\\\/chemax.eu\\\/wp-content\\\/uploads\\\/2026\\\/01\\\/HDPE-220l-800x800-2.png\",\"datePublished\":\"2026-01-27T16:11:32+00:00\",\"dateModified\":\"2026-02-09T14:58:40+00:00\",\"breadcrumb\":{\"@id\":\"https:\\\/\\\/chemax.eu\\\/produkt\\\/olej-parafinowy-olepa-agro-220-l\\\/#breadcrumb\"},\"inLanguage\":\"en-US\",\"potentialAction\":[{\"@type\":\"ReadAction\",\"target\":[\"https:\\\/\\\/chemax.eu\\\/produkt\\\/olej-parafinowy-olepa-agro-220-l\\\/\"]}]},{\"@type\":\"ImageObject\",\"inLanguage\":\"en-US\",\"@id\":\"https:\\\/\\\/chemax.eu\\\/produkt\\\/olej-parafinowy-olepa-agro-220-l\\\/#primaryimage\",\"url\":\"https:\\\/\\\/chemax.eu\\\/wp-content\\\/uploads\\\/2026\\\/01\\\/HDPE-220l-800x800-2.png\",\"contentUrl\":\"https:\\\/\\\/chemax.eu\\\/wp-content\\\/uploads\\\/2026\\\/01\\\/HDPE-220l-800x800-2.png\",\"width\":800,\"height\":800},{\"@type\":\"BreadcrumbList\",\"@id\":\"https:\\\/\\\/chemax.eu\\\/produkt\\\/olej-parafinowy-olepa-agro-220-l\\\/#breadcrumb\",\"itemListElement\":[{\"@type\":\"ListItem\",\"position\":1,\"name\":\"Strona g\u0142\u00f3wna\",\"item\":\"https:\\\/\\\/chemax.eu\\\/\"},{\"@type\":\"ListItem\",\"position\":2,\"name\":\"Sklep\",\"item\":\"https:\\\/\\\/chemax.eu\\\/sklep\\\/\"},{\"@type\":\"ListItem\",\"position\":3,\"name\":\"Oleje parafinowe\",\"item\":\"https:\\\/\\\/chemax.eu\\\/kategoria-produktu\\\/oleje-parafinowe\\\/\"},{\"@type\":\"ListItem\",\"position\":4,\"name\":\"Olej parafinowy OLEPA Agro &#8211; 220 L\"}]},{\"@type\":\"WebSite\",\"@id\":\"https:\\\/\\\/chemax.eu\\\/#website\",\"url\":\"https:\\\/\\\/chemax.eu\\\/\",\"name\":\"Chemax\",\"description\":\"Oleje, surowce chemiczne i adiuwanty\",\"publisher\":{\"@id\":\"https:\\\/\\\/chemax.eu\\\/#organization\"},\"potentialAction\":[{\"@type\":\"SearchAction\",\"target\":{\"@type\":\"EntryPoint\",\"urlTemplate\":\"https:\\\/\\\/chemax.eu\\\/?s={search_term_string}\"},\"query-input\":{\"@type\":\"PropertyValueSpecification\",\"valueRequired\":true,\"valueName\":\"search_term_string\"}}],\"inLanguage\":\"en-US\"},{\"@type\":\"Organization\",\"@id\":\"https:\\\/\\\/chemax.eu\\\/#organization\",\"name\":\"Chemax Sp. z o.o. Sp.k.\",\"url\":\"https:\\\/\\\/chemax.eu\\\/\",\"logo\":{\"@type\":\"ImageObject\",\"inLanguage\":\"en-US\",\"@id\":\"https:\\\/\\\/chemax.eu\\\/#\\\/schema\\\/logo\\\/image\\\/\",\"url\":\"\",\"contentUrl\":\"\",\"caption\":\"Chemax Sp. z o.o. Sp.k.\"},\"image\":{\"@id\":\"https:\\\/\\\/chemax.eu\\\/#\\\/schema\\\/logo\\\/image\\\/\"}}]}<\/script>\n<!-- \/ Yoast SEO plugin. -->","yoast_head_json":{"title":"Olej parafinowy OLEPA Agro - 220 L - Chemax","robots":{"index":"index","follow":"follow","max-snippet":"max-snippet:-1","max-image-preview":"max-image-preview:large","max-video-preview":"max-video-preview:-1"},"canonical":"https:\/\/chemax.eu\/en\/product\/olej-parafinowy-olepa-agro-220-l\/","og_locale":"en_US","og_type":"article","og_title":"Olej parafinowy OLEPA Agro - 220 L - Chemax","og_description":"OLEPA Agro to czysty i bezpieczny olej parafinowy wykorzystywany w bran\u017cy AGRO - sadownictwo, rolnictwo, ogrodnictwo, vet.","og_url":"https:\/\/chemax.eu\/en\/product\/olej-parafinowy-olepa-agro-220-l\/","og_site_name":"Chemax","article_modified_time":"2026-02-09T14:58:40+00:00","og_image":[{"width":800,"height":800,"url":"https:\/\/chemax.eu\/wp-content\/uploads\/2026\/01\/HDPE-220l-800x800-2.png","type":"image\/png"}],"twitter_card":"summary_large_image","twitter_misc":{"Est. reading time":"3 minutes"},"schema":{"@context":"https:\/\/schema.org","@graph":[{"@type":"WebPage","@id":"https:\/\/chemax.eu\/produkt\/olej-parafinowy-olepa-agro-220-l\/","url":"https:\/\/chemax.eu\/produkt\/olej-parafinowy-olepa-agro-220-l\/","name":"Olej parafinowy OLEPA Agro - 220 L - Chemax","isPartOf":{"@id":"https:\/\/chemax.eu\/#website"},"primaryImageOfPage":{"@id":"https:\/\/chemax.eu\/produkt\/olej-parafinowy-olepa-agro-220-l\/#primaryimage"},"image":{"@id":"https:\/\/chemax.eu\/produkt\/olej-parafinowy-olepa-agro-220-l\/#primaryimage"},"thumbnailUrl":"https:\/\/chemax.eu\/wp-content\/uploads\/2026\/01\/HDPE-220l-800x800-2.png","datePublished":"2026-01-27T16:11:32+00:00","dateModified":"2026-02-09T14:58:40+00:00","breadcrumb":{"@id":"https:\/\/chemax.eu\/produkt\/olej-parafinowy-olepa-agro-220-l\/#breadcrumb"},"inLanguage":"en-US","potentialAction":[{"@type":"ReadAction","target":["https:\/\/chemax.eu\/produkt\/olej-parafinowy-olepa-agro-220-l\/"]}]},{"@type":"ImageObject","inLanguage":"en-US","@id":"https:\/\/chemax.eu\/produkt\/olej-parafinowy-olepa-agro-220-l\/#primaryimage","url":"https:\/\/chemax.eu\/wp-content\/uploads\/2026\/01\/HDPE-220l-800x800-2.png","contentUrl":"https:\/\/chemax.eu\/wp-content\/uploads\/2026\/01\/HDPE-220l-800x800-2.png","width":800,"height":800},{"@type":"BreadcrumbList","@id":"https:\/\/chemax.eu\/produkt\/olej-parafinowy-olepa-agro-220-l\/#breadcrumb","itemListElement":[{"@type":"ListItem","position":1,"name":"Strona g\u0142\u00f3wna","item":"https:\/\/chemax.eu\/"},{"@type":"ListItem","position":2,"name":"Sklep","item":"https:\/\/chemax.eu\/sklep\/"},{"@type":"ListItem","position":3,"name":"Oleje parafinowe","item":"https:\/\/chemax.eu\/kategoria-produktu\/oleje-parafinowe\/"},{"@type":"ListItem","position":4,"name":"Olej parafinowy OLEPA Agro &#8211; 220 L"}]},{"@type":"WebSite","@id":"https:\/\/chemax.eu\/#website","url":"https:\/\/chemax.eu\/","name":"Chemax","description":"Oleje, surowce chemiczne i adiuwanty","publisher":{"@id":"https:\/\/chemax.eu\/#organization"},"potentialAction":[{"@type":"SearchAction","target":{"@type":"EntryPoint","urlTemplate":"https:\/\/chemax.eu\/?s={search_term_string}"},"query-input":{"@type":"PropertyValueSpecification","valueRequired":true,"valueName":"search_term_string"}}],"inLanguage":"en-US"},{"@type":"Organization","@id":"https:\/\/chemax.eu\/#organization","name":"Chemax Sp. z o.o. Sp.k.","url":"https:\/\/chemax.eu\/","logo":{"@type":"ImageObject","inLanguage":"en-US","@id":"https:\/\/chemax.eu\/#\/schema\/logo\/image\/","url":"","contentUrl":"","caption":"Chemax Sp. z o.o. Sp.k."},"image":{"@id":"https:\/\/chemax.eu\/#\/schema\/logo\/image\/"}}]}},"_links":{"self":[{"href":"https:\/\/chemax.eu\/en\/wp-json\/wp\/v2\/product\/11643","targetHints":{"allow":["GET"]}}],"collection":[{"href":"https:\/\/chemax.eu\/en\/wp-json\/wp\/v2\/product"}],"about":[{"href":"https:\/\/chemax.eu\/en\/wp-json\/wp\/v2\/types\/product"}],"version-history":[{"count":4,"href":"https:\/\/chemax.eu\/en\/wp-json\/wp\/v2\/product\/11643\/revisions"}],"predecessor-version":[{"id":11653,"href":"https:\/\/chemax.eu\/en\/wp-json\/wp\/v2\/product\/11643\/revisions\/11653"}],"wp:featuredmedia":[{"embeddable":true,"href":"https:\/\/chemax.eu\/en\/wp-json\/wp\/v2\/media\/11652"}],"wp:attachment":[{"href":"https:\/\/chemax.eu\/en\/wp-json\/wp\/v2\/media?parent=11643"}],"wp:term":[{"taxonomy":"product_brand","embeddable":true,"href":"https:\/\/chemax.eu\/en\/wp-json\/wp\/v2\/product_brand?post=11643"},{"taxonomy":"product_cat","embeddable":true,"href":"https:\/\/chemax.eu\/en\/wp-json\/wp\/v2\/product_cat?post=11643"},{"taxonomy":"product_tag","embeddable":true,"href":"https:\/\/chemax.eu\/en\/wp-json\/wp\/v2\/product_tag?post=11643"}],"curies":[{"name":"wp","href":"https:\/\/api.w.org\/{rel}","templated":true}]}}