{"id":9061,"date":"2023-03-01T19:31:24","date_gmt":"2023-03-01T18:31:24","guid":{"rendered":"https:\/\/chemax.indrop.dev\/?post_type=product&#038;p=9061"},"modified":"2026-04-01T11:50:51","modified_gmt":"2026-04-01T09:50:51","slug":"olej-parafinowy-parafina-plynna","status":"publish","type":"product","link":"https:\/\/chemax.eu\/en\/product\/olej-parafinowy-parafina-plynna\/","title":{"rendered":"Olej parafinowy CHEMAX"},"content":{"rendered":"<div class=\"mpof_ki myre_zn myre_8v_l _0d3bd_SI-b1\">\n<div class=\"mp4t_16_s mryx_16_s mr3m_1 mli2_1 mh85_56 mh85_0_l\">\n<div class=\"mgn2_16 _0d3bd_r3bCg\">\n<p><a href=\"https:\/\/chemax.eu\/wp-content\/uploads\/2023\/03\/Bialy-olej-parafinowy-CHEMAX-PDS.pdf\">Download product sheet (PDF)<\/a><\/p>\n<h2>CHEMAX paraffin oil is a pure and safe mineral oil refined in the best European refineries. It meets the purity requirements of all international pharmacopoeias.<\/h2>\n<p>Many applications in the cosmetic, pharmaceutical, food, agricultural, chemical, textile and other industries.<\/p>\n<p>The oil can be found in various product lines, such as antibiotics, baby oils, lotions, creams, shampoos, sunscreens, baby wipes and many others.<\/p>\n<p>It is characterized by a perfectly stable and crystalline color. Chemically and biologically stable, it does not promote bacterial growth.<\/p>\n<\/div>\n<\/div>\n<\/div>\n<div class=\"mpof_ki myre_zn myre_8v_l _0d3bd_SI-b1\">\n<div class=\"mp4t_16_s mryx_16_s mr3m_1 mli2_1 mh85_56 mh85_0_l\">\n<div class=\"mgn2_16 _0d3bd_r3bCg\">\n<p><b>Properties:<\/b><\/p>\n<ul>\n<li>Top quality mineral oil<\/li>\n<li>Clear<\/li>\n<li>Odorless<\/li>\n<li><b>Pharmaceutical purity (Ph. Eur.\/USP\/NF)<\/b><\/li>\n<li>Excellent color stability<\/li>\n<li>Free from carcinogens, aflatoxins \/ mycotoxins \/ genotoxins<\/li>\n<li>Heavy metal free - complies with USP  and EMEA for elemental impurities and metal residues<\/li>\n<\/ul>\n<p><b>Food Contact:<\/b><\/p>\n<ul>\n<li>Compliant with Commission Regulation (EC) No. 10\/2011 of January 14, 2011 on plastic materials and articles intended to come into contact with foodstuffs<\/li>\n<li>Covers the requirements of the food industry in many countries, i.e. food law<\/li>\n<li>It is FDA-compliant, but keep in mind that these are U.S. regulations and NSF approval of the oil for food contact or as a food additive does not mean that the oil is approved for such use in European Union countries - local regulations must be followed<\/li>\n<\/ul>\n<\/div>\n<\/div>\n<\/div>","protected":false},"excerpt":{"rendered":"<p>Many applications in the cosmetic, pharmaceutical, food, agricultural, chemical, textile and other industries.<\/p>","protected":false},"featured_media":9065,"template":"","meta":[],"product_brand":[107],"product_cat":[72],"product_tag":[],"class_list":{"0":"post-9061","1":"product","2":"type-product","3":"status-publish","4":"has-post-thumbnail","6":"product_brand-chemax","7":"product_cat-oleje-parafinowe","8":"product_shipping_class-94","9":"pa_pojemnosc-100","10":"pa_pojemnosc-101","11":"pa_pojemnosc-105","12":"pa_pojemnosc-99","14":"first","15":"instock","16":"shipping-taxable","17":"purchasable","18":"product-type-variable"},"yoast_head":"<!-- This site is optimized with the Yoast SEO plugin v27.5 - https:\/\/yoast.com\/product\/yoast-seo-wordpress\/ -->\n<title>Olej parafinowy CHEMAX - Chemax<\/title>\n<meta name=\"robots\" content=\"index, follow, max-snippet:-1, max-image-preview:large, max-video-preview:-1\" \/>\n<link rel=\"canonical\" href=\"https:\/\/chemax.eu\/en\/product\/olej-parafinowy-parafina-plynna\/\" \/>\n<meta property=\"og:locale\" content=\"en_US\" \/>\n<meta property=\"og:type\" content=\"article\" \/>\n<meta property=\"og:title\" content=\"Olej parafinowy CHEMAX - Chemax\" \/>\n<meta property=\"og:description\" content=\"Wiele zastosowa\u0144 w przemy\u015ble kosmetycznym, farmaceutycznym, spo\u017cywczym, rolnym, chemicznym, tekstylnym i innych.\" \/>\n<meta property=\"og:url\" content=\"https:\/\/chemax.eu\/en\/product\/olej-parafinowy-parafina-plynna\/\" \/>\n<meta property=\"og:site_name\" content=\"Chemax\" \/>\n<meta property=\"article:modified_time\" content=\"2026-04-01T09:50:51+00:00\" \/>\n<meta property=\"og:image\" content=\"https:\/\/chemax.eu\/wp-content\/uploads\/2023\/03\/olej-parafinowy-zwykly-20l-chemax.png\" \/>\n\t<meta property=\"og:image:width\" content=\"1024\" \/>\n\t<meta property=\"og:image:height\" content=\"1024\" \/>\n\t<meta property=\"og:image:type\" content=\"image\/png\" \/>\n<meta name=\"twitter:card\" content=\"summary_large_image\" \/>\n<meta name=\"twitter:label1\" content=\"Est. reading time\" \/>\n\t<meta name=\"twitter:data1\" content=\"2 minutes\" \/>\n<script type=\"application\/ld+json\" class=\"yoast-schema-graph\">{\"@context\":\"https:\\\/\\\/schema.org\",\"@graph\":[{\"@type\":\"WebPage\",\"@id\":\"https:\\\/\\\/chemax.eu\\\/produkt\\\/olej-parafinowy-parafina-plynna\\\/\",\"url\":\"https:\\\/\\\/chemax.eu\\\/produkt\\\/olej-parafinowy-parafina-plynna\\\/\",\"name\":\"Olej parafinowy CHEMAX - Chemax\",\"isPartOf\":{\"@id\":\"https:\\\/\\\/chemax.eu\\\/#website\"},\"primaryImageOfPage\":{\"@id\":\"https:\\\/\\\/chemax.eu\\\/produkt\\\/olej-parafinowy-parafina-plynna\\\/#primaryimage\"},\"image\":{\"@id\":\"https:\\\/\\\/chemax.eu\\\/produkt\\\/olej-parafinowy-parafina-plynna\\\/#primaryimage\"},\"thumbnailUrl\":\"https:\\\/\\\/chemax.eu\\\/wp-content\\\/uploads\\\/2023\\\/03\\\/olej-parafinowy-zwykly-20l-chemax.png\",\"datePublished\":\"2023-03-01T18:31:24+00:00\",\"dateModified\":\"2026-04-01T09:50:51+00:00\",\"breadcrumb\":{\"@id\":\"https:\\\/\\\/chemax.eu\\\/produkt\\\/olej-parafinowy-parafina-plynna\\\/#breadcrumb\"},\"inLanguage\":\"en-US\",\"potentialAction\":[{\"@type\":\"ReadAction\",\"target\":[\"https:\\\/\\\/chemax.eu\\\/produkt\\\/olej-parafinowy-parafina-plynna\\\/\"]}]},{\"@type\":\"ImageObject\",\"inLanguage\":\"en-US\",\"@id\":\"https:\\\/\\\/chemax.eu\\\/produkt\\\/olej-parafinowy-parafina-plynna\\\/#primaryimage\",\"url\":\"https:\\\/\\\/chemax.eu\\\/wp-content\\\/uploads\\\/2023\\\/03\\\/olej-parafinowy-zwykly-20l-chemax.png\",\"contentUrl\":\"https:\\\/\\\/chemax.eu\\\/wp-content\\\/uploads\\\/2023\\\/03\\\/olej-parafinowy-zwykly-20l-chemax.png\",\"width\":1024,\"height\":1024,\"caption\":\"Olej parafinowy, parafina zwyk\u0142a\"},{\"@type\":\"BreadcrumbList\",\"@id\":\"https:\\\/\\\/chemax.eu\\\/produkt\\\/olej-parafinowy-parafina-plynna\\\/#breadcrumb\",\"itemListElement\":[{\"@type\":\"ListItem\",\"position\":1,\"name\":\"Strona g\u0142\u00f3wna\",\"item\":\"https:\\\/\\\/chemax.eu\\\/\"},{\"@type\":\"ListItem\",\"position\":2,\"name\":\"Sklep\",\"item\":\"https:\\\/\\\/chemax.eu\\\/sklep\\\/\"},{\"@type\":\"ListItem\",\"position\":3,\"name\":\"Oleje parafinowe\",\"item\":\"https:\\\/\\\/chemax.eu\\\/kategoria-produktu\\\/oleje-parafinowe\\\/\"},{\"@type\":\"ListItem\",\"position\":4,\"name\":\"Olej parafinowy CHEMAX\"}]},{\"@type\":\"WebSite\",\"@id\":\"https:\\\/\\\/chemax.eu\\\/#website\",\"url\":\"https:\\\/\\\/chemax.eu\\\/\",\"name\":\"Chemax\",\"description\":\"Oleje, surowce chemiczne i adiuwanty\",\"publisher\":{\"@id\":\"https:\\\/\\\/chemax.eu\\\/#organization\"},\"potentialAction\":[{\"@type\":\"SearchAction\",\"target\":{\"@type\":\"EntryPoint\",\"urlTemplate\":\"https:\\\/\\\/chemax.eu\\\/?s={search_term_string}\"},\"query-input\":{\"@type\":\"PropertyValueSpecification\",\"valueRequired\":true,\"valueName\":\"search_term_string\"}}],\"inLanguage\":\"en-US\"},{\"@type\":\"Organization\",\"@id\":\"https:\\\/\\\/chemax.eu\\\/#organization\",\"name\":\"Chemax Sp. z o.o. Sp.k.\",\"url\":\"https:\\\/\\\/chemax.eu\\\/\",\"logo\":{\"@type\":\"ImageObject\",\"inLanguage\":\"en-US\",\"@id\":\"https:\\\/\\\/chemax.eu\\\/#\\\/schema\\\/logo\\\/image\\\/\",\"url\":\"\",\"contentUrl\":\"\",\"caption\":\"Chemax Sp. z o.o. Sp.k.\"},\"image\":{\"@id\":\"https:\\\/\\\/chemax.eu\\\/#\\\/schema\\\/logo\\\/image\\\/\"}}]}<\/script>\n<!-- \/ Yoast SEO plugin. -->","yoast_head_json":{"title":"Olej parafinowy CHEMAX - Chemax","robots":{"index":"index","follow":"follow","max-snippet":"max-snippet:-1","max-image-preview":"max-image-preview:large","max-video-preview":"max-video-preview:-1"},"canonical":"https:\/\/chemax.eu\/en\/product\/olej-parafinowy-parafina-plynna\/","og_locale":"en_US","og_type":"article","og_title":"Olej parafinowy CHEMAX - Chemax","og_description":"Wiele zastosowa\u0144 w przemy\u015ble kosmetycznym, farmaceutycznym, spo\u017cywczym, rolnym, chemicznym, tekstylnym i innych.","og_url":"https:\/\/chemax.eu\/en\/product\/olej-parafinowy-parafina-plynna\/","og_site_name":"Chemax","article_modified_time":"2026-04-01T09:50:51+00:00","og_image":[{"width":1024,"height":1024,"url":"https:\/\/chemax.eu\/wp-content\/uploads\/2023\/03\/olej-parafinowy-zwykly-20l-chemax.png","type":"image\/png"}],"twitter_card":"summary_large_image","twitter_misc":{"Est. reading time":"2 minutes"},"schema":{"@context":"https:\/\/schema.org","@graph":[{"@type":"WebPage","@id":"https:\/\/chemax.eu\/produkt\/olej-parafinowy-parafina-plynna\/","url":"https:\/\/chemax.eu\/produkt\/olej-parafinowy-parafina-plynna\/","name":"Olej parafinowy CHEMAX - Chemax","isPartOf":{"@id":"https:\/\/chemax.eu\/#website"},"primaryImageOfPage":{"@id":"https:\/\/chemax.eu\/produkt\/olej-parafinowy-parafina-plynna\/#primaryimage"},"image":{"@id":"https:\/\/chemax.eu\/produkt\/olej-parafinowy-parafina-plynna\/#primaryimage"},"thumbnailUrl":"https:\/\/chemax.eu\/wp-content\/uploads\/2023\/03\/olej-parafinowy-zwykly-20l-chemax.png","datePublished":"2023-03-01T18:31:24+00:00","dateModified":"2026-04-01T09:50:51+00:00","breadcrumb":{"@id":"https:\/\/chemax.eu\/produkt\/olej-parafinowy-parafina-plynna\/#breadcrumb"},"inLanguage":"en-US","potentialAction":[{"@type":"ReadAction","target":["https:\/\/chemax.eu\/produkt\/olej-parafinowy-parafina-plynna\/"]}]},{"@type":"ImageObject","inLanguage":"en-US","@id":"https:\/\/chemax.eu\/produkt\/olej-parafinowy-parafina-plynna\/#primaryimage","url":"https:\/\/chemax.eu\/wp-content\/uploads\/2023\/03\/olej-parafinowy-zwykly-20l-chemax.png","contentUrl":"https:\/\/chemax.eu\/wp-content\/uploads\/2023\/03\/olej-parafinowy-zwykly-20l-chemax.png","width":1024,"height":1024,"caption":"Olej parafinowy, parafina zwyk\u0142a"},{"@type":"BreadcrumbList","@id":"https:\/\/chemax.eu\/produkt\/olej-parafinowy-parafina-plynna\/#breadcrumb","itemListElement":[{"@type":"ListItem","position":1,"name":"Strona g\u0142\u00f3wna","item":"https:\/\/chemax.eu\/"},{"@type":"ListItem","position":2,"name":"Sklep","item":"https:\/\/chemax.eu\/sklep\/"},{"@type":"ListItem","position":3,"name":"Oleje parafinowe","item":"https:\/\/chemax.eu\/kategoria-produktu\/oleje-parafinowe\/"},{"@type":"ListItem","position":4,"name":"Olej parafinowy CHEMAX"}]},{"@type":"WebSite","@id":"https:\/\/chemax.eu\/#website","url":"https:\/\/chemax.eu\/","name":"Chemax","description":"Oleje, surowce chemiczne i adiuwanty","publisher":{"@id":"https:\/\/chemax.eu\/#organization"},"potentialAction":[{"@type":"SearchAction","target":{"@type":"EntryPoint","urlTemplate":"https:\/\/chemax.eu\/?s={search_term_string}"},"query-input":{"@type":"PropertyValueSpecification","valueRequired":true,"valueName":"search_term_string"}}],"inLanguage":"en-US"},{"@type":"Organization","@id":"https:\/\/chemax.eu\/#organization","name":"Chemax Sp. z o.o. Sp.k.","url":"https:\/\/chemax.eu\/","logo":{"@type":"ImageObject","inLanguage":"en-US","@id":"https:\/\/chemax.eu\/#\/schema\/logo\/image\/","url":"","contentUrl":"","caption":"Chemax Sp. z o.o. Sp.k."},"image":{"@id":"https:\/\/chemax.eu\/#\/schema\/logo\/image\/"}}]}},"_links":{"self":[{"href":"https:\/\/chemax.eu\/en\/wp-json\/wp\/v2\/product\/9061","targetHints":{"allow":["GET"]}}],"collection":[{"href":"https:\/\/chemax.eu\/en\/wp-json\/wp\/v2\/product"}],"about":[{"href":"https:\/\/chemax.eu\/en\/wp-json\/wp\/v2\/types\/product"}],"version-history":[{"count":13,"href":"https:\/\/chemax.eu\/en\/wp-json\/wp\/v2\/product\/9061\/revisions"}],"predecessor-version":[{"id":10349,"href":"https:\/\/chemax.eu\/en\/wp-json\/wp\/v2\/product\/9061\/revisions\/10349"}],"wp:featuredmedia":[{"embeddable":true,"href":"https:\/\/chemax.eu\/en\/wp-json\/wp\/v2\/media\/9065"}],"wp:attachment":[{"href":"https:\/\/chemax.eu\/en\/wp-json\/wp\/v2\/media?parent=9061"}],"wp:term":[{"taxonomy":"product_brand","embeddable":true,"href":"https:\/\/chemax.eu\/en\/wp-json\/wp\/v2\/product_brand?post=9061"},{"taxonomy":"product_cat","embeddable":true,"href":"https:\/\/chemax.eu\/en\/wp-json\/wp\/v2\/product_cat?post=9061"},{"taxonomy":"product_tag","embeddable":true,"href":"https:\/\/chemax.eu\/en\/wp-json\/wp\/v2\/product_tag?post=9061"}],"curies":[{"name":"wp","href":"https:\/\/api.w.org\/{rel}","templated":true}]}}